{"id":52653,"date":"2024-04-18T12:19:57","date_gmt":"2024-04-18T10:19:57","guid":{"rendered":"https:\/\/www.raschvin.com\/produkt\/gelas-armagnac-30-ans-30-years-70-cl-40\/"},"modified":"2024-04-18T12:19:57","modified_gmt":"2024-04-18T10:19:57","slug":"gelas-armagnac-30-ans-30-years-70-cl-40","status":"publish","type":"product","link":"https:\/\/www.raschvin.com\/sv\/produkt\/gelas-armagnac-30-ans-30-years-70-cl-40\/","title":{"rendered":"Gelas Armagnac 30 Ans (30 Years) 70 cl. 40%"},"content":{"rendered":"<p>Med Gelas Armagnac 30 Ans b\u00f6rjar vi n\u00e4rma oss den riktigt gamla andan. Efter 30 t\u00e5lmodiga \u00e5r p\u00e5 ekfat har denna armagnac utvecklats till en mycket komplex smakupplevelse, som dock fortfarande har gott om fr\u00e4sch\u00f6r som s\u00e4kerst\u00e4ller att den inte \u00f6vermannar. Doften har tobaksnoter och torkad frukt, medan smaken \u00e4r m\u00f6rk och full av rostade n\u00f6tter och choklad.<\/p>\n<p>F\u00e4rg: Mahogny.<br \/>\nDoft: Ett \u00f6verfl\u00f6d av tobak, aprikos, jasmin och choklad.<br \/>\nSmaknoter: Djupa och m\u00f6rka smaker av kaffe, ingef\u00e4ra, rostade n\u00f6tter och mer choklad.<\/p>\n<p>Serveringsf\u00f6rslag: B\u00f6r avnjutas snyggt. En o\u00f6vertr\u00e4ffad digestif!<\/p>\n<p>Maison Gelas grundades 1865 och har i mer \u00e4n fyra generationer destillerat och \u00e5ldrat Armagnac under familjens eget namn. F\u00f6retaget finns i Bas Armagnac, som \u00e4r det minsta av Armagnacs tre distrikt. H\u00e4r har jorden en mycket speciell karakt\u00e4r, vilket ger de b\u00e4sta v\u00e4xtf\u00f6rh\u00e5llandena i ving\u00e5rdarna.<\/p>\n<p>Maison Gelas erbjuder ett brett utbud av Armagnacs. Familjen odlar druvorna sj\u00e4lva, destillerar spriten samt lagrar och buteljerar deras Armagnacs och har d\u00e4rf\u00f6r kontroll \u00f6ver produktens kvalitet fr\u00e5n b\u00f6rjan till slut. Av familjens m\u00e5nga specialiteter kan t.ex. n\u00e4mner ett antal exceptionella &#8221;monoc\u00e9page&#8221; eller &#8221;single grape&#8221; Armagnacs &#8211; allts\u00e5 ett antal &#8221;rena&#8221; och oblandade Armagnacs, d\u00e4r skillnaden i doft och smakintryck \u00e4r riktigt framtr\u00e4dande. Dessa buteljeras givetvis med fatstyrka och utan filtrering. Dessutom erbjuder Maison Gelas, \u00f6verl\u00e4gsen de flesta andra Armagnac-producenter, mer \u00e4n 90 olika vintage Armagnacs \u2013 \u00e4nda tillbaka till 1887.<\/p>\n<p>Sedan 2001 har Philippe Gelas f\u00f6rvaltat och utvecklat familjens omfattande sortiment. Philippe \u00e4r ocks\u00e5 f\u00f6rfattare till en fantastisk bok om Armagnac och det finns knappast en person som \u00e4r mer kunnig om omr\u00e5dets historia och produktionen av Armagnac.<\/p>\n","protected":false},"excerpt":{"rendered":"<p>Bas Armagnac \u2013 Maison Gelas \u2013 France<\/p>\n","protected":false},"featured_media":52696,"template":"","meta":{"_acf_changed":false,"rs_blank_template":"","rs_page_bg_color":"","slide_template_v7":""},"product_brand":[],"product_cat":[2388,2387],"product_tag":[],"class_list":{"0":"post-52653","1":"product","2":"type-product","3":"status-publish","4":"has-post-thumbnail","6":"product_cat-armagnac-marc-sv","7":"product_cat-avec-sv","8":"pa_lagring-30-sv","9":"pa_land-frankrike","10":"pa_procent-40-sv-2","11":"pa_producent-maison-gelas-sv","12":"pa_region-armagnac-sv","13":"pa_volume-70-sv-2","15":"first","16":"instock","17":"taxable","18":"shipping-taxable","19":"purchasable","20":"product-type-simple"},"bundled_by":[],"bundle_stock_status":"instock","bundle_stock_quantity":null,"bundle_virtual":false,"bundle_layout":"","bundle_add_to_cart_form_location":"","bundle_editable_in_cart":false,"bundle_sold_individually_context":"","bundle_item_grouping":"","bundle_min_size":"","bundle_max_size":"","bundle_price":[],"bundled_items":[],"bundle_sell_ids":[],"acf":[],"_links":{"self":[{"href":"https:\/\/www.raschvin.com\/sv\/wp-json\/wp\/v2\/product\/52653","targetHints":{"allow":["GET"]}}],"collection":[{"href":"https:\/\/www.raschvin.com\/sv\/wp-json\/wp\/v2\/product"}],"about":[{"href":"https:\/\/www.raschvin.com\/sv\/wp-json\/wp\/v2\/types\/product"}],"wp:featuredmedia":[{"embeddable":true,"href":"https:\/\/www.raschvin.com\/sv\/wp-json\/wp\/v2\/media\/52696"}],"wp:attachment":[{"href":"https:\/\/www.raschvin.com\/sv\/wp-json\/wp\/v2\/media?parent=52653"}],"wp:term":[{"taxonomy":"product_brand","embeddable":true,"href":"https:\/\/www.raschvin.com\/sv\/wp-json\/wp\/v2\/product_brand?post=52653"},{"taxonomy":"product_cat","embeddable":true,"href":"https:\/\/www.raschvin.com\/sv\/wp-json\/wp\/v2\/product_cat?post=52653"},{"taxonomy":"product_tag","embeddable":true,"href":"https:\/\/www.raschvin.com\/sv\/wp-json\/wp\/v2\/product_tag?post=52653"}],"curies":[{"name":"wp","href":"https:\/\/api.w.org\/{rel}","templated":true}]}}