{"id":52552,"date":"2024-04-18T11:05:48","date_gmt":"2024-04-18T09:05:48","guid":{"rendered":"https:\/\/www.raschvin.com\/produkt\/glen-scotia-18-years-70-cl-46\/"},"modified":"2024-04-18T11:05:48","modified_gmt":"2024-04-18T09:05:48","slug":"glen-scotia-18-years-70-cl-46","status":"publish","type":"product","link":"https:\/\/www.raschvin.com\/sv\/produkt\/glen-scotia-18-years-70-cl-46\/","title":{"rendered":"Glen Scotia \u2013 18 Years 70 cl. 46%"},"content":{"rendered":"<p>Glen Scotia 18 Years Old \u00e4r en single malt whisky fr\u00e5n Campbeltown-regionen i Skottland. Whiskyn tillbringar de f\u00f6rsta \u00e5ren p\u00e5 amerikanska ekfat, troligen ex-bourbon, innan den slutligen f\u00e5r en s\u00e5 kallad &#8221;finish&#8221; p\u00e5 olorosofat. Oloroso \u00e4r en torr gl\u00f6gg k\u00e4nd fr\u00e5n Jerez och Montilla-Moriles, och den m\u00f6rka frukten och n\u00f6tiga finishen som oloroson ger whiskyn \u00e4r verkligen perfekt j\u00e4mf\u00f6rt med Glen Scotia-profilen! Den buteljeras med den vanliga alkoholhalten p\u00e5 46 %.<\/p>\n<p>F\u00e4rg: Djupt gyllene.<br \/>\nDoft: Kola, valn\u00f6tter, honung och matsm\u00e4ltnings\u00e4mnen.<br \/>\nSmaknoter: Djup och bred smak av kanderad apelsin, honung, n\u00f6tter och russin.<\/p>\n<p>Serveringsf\u00f6rslag: B\u00f6r avnjutas snyggt.<\/p>\n<p>Glen Scotia ligger i Campbeltown i sydv\u00e4stra Skottland. Omr\u00e5det var k\u00e4nt f\u00f6rr i tiden som v\u00e4rldens whiskyhuvudstad, eftersom praktiskt taget hela staden var involverad i produktion eller f\u00f6rs\u00e4ljning (och utan tvekan konsumtion) av whisky. Idag finns det bara 3 aktiva destillerier: Springbank, Glengyle (Kilkerran) och Glen Scotia, men Campbeltown har fortfarande ett rykte om sig att vara den whiskysta platsen i v\u00e4rlden. H\u00e4r har det lilla destilleriet, som bara \u00e4r n\u00e5got st\u00f6rre \u00e4n Springbank, gjort whisky sedan 1832, om \u00e4n med m\u00e5nga avbrott p\u00e5 v\u00e4gen. Idag \u00e4gs det av Loch Lomond Group och destilleriet har producerat kontinuerligt sedan 1999, men inte med full kapacitet. S\u00e5 sent som 2011, n\u00e4r whiskyboomen redan var p\u00e5 god v\u00e4g, tillverkade Glen Scotia bara 130 000 liter, \u00e4ven om kapaciteten \u00e4r runt 800 000. Jag undrar om de har skruvat upp produktionen lite nu? Vi hoppas det!<\/p>\n<p>Stilen \u00e4r medelfyllig och salt, ibland bes\u00f6ks av sm\u00e5, flyktiga r\u00f6kpuffar. Glen Scotia g\u00f6r b\u00e5de or\u00f6kt och mellanr\u00f6kt whisky, dock med ett medvetet fokus p\u00e5 det f\u00f6rstn\u00e4mnda.<\/p>\n","protected":false},"excerpt":{"rendered":"<p>Campbeltown Single Malt Scotch Whisky<\/p>\n","protected":false},"featured_media":52594,"template":"","meta":{"_acf_changed":false,"rs_blank_template":"","rs_page_bg_color":"","slide_template_v7":""},"product_brand":[],"product_cat":[2392,9248,9433],"product_tag":[],"class_list":{"0":"post-52552","1":"product","2":"type-product","3":"status-publish","4":"has-post-thumbnail","6":"product_cat-whisky-sv","7":"product_cat-scotch-whisky","8":"product_cat-single-malt-scotch-whisky","9":"pa_land-skottland","10":"pa_procent-46-sv","11":"pa_producent-glen-scotia-sv","12":"pa_region-campbeltown-sv","13":"pa_volume-70-sv-2","15":"first","16":"instock","17":"taxable","18":"shipping-taxable","19":"purchasable","20":"product-type-simple"},"bundled_by":[],"bundle_stock_status":"instock","bundle_stock_quantity":null,"bundle_virtual":false,"bundle_layout":"","bundle_add_to_cart_form_location":"","bundle_editable_in_cart":false,"bundle_sold_individually_context":"","bundle_item_grouping":"","bundle_min_size":"","bundle_max_size":"","bundle_price":[],"bundled_items":[],"bundle_sell_ids":[],"acf":[],"_links":{"self":[{"href":"https:\/\/www.raschvin.com\/sv\/wp-json\/wp\/v2\/product\/52552","targetHints":{"allow":["GET"]}}],"collection":[{"href":"https:\/\/www.raschvin.com\/sv\/wp-json\/wp\/v2\/product"}],"about":[{"href":"https:\/\/www.raschvin.com\/sv\/wp-json\/wp\/v2\/types\/product"}],"wp:featuredmedia":[{"embeddable":true,"href":"https:\/\/www.raschvin.com\/sv\/wp-json\/wp\/v2\/media\/52594"}],"wp:attachment":[{"href":"https:\/\/www.raschvin.com\/sv\/wp-json\/wp\/v2\/media?parent=52552"}],"wp:term":[{"taxonomy":"product_brand","embeddable":true,"href":"https:\/\/www.raschvin.com\/sv\/wp-json\/wp\/v2\/product_brand?post=52552"},{"taxonomy":"product_cat","embeddable":true,"href":"https:\/\/www.raschvin.com\/sv\/wp-json\/wp\/v2\/product_cat?post=52552"},{"taxonomy":"product_tag","embeddable":true,"href":"https:\/\/www.raschvin.com\/sv\/wp-json\/wp\/v2\/product_tag?post=52552"}],"curies":[{"name":"wp","href":"https:\/\/api.w.org\/{rel}","templated":true}]}}