{"id":52546,"date":"2024-04-18T10:48:04","date_gmt":"2024-04-18T08:48:04","guid":{"rendered":"https:\/\/www.raschvin.com\/produkt\/teeling-whiskey-crystal-single-malt-70-cl-46\/"},"modified":"2024-04-18T10:48:04","modified_gmt":"2024-04-18T08:48:04","slug":"teeling-whiskey-crystal-single-malt-70-cl-46","status":"publish","type":"product","link":"https:\/\/www.raschvin.com\/sv\/produkt\/teeling-whiskey-crystal-single-malt-70-cl-46\/","title":{"rendered":"Teeling Whiskey \u2013 Crystal Single Malt 70 cl. 46%"},"content":{"rendered":"<p>Vi presenterar v\u00e4rldens f\u00f6rsta Crystal Malt Irish Whisky! Crystal Malt, en specialbryggningss\u00e4d med en historisk historia, har f\u00e4ngslat smakerna hos irl\u00e4ndska whiskyentusiaster \u00f6ver hela v\u00e4rlden. I ett banbrytande drag har Teeling \u00e5terupplivat denna exceptionella s\u00e4d och levererar en whisky som h\u00e4pnar med sin distinkta kolaliknande smak och subtila toner av tropiska frukter. Tillverkad genom en noggrann process d\u00e4r sockerarter som bildas naturligt under traditionell m\u00e4ltning kristalliseras, vilket ger en rikare smaksatt whisky, med en mer tr\u00f6gflytande munk\u00e4nsla. Processen \u00e4r ett rent bevis p\u00e5 hantverket att tillverka whisky, med temperatur, fuktniv\u00e5er och tid noggrant balanserade under malttorkningsprocessen.<\/p>\n<p>S\u00e5 det \u00e4r i princip en annan typ av maltkorn! Vi k\u00e4nner alla till Single Malt, och detta \u00e4r i grunden en variant av v\u00e5r prisbel\u00f6nta Single Malt Whisky. Men f\u00f6r denna whisky anv\u00e4nder vi en ny s\u00e4llan anv\u00e4nd extra ingrediens! \u00c4ven om det \u00e4r mycket vanligt i bryggeriindustrin, anv\u00e4nds Crystal Malted Barley s\u00e4llan f\u00f6r att producera irl\u00e4ndsk whisky, p\u00e5 grund av den l\u00e4gre m\u00e4ngden j\u00e4sbara enzymer. P\u00e5 Teeling Whisky tog v\u00e5r Master Distiller Master Blender Alex Chasko inspiration fr\u00e5n sin tid i bryggeribranschen, f\u00f6r att experimentera med Crystal Malted Barley f\u00f6r denna nya sp\u00e4nnande release!<\/p>\n<p>S\u00e5 hur g\u00f6rs det? Vad \u00e4r Crystal Malt? Jo, Crystal Malt genomg\u00e5r en speciell m\u00e4ltningsprocess d\u00e4r kornkornen ugns vid h\u00f6gre temperaturer. Dessa \u00e4r i ett slutet system som f\u00f6rhindrar att fukten kommer ut, vilket leder till karamellisering eller h\u00f6gre maillardreaktioner. Som ett resultat kan detta leda till fylligare, s\u00f6ta smaker, s\u00e5v\u00e4l som toner av torkad frukt. Dessutom skapar denna process en rad f\u00e4rgintensiteter i tv\u00e4tten. Fr\u00e5n ljusa b\u00e4rnstensf\u00e4rgade till djupr\u00f6da nyanser l\u00e4gger detta till en visuell tilltalande till slutprodukten. I whisky bidrar Crystal Malt till smakens djup och ger inslag av toffee, karamell och torkad frukt. P\u00e5 samma s\u00e4tt, i \u00f6l, ger det s\u00f6tma, kropp och en distinkt maltkarakt\u00e4r, vilket f\u00f6rb\u00e4ttrar den \u00f6vergripande dryckesupplevelsen.<\/p>\n<p>N\u00e4sa: Gr\u00f6nt \u00e4pple, stuvade p\u00e4ron, med inslag av farinsocker, vanilj och ljusa eksp\u00e5n.<\/p>\n<p>Smak: En skur av kola t\u00e4cker gommen med \u00e4ppelpajskrydda och f\u00e4rska bakverk, f\u00f6ljt av en honungss\u00f6tma.<\/p>\n<p>Finish: L\u00e5ng lyxig finish med toner av mjuk kanelkrydda och karamell.<\/p>\n","protected":false},"excerpt":{"rendered":"<p>Crystal Collection &#8211; Irish Whiskey<\/p>\n","protected":false},"featured_media":52579,"template":"","meta":{"_acf_changed":false,"rs_blank_template":"","rs_page_bg_color":"","slide_template_v7":""},"product_brand":[],"product_cat":[2392,4651,4768,9517],"product_tag":[],"class_list":{"0":"post-52546","1":"product","2":"type-product","3":"status-publish","4":"has-post-thumbnail","6":"product_cat-whisky-sv","7":"product_cat-single-malt-sv","8":"product_cat-irish-whiskey","9":"product_cat-single-malt-irish-whiskey","10":"pa_land-irland-sv","11":"pa_procent-46-sv","12":"pa_producent-teeling-sv","13":"pa_region-dublin-sv","14":"pa_traefad-virgin-american-oak-sv","15":"pa_volume-70-sv-2","17":"first","18":"instock","19":"sale","20":"taxable","21":"shipping-taxable","22":"purchasable","23":"product-type-simple"},"bundled_by":[],"bundle_stock_status":"instock","bundle_stock_quantity":null,"bundle_virtual":false,"bundle_layout":"","bundle_add_to_cart_form_location":"","bundle_editable_in_cart":false,"bundle_sold_individually_context":"","bundle_item_grouping":"","bundle_min_size":"","bundle_max_size":"","bundle_price":[],"bundled_items":[],"bundle_sell_ids":[],"acf":[],"_links":{"self":[{"href":"https:\/\/www.raschvin.com\/sv\/wp-json\/wp\/v2\/product\/52546","targetHints":{"allow":["GET"]}}],"collection":[{"href":"https:\/\/www.raschvin.com\/sv\/wp-json\/wp\/v2\/product"}],"about":[{"href":"https:\/\/www.raschvin.com\/sv\/wp-json\/wp\/v2\/types\/product"}],"wp:featuredmedia":[{"embeddable":true,"href":"https:\/\/www.raschvin.com\/sv\/wp-json\/wp\/v2\/media\/52579"}],"wp:attachment":[{"href":"https:\/\/www.raschvin.com\/sv\/wp-json\/wp\/v2\/media?parent=52546"}],"wp:term":[{"taxonomy":"product_brand","embeddable":true,"href":"https:\/\/www.raschvin.com\/sv\/wp-json\/wp\/v2\/product_brand?post=52546"},{"taxonomy":"product_cat","embeddable":true,"href":"https:\/\/www.raschvin.com\/sv\/wp-json\/wp\/v2\/product_cat?post=52546"},{"taxonomy":"product_tag","embeddable":true,"href":"https:\/\/www.raschvin.com\/sv\/wp-json\/wp\/v2\/product_tag?post=52546"}],"curies":[{"name":"wp","href":"https:\/\/api.w.org\/{rel}","templated":true}]}}