{"id":52542,"date":"2024-04-18T09:57:19","date_gmt":"2024-04-18T07:57:19","guid":{"rendered":"https:\/\/www.raschvin.com\/produkt\/blandys-madeira-rainwater-white-75-cl-18\/"},"modified":"2024-04-18T09:57:19","modified_gmt":"2024-04-18T07:57:19","slug":"blandys-madeira-rainwater-white-75-cl-18","status":"publish","type":"product","link":"https:\/\/www.raschvin.com\/sv\/produkt\/blandys-madeira-rainwater-white-75-cl-18\/","title":{"rendered":"Blandy\u2019s Madeira \u2013 Rainwater (White) 75 cl. 18%"},"content":{"rendered":"<p>Vinframst\u00e4llning:<br \/>\nBlandy&#8217;s Rainwater genomgick hudj\u00e4sning med naturlig j\u00e4st vid mellan 24\u00b0C &#8211; 26\u00b0C i temperaturkontrollerade rostfria st\u00e5ltankar. Efter ca. Efter 4 dagar sker f\u00f6rst\u00e4rkning med druvbrandy som stoppar j\u00e4sningen vid \u00f6nskad s\u00f6tma.<br \/>\nDruvsorter:<br \/>\nTinta Negra<\/p>\n<p>Smakanteckningar:<br \/>\nMjuk och frodig med smak av p\u00e4ron, aprikos och bakat \u00e4pple. Rik, sm\u00f6rig finish.<\/p>\n<p>Lagrings- och serverr\u00e5d:<br \/>\nServeras som aperitif vid en temperatur p\u00e5 10\u00baC. Serveras som dessertvin vid 16\u00baC.<\/p>\n<p>Matparning:<br \/>\nGott till efterr\u00e4tter. Kan serveras med frukt, speciellt ananas, fruktsallad, mustiga kakor, starka ostar eller choklad. \u00c4ven gott med kaffe som matsm\u00e4ltningshj\u00e4lp.<\/p>\n<p>Allergener:<br \/>\nInneh\u00e5ller sulfiter.<\/p>\n<p>Recensioner och priser:<br \/>\n. 85 po\u00e4ng i Robert Parker;<br \/>\n. 85 po\u00e4ng i CellarTracker.<\/p>\n","protected":false},"excerpt":{"rendered":"<p>White Meio Seco Medium Dry Madeira<\/p>\n","protected":false},"featured_media":52609,"template":"","meta":{"_acf_changed":false,"rs_blank_template":"","rs_page_bg_color":"","slide_template_v7":""},"product_brand":[],"product_cat":[2765,2768,2788],"product_tag":[],"class_list":{"0":"post-52542","1":"product","2":"type-product","3":"status-publish","4":"has-post-thumbnail","6":"product_cat-hedvin-sv","7":"product_cat-madeira-sv","8":"product_cat-vin-sv","9":"pa_drue-tinta-negra-mole-sv","10":"pa_land-portugal-sv","11":"pa_procent-18-sv","12":"pa_producent-blandys-sv","13":"pa_region-madeira-sv","14":"pa_volume-75-sv","16":"first","17":"instock","18":"taxable","19":"shipping-taxable","20":"purchasable","21":"product-type-simple"},"bundled_by":[],"bundle_stock_status":"instock","bundle_stock_quantity":null,"bundle_virtual":false,"bundle_layout":"","bundle_add_to_cart_form_location":"","bundle_editable_in_cart":false,"bundle_sold_individually_context":"","bundle_item_grouping":"","bundle_min_size":"","bundle_max_size":"","bundle_price":[],"bundled_items":[],"bundle_sell_ids":[],"acf":[],"_links":{"self":[{"href":"https:\/\/www.raschvin.com\/sv\/wp-json\/wp\/v2\/product\/52542","targetHints":{"allow":["GET"]}}],"collection":[{"href":"https:\/\/www.raschvin.com\/sv\/wp-json\/wp\/v2\/product"}],"about":[{"href":"https:\/\/www.raschvin.com\/sv\/wp-json\/wp\/v2\/types\/product"}],"wp:featuredmedia":[{"embeddable":true,"href":"https:\/\/www.raschvin.com\/sv\/wp-json\/wp\/v2\/media\/52609"}],"wp:attachment":[{"href":"https:\/\/www.raschvin.com\/sv\/wp-json\/wp\/v2\/media?parent=52542"}],"wp:term":[{"taxonomy":"product_brand","embeddable":true,"href":"https:\/\/www.raschvin.com\/sv\/wp-json\/wp\/v2\/product_brand?post=52542"},{"taxonomy":"product_cat","embeddable":true,"href":"https:\/\/www.raschvin.com\/sv\/wp-json\/wp\/v2\/product_cat?post=52542"},{"taxonomy":"product_tag","embeddable":true,"href":"https:\/\/www.raschvin.com\/sv\/wp-json\/wp\/v2\/product_tag?post=52542"}],"curies":[{"name":"wp","href":"https:\/\/api.w.org\/{rel}","templated":true}]}}