{"id":52539,"date":"2024-04-18T09:49:37","date_gmt":"2024-04-18T07:49:37","guid":{"rendered":"https:\/\/www.raschvin.com\/produkt\/blandys-madeira-duke-of-sussex-white-75-cl-19\/"},"modified":"2024-04-18T09:49:37","modified_gmt":"2024-04-18T07:49:37","slug":"blandys-madeira-duke-of-sussex-white-75-cl-19","status":"publish","type":"product","link":"https:\/\/www.raschvin.com\/sv\/produkt\/blandys-madeira-duke-of-sussex-white-75-cl-19\/","title":{"rendered":"Blandy\u2019s Madeira \u2013 Duke Of Sussex (White) 75 cl. 19%"},"content":{"rendered":"<p>Duke of Sussex \u00e4r en torr Madeira fr\u00e5n Blandy&#8217;s. Den \u00e4r gjord av tinta negra fr\u00e5n f\u00e4lt i Camara de Lobos p\u00e5 s\u00f6dra sidan av \u00f6n, som efter j\u00e4sning och bef\u00e4stning v\u00e4rms upp till mellan 45 och 50 grader under en period av 3 m\u00e5nader, innan den lagras i 3 \u00e5r p\u00e5 ekfat.<\/p>\n<p>Med torrt menar vi dock inte torrt \u2013 vinet inneh\u00e5ller 50 gram restsocker (per liter), vilket g\u00f6r att det faktiskt \u00e4r ganska s\u00f6tt. I Madeirasammanhang \u00e4r det dock ett torrt vin, och det finns gott om syra f\u00f6r att h\u00e5lla s\u00f6tman i balans. Det smakar j\u00e4ttegott!<\/p>\n<p>F\u00e4rg: Gyllene.<br \/>\nDoft: L\u00e4tt och delikat doft av citrus och n\u00f6tter.<br \/>\nSmaknoter: Fin balans mellan s\u00f6tma och syra i denna Madeira, som \u00e4r fyllig och fr\u00e4sch p\u00e5 samma g\u00e5ng.<\/p>\n<p>Serveringsf\u00f6rslag: Njut av den kyld, t.ex. till kryddiga indiska r\u00e4tter.<\/p>\n<p>Oavsett om du \u00e4r ute efter en bra men prisv\u00e4rd flaska eller en snygg frasquira fr\u00e5n ditt f\u00f6delse\u00e5r, \u00e4r Blandy&#8217;s det absolut b\u00e4sta valet. Det \u00e4r helt enkelt \u00f6ns fr\u00e4msta producent!<\/p>\n","protected":false},"excerpt":{"rendered":"<p>White Seco Dry Madeira<\/p>\n","protected":false},"featured_media":52606,"template":"","meta":{"_acf_changed":false,"rs_blank_template":"","rs_page_bg_color":"","slide_template_v7":""},"product_brand":[],"product_cat":[2765,2768],"product_tag":[],"class_list":{"0":"post-52539","1":"product","2":"type-product","3":"status-publish","4":"has-post-thumbnail","6":"product_cat-hedvin-sv","7":"product_cat-madeira-sv","8":"pa_land-portugal-sv","9":"pa_procent-19-sv","10":"pa_region-madeira-sv","11":"pa_volume-75-sv","13":"first","14":"instock","15":"taxable","16":"shipping-taxable","17":"purchasable","18":"product-type-simple"},"bundled_by":[],"bundle_stock_status":"instock","bundle_stock_quantity":null,"bundle_virtual":false,"bundle_layout":"","bundle_add_to_cart_form_location":"","bundle_editable_in_cart":false,"bundle_sold_individually_context":"","bundle_item_grouping":"","bundle_min_size":"","bundle_max_size":"","bundle_price":[],"bundled_items":[],"bundle_sell_ids":[],"acf":[],"_links":{"self":[{"href":"https:\/\/www.raschvin.com\/sv\/wp-json\/wp\/v2\/product\/52539","targetHints":{"allow":["GET"]}}],"collection":[{"href":"https:\/\/www.raschvin.com\/sv\/wp-json\/wp\/v2\/product"}],"about":[{"href":"https:\/\/www.raschvin.com\/sv\/wp-json\/wp\/v2\/types\/product"}],"wp:featuredmedia":[{"embeddable":true,"href":"https:\/\/www.raschvin.com\/sv\/wp-json\/wp\/v2\/media\/52606"}],"wp:attachment":[{"href":"https:\/\/www.raschvin.com\/sv\/wp-json\/wp\/v2\/media?parent=52539"}],"wp:term":[{"taxonomy":"product_brand","embeddable":true,"href":"https:\/\/www.raschvin.com\/sv\/wp-json\/wp\/v2\/product_brand?post=52539"},{"taxonomy":"product_cat","embeddable":true,"href":"https:\/\/www.raschvin.com\/sv\/wp-json\/wp\/v2\/product_cat?post=52539"},{"taxonomy":"product_tag","embeddable":true,"href":"https:\/\/www.raschvin.com\/sv\/wp-json\/wp\/v2\/product_tag?post=52539"}],"curies":[{"name":"wp","href":"https:\/\/api.w.org\/{rel}","templated":true}]}}