{"id":52536,"date":"2024-04-18T09:42:18","date_gmt":"2024-04-18T07:42:18","guid":{"rendered":"https:\/\/www.raschvin.com\/produkt\/blandys-madeira-duke-of-clarence-75-cl-19\/"},"modified":"2024-04-18T09:42:18","modified_gmt":"2024-04-18T07:42:18","slug":"blandys-madeira-duke-of-clarence-75-cl-19","status":"publish","type":"product","link":"https:\/\/www.raschvin.com\/sv\/produkt\/blandys-madeira-duke-of-clarence-75-cl-19\/","title":{"rendered":"Blandy\u2019s Madeira \u2013 Duke Of Clarence 75 cl. 19%"},"content":{"rendered":"<p>Duke of Clarence fr\u00e5n Blandy&#8217;s \u00e4r en 3-\u00e5rig, s\u00f6t Madeira. Den \u00e4r gjord av druvan tinta negra, som j\u00e4ses i st\u00e5ltankar med naturlig j\u00e4st tillsammans med druvskalen. Innan vinet j\u00e4ses helt torrt f\u00f6rst\u00e4rks det med druvsprit. Detta stoppar j\u00e4sningen och vinet beh\u00e5ller d\u00e4rmed cirka 120 gram restsocker (per liter), vilket ger en h\u00e4rlig s\u00f6tma. Vinet f\u00f6rs sedan \u00f6ver till Madeiras speciella estufagem-tankar, d\u00e4r det v\u00e4rms upp till mellan 45 och 50 grader under en period av tre m\u00e5nader, vilket bidrar till att ge den speciella smaken. D\u00e4refter lagras den p\u00e5 tr\u00e4tunnor. Det \u00e4r en l\u00e5ng och komplicerad process, men det finns ingen v\u00e4g runt det om det smakar r\u00e4tt!<br \/>\nDuke of Clarence \u00e4r en brittisk adelstitel, och en av de mest k\u00e4nda med denna titel var George Plantagenet, som enligt ryktet drunknade i ett fat fr\u00e5n Malmsey Madeira 1478.<\/p>\n<p>F\u00e4rg: Djupt gyllenbrun.<br \/>\nDoft: Charmig doft av honung och russin.<br \/>\nSmaknoter: Stor, fyllig och s\u00f6t i smaken, med toner av katrinplommon, russin och honung.<\/p>\n<p>Serveringsf\u00f6rslag: Servera den kyld. Perfekt f\u00f6r desserter med choklad, n\u00f6tter och liknande. H\u00e5ller sig bra i n\u00e5gra m\u00e5nader efter \u00f6ppnande om den f\u00f6rvaras svalt.<\/p>\n<p>Oavsett om du \u00e4r ute efter en bra men prisv\u00e4rd flaska eller en snygg frasquira fr\u00e5n ditt f\u00f6delse\u00e5r, \u00e4r Blandy&#8217;s det absolut b\u00e4sta valet. Det \u00e4r helt enkelt \u00f6ns fr\u00e4msta producent!<\/p>\n<p>Karaff<br \/>\n&#8221;Det mest s\u00e5lda m\u00e4rket av madeira, mycket f\u00f6rb\u00e4ttrat p\u00e5 senare tid, tillverkat av Tinta Negra och f\u00f6rem\u00e5l f\u00f6r estufagem i tre m\u00e5nader och sedan lagrat i upp till tre \u00e5r i gammal ek: r\u00f6d mahogny i f\u00e4rgen med h\u00e4rlig fruktkakadoft och rakt fram russinigt frukt, dess mjuka rikedom kompenseras av en frisk syra som f\u00f6rhindrar att avslutningen klumpar sig. &#8211; 89 po\u00e4ng<\/p>\n","protected":false},"excerpt":{"rendered":"<p>Dolce Rich Madeira<\/p>\n","protected":false},"featured_media":52561,"template":"","meta":{"_acf_changed":false,"rs_blank_template":"","rs_page_bg_color":"","slide_template_v7":""},"product_brand":[],"product_cat":[2768,2765],"product_tag":[],"class_list":{"0":"post-52536","1":"product","2":"type-product","3":"status-publish","4":"has-post-thumbnail","6":"product_cat-madeira-sv","7":"product_cat-hedvin-sv","8":"pa_land-portugal-sv","9":"pa_procent-19-sv","10":"pa_region-madeira-sv","11":"pa_volume-75-sv","13":"first","14":"instock","15":"taxable","16":"shipping-taxable","17":"purchasable","18":"product-type-simple"},"bundled_by":[],"bundle_stock_status":"instock","bundle_stock_quantity":null,"bundle_virtual":false,"bundle_layout":"","bundle_add_to_cart_form_location":"","bundle_editable_in_cart":false,"bundle_sold_individually_context":"","bundle_item_grouping":"","bundle_min_size":"","bundle_max_size":"","bundle_price":[],"bundled_items":[],"bundle_sell_ids":[],"acf":[],"_links":{"self":[{"href":"https:\/\/www.raschvin.com\/sv\/wp-json\/wp\/v2\/product\/52536","targetHints":{"allow":["GET"]}}],"collection":[{"href":"https:\/\/www.raschvin.com\/sv\/wp-json\/wp\/v2\/product"}],"about":[{"href":"https:\/\/www.raschvin.com\/sv\/wp-json\/wp\/v2\/types\/product"}],"wp:featuredmedia":[{"embeddable":true,"href":"https:\/\/www.raschvin.com\/sv\/wp-json\/wp\/v2\/media\/52561"}],"wp:attachment":[{"href":"https:\/\/www.raschvin.com\/sv\/wp-json\/wp\/v2\/media?parent=52536"}],"wp:term":[{"taxonomy":"product_brand","embeddable":true,"href":"https:\/\/www.raschvin.com\/sv\/wp-json\/wp\/v2\/product_brand?post=52536"},{"taxonomy":"product_cat","embeddable":true,"href":"https:\/\/www.raschvin.com\/sv\/wp-json\/wp\/v2\/product_cat?post=52536"},{"taxonomy":"product_tag","embeddable":true,"href":"https:\/\/www.raschvin.com\/sv\/wp-json\/wp\/v2\/product_tag?post=52536"}],"curies":[{"name":"wp","href":"https:\/\/api.w.org\/{rel}","templated":true}]}}