{"id":52530,"date":"2024-04-18T09:08:09","date_gmt":"2024-04-18T07:08:09","guid":{"rendered":"https:\/\/www.raschvin.com\/produkt\/blandys-madeira-vintage-bual-1972-75-cl-21\/"},"modified":"2024-04-18T09:08:09","modified_gmt":"2024-04-18T07:08:09","slug":"blandys-madeira-vintage-bual-1972-75-cl-21","status":"publish","type":"product","link":"https:\/\/www.raschvin.com\/sv\/produkt\/blandys-madeira-vintage-bual-1972-75-cl-21\/","title":{"rendered":"Blandy\u2019s Madeira \u2013 Vintage Bual 1972 75 cl. 21%"},"content":{"rendered":"<p>En magnifik gammal bual fr\u00e5n Blandy&#8217;s, lagrad svindlande 50 \u00e5r p\u00e5 amerikanska ekfat. Vinet b\u00f6rjar sin l\u00e5nga lagring p\u00e5 de \u00f6vre v\u00e5ningarna i Blandy&#8217;s Wine Lodge. Under de kommande 50 \u00e5ren flyttas vinet gradvis ner genom lagret till svalare och svalare golv. Vinmakarens viktigaste uppgift \u00e4r att skapa r\u00e4tt balans mellan friskhet och fyllighet just genom att flytta vinet i r\u00e4tt tid. Wine Spectator har kvitterat med 96 po\u00e4ng och Richard Mayson med 19\/20 po\u00e4ng.<\/p>\n<p>F\u00e4rg: Djup mahogny.<br \/>\nN\u00e4sa: Stenfrukt (plommon och torkad aprikos), gammal konjak med vanilj och varma kryddor.<br \/>\nSmaknoter: Stor fyllighet och perfekt balanserad s\u00f6tma (115 g\/L) till den darrande syran. Exotisk, kryddig, komplex och otroligt l\u00e5ng i eftersmaken.<\/p>\n<p>Serveringsf\u00f6rslag: Njut av l\u00e4tt kyld.<\/p>\n<p>Wine Spectator<br \/>\n96 po\u00e4ng<br \/>\nRichard Mayson<br \/>\n19 po\u00e4ng<\/p>\n","protected":false},"excerpt":{"rendered":"<p>Single Harvest Medium Rich Madeira<\/p>\n","protected":false},"featured_media":52627,"template":"","meta":{"_acf_changed":false,"rs_blank_template":"","rs_page_bg_color":"","slide_template_v7":""},"product_brand":[],"product_cat":[2765,2768],"product_tag":[],"class_list":{"0":"post-52530","1":"product","2":"type-product","3":"status-publish","4":"has-post-thumbnail","6":"product_cat-hedvin-sv","7":"product_cat-madeira-sv","8":"pa_champagne-type-single-vintage-sv","9":"pa_drue-bual-sv","10":"pa_land-portugal-sv","11":"pa_procent-21-sv","12":"pa_producent-blandys-sv","13":"pa_region-madeira-sv","14":"pa_vintage-1972-sv","15":"pa_volume-75-sv","17":"first","18":"instock","19":"taxable","20":"shipping-taxable","21":"purchasable","22":"product-type-simple"},"bundled_by":[],"bundle_stock_status":"instock","bundle_stock_quantity":null,"bundle_virtual":false,"bundle_layout":"","bundle_add_to_cart_form_location":"","bundle_editable_in_cart":false,"bundle_sold_individually_context":"","bundle_item_grouping":"","bundle_min_size":"","bundle_max_size":"","bundle_price":[],"bundled_items":[],"bundle_sell_ids":[],"acf":[],"_links":{"self":[{"href":"https:\/\/www.raschvin.com\/sv\/wp-json\/wp\/v2\/product\/52530","targetHints":{"allow":["GET"]}}],"collection":[{"href":"https:\/\/www.raschvin.com\/sv\/wp-json\/wp\/v2\/product"}],"about":[{"href":"https:\/\/www.raschvin.com\/sv\/wp-json\/wp\/v2\/types\/product"}],"wp:featuredmedia":[{"embeddable":true,"href":"https:\/\/www.raschvin.com\/sv\/wp-json\/wp\/v2\/media\/52627"}],"wp:attachment":[{"href":"https:\/\/www.raschvin.com\/sv\/wp-json\/wp\/v2\/media?parent=52530"}],"wp:term":[{"taxonomy":"product_brand","embeddable":true,"href":"https:\/\/www.raschvin.com\/sv\/wp-json\/wp\/v2\/product_brand?post=52530"},{"taxonomy":"product_cat","embeddable":true,"href":"https:\/\/www.raschvin.com\/sv\/wp-json\/wp\/v2\/product_cat?post=52530"},{"taxonomy":"product_tag","embeddable":true,"href":"https:\/\/www.raschvin.com\/sv\/wp-json\/wp\/v2\/product_tag?post=52530"}],"curies":[{"name":"wp","href":"https:\/\/api.w.org\/{rel}","templated":true}]}}