{"id":52527,"date":"2024-04-18T08:57:10","date_gmt":"2024-04-18T06:57:10","guid":{"rendered":"https:\/\/www.raschvin.com\/produkt\/blandys-madeira-vintage-malmsey-1981-75-cl-21\/"},"modified":"2024-04-18T08:57:10","modified_gmt":"2024-04-18T06:57:10","slug":"blandys-madeira-vintage-malmsey-1981-75-cl-21","status":"publish","type":"product","link":"https:\/\/www.raschvin.com\/sv\/produkt\/blandys-madeira-vintage-malmsey-1981-75-cl-21\/","title":{"rendered":"Blandy\u2019s Madeira \u2013 Vintage Malmsey 1981 75 cl. 21%"},"content":{"rendered":"<p>Blandy&#8217;s Malmsey 1981 \u00e4r en singelsk\u00f6rd madeira &#8211; en s\u00e5 kallad frasqueira, lagrad i 37 \u00e5r p\u00e5 amerikanska ekfat under Funchals fr\u00e4sande tak. Under lagringen flyttas vinet fr\u00e5n de hetaste golven ner genom de svalare \u2013 detta \u00e4r en v\u00e4sentlig del av lagringen och ger vinet karakt\u00e4r, komplexitet och den omissk\u00e4nnliga smaken av Madeira. Malmsey \u00e4r den s\u00f6taste typen, men syran \u00e4r fortfarande h\u00f6g, s\u00e5 trots 110 gram socker per liter framst\u00e5r vinet som fint och rakt.<\/p>\n<p>F\u00e4rg: Amber.<br \/>\nLukt: Ut\u00e5triktad och pratsam &#8221;n\u00e4sa&#8221; med toner av exotiska tr\u00e4slag, kanderad frukt, kryddor och r\u00f6k.<br \/>\nSmaknoter: S\u00f6t, mjuk och t\u00e4t, med en l\u00e5ng eftersmak som p\u00e5minner om gammalt konjak, honung och varma kryddor.<\/p>\n<p>Serveringsf\u00f6rslag: Njut av l\u00e4tt kyld.<\/p>\n<p>Robert Parkers vinadvokat<br \/>\n&#8221;Med dofter av kanderade dadlar, varma kryddor, cigarrr\u00f6k, kanderat skal och aromatiskt tr\u00e4, \u00e4r Malmsey fr\u00e5n 1981 medium till fyllig, djup och koncentrerad, med en elegant satinaktig attack, bra djup i den s\u00f6ta men attraktivt salta k\u00e4rnan och en l\u00e5ng, penetrerande men subtilt torkande finish.&#8221; &#8211; 91<\/p>\n<p>Wine Spectator<br \/>\n95 po\u00e4ng<\/p>\n","protected":false},"excerpt":{"rendered":"<p>Single Harvest Dole Rich Madeira<\/p>\n","protected":false},"featured_media":52612,"template":"","meta":{"_acf_changed":false,"rs_blank_template":"","rs_page_bg_color":"","slide_template_v7":""},"product_brand":[],"product_cat":[2765,2768],"product_tag":[],"class_list":{"0":"post-52527","1":"product","2":"type-product","3":"status-publish","4":"has-post-thumbnail","6":"product_cat-hedvin-sv","7":"product_cat-madeira-sv","8":"pa_champagne-type-single-vintage-sv","9":"pa_drue-malmsey-sv","10":"pa_land-portugal-sv","11":"pa_procent-21-sv","12":"pa_producent-blandys-sv","13":"pa_region-madeira-sv","14":"pa_vintage-1981-sv","15":"pa_volume-75-sv","17":"first","18":"instock","19":"taxable","20":"shipping-taxable","21":"purchasable","22":"product-type-simple"},"bundled_by":[],"bundle_stock_status":"instock","bundle_stock_quantity":null,"bundle_virtual":false,"bundle_layout":"","bundle_add_to_cart_form_location":"","bundle_editable_in_cart":false,"bundle_sold_individually_context":"","bundle_item_grouping":"","bundle_min_size":"","bundle_max_size":"","bundle_price":[],"bundled_items":[],"bundle_sell_ids":[],"acf":[],"_links":{"self":[{"href":"https:\/\/www.raschvin.com\/sv\/wp-json\/wp\/v2\/product\/52527","targetHints":{"allow":["GET"]}}],"collection":[{"href":"https:\/\/www.raschvin.com\/sv\/wp-json\/wp\/v2\/product"}],"about":[{"href":"https:\/\/www.raschvin.com\/sv\/wp-json\/wp\/v2\/types\/product"}],"wp:featuredmedia":[{"embeddable":true,"href":"https:\/\/www.raschvin.com\/sv\/wp-json\/wp\/v2\/media\/52612"}],"wp:attachment":[{"href":"https:\/\/www.raschvin.com\/sv\/wp-json\/wp\/v2\/media?parent=52527"}],"wp:term":[{"taxonomy":"product_brand","embeddable":true,"href":"https:\/\/www.raschvin.com\/sv\/wp-json\/wp\/v2\/product_brand?post=52527"},{"taxonomy":"product_cat","embeddable":true,"href":"https:\/\/www.raschvin.com\/sv\/wp-json\/wp\/v2\/product_cat?post=52527"},{"taxonomy":"product_tag","embeddable":true,"href":"https:\/\/www.raschvin.com\/sv\/wp-json\/wp\/v2\/product_tag?post=52527"}],"curies":[{"name":"wp","href":"https:\/\/api.w.org\/{rel}","templated":true}]}}