{"id":52522,"date":"2024-04-18T08:46:08","date_gmt":"2024-04-18T06:46:08","guid":{"rendered":"https:\/\/www.raschvin.com\/produkt\/blandys-madeira-vintage-sercial-1968-75-cl-21\/"},"modified":"2024-04-18T08:46:08","modified_gmt":"2024-04-18T06:46:08","slug":"blandys-madeira-vintage-sercial-1968-75-cl-21","status":"publish","type":"product","link":"https:\/\/www.raschvin.com\/sv\/produkt\/blandys-madeira-vintage-sercial-1968-75-cl-21\/","title":{"rendered":"Blandy\u2019s Madeira \u2013 Vintage Sercial 1968 75 cl. 21%"},"content":{"rendered":"<p>En fenomenalt vacker, ur\u00e5ldrig Madeira gjord p\u00e5 druvan Sercial, som ger relativt torra, strama och syrliga viner. Detta imponerande exempel \u00e4r fr\u00e5n 1968 \u00e5rs sk\u00f6rd, och har tillbringat hela 49 \u00e5r p\u00e5 amerikansk vita ekfat i det traditionella &#8221;Canteiro&#8221;-systemet. Totalt har 2 000 flaskor buteljerats. I Danmark finns det mindre \u00e4n ett dussin, och med 99\/100 po\u00e4ng fr\u00e5n Decanter \u00e4r den siffran i fritt fall. K\u00f6p medan du kan!<\/p>\n<p>F\u00e4rg: Djupt b\u00e4rnsten med en gr\u00f6naktig nyans i kanten.<br \/>\nDoft: L\u00e4tt r\u00f6kiga aromer, apelsinmarmelad, kanderad frukt. Kraftfull men elegant.<br \/>\nSmaknoter: Torrt, krispigt och med en vackert sjungande syra. Gripande komplexitet och l\u00e5ng, l\u00e5ng eftersmak.<\/p>\n<p>Serveringsf\u00f6rslag: Servera l\u00e4tt kyld. Meditationsvin.<\/p>\n<p>Decats<br \/>\n&#8221;The Blandys etablerade sig p\u00e5 Madeira 1811 och \u00e4r nu ansvarig f\u00f6r Madeira Wine Company. Lagrat i 49 \u00e5r p\u00e5 kryddade amerikanska ekfat innan buteljering 2017, detta vin \u00e4r mellandjupt b\u00e4rnstensf\u00e4rgat med en olivgr\u00f6n glint. Fina, upplyfta tr\u00e4r\u00f6kkarakt\u00e4rer p\u00e5 n\u00e4san doftar av h\u00f6stl\u00f6v och brasor. Den har kristalliserad frukt i gommen med rapierliknande kraft och intensitet. leder till en aptitretande fr\u00e4sch greengage-finish som ger efter f\u00f6r en touch av v\u00e4lsmakande komplexitet. &#8211; 99 po\u00e4ng<\/p>\n<p>Robert Parkers vinadvokat<br \/>\n&#8221;Tappad 2018 och mognad i 49 \u00e5r p\u00e5 erfarna amerikanska ekfat, 1968 Sercial uppvisar en komplex bukett av mocka, bakat \u00e4pple, praliner, dadlar, fint m\u00f6bellack och marmelad. I gommen \u00e4r den medium till fyllig, satinig och skarp, med syrliga syror, bra koncentration och en l\u00e5ng, exakt finish Med 59 gram per liter restsocker och tio gram total syra, \u00e4r det en syrlig Sercial som drar mycket nytta av luftning och blir allt mer komplett och integrerad: tv\u00e5 veckor. efter \u00f6ppning var det sista glaset definitivt det b\u00e4sta.&#8221; &#8211; 93 po\u00e4ng<\/p>\n","protected":false},"excerpt":{"rendered":"<p>Single Harvest Dry Madeira<\/p>\n","protected":false},"featured_media":52585,"template":"","meta":{"_acf_changed":false,"rs_blank_template":"","rs_page_bg_color":"","slide_template_v7":""},"product_brand":[],"product_cat":[2765,2768],"product_tag":[],"class_list":{"0":"post-52522","1":"product","2":"type-product","3":"status-publish","4":"has-post-thumbnail","6":"product_cat-hedvin-sv","7":"product_cat-madeira-sv","8":"pa_champagne-type-single-vintage-sv","9":"pa_drue-sercial-sv","10":"pa_land-portugal-sv","11":"pa_procent-21-sv","12":"pa_producent-blandys-sv","13":"pa_region-madeira-sv","14":"pa_vintage-1968-sv","15":"pa_volume-75-sv","17":"first","18":"instock","19":"taxable","20":"shipping-taxable","21":"purchasable","22":"product-type-simple"},"bundled_by":[],"bundle_stock_status":"instock","bundle_stock_quantity":null,"bundle_virtual":false,"bundle_layout":"","bundle_add_to_cart_form_location":"","bundle_editable_in_cart":false,"bundle_sold_individually_context":"","bundle_item_grouping":"","bundle_min_size":"","bundle_max_size":"","bundle_price":[],"bundled_items":[],"bundle_sell_ids":[],"acf":[],"_links":{"self":[{"href":"https:\/\/www.raschvin.com\/sv\/wp-json\/wp\/v2\/product\/52522","targetHints":{"allow":["GET"]}}],"collection":[{"href":"https:\/\/www.raschvin.com\/sv\/wp-json\/wp\/v2\/product"}],"about":[{"href":"https:\/\/www.raschvin.com\/sv\/wp-json\/wp\/v2\/types\/product"}],"wp:featuredmedia":[{"embeddable":true,"href":"https:\/\/www.raschvin.com\/sv\/wp-json\/wp\/v2\/media\/52585"}],"wp:attachment":[{"href":"https:\/\/www.raschvin.com\/sv\/wp-json\/wp\/v2\/media?parent=52522"}],"wp:term":[{"taxonomy":"product_brand","embeddable":true,"href":"https:\/\/www.raschvin.com\/sv\/wp-json\/wp\/v2\/product_brand?post=52522"},{"taxonomy":"product_cat","embeddable":true,"href":"https:\/\/www.raschvin.com\/sv\/wp-json\/wp\/v2\/product_cat?post=52522"},{"taxonomy":"product_tag","embeddable":true,"href":"https:\/\/www.raschvin.com\/sv\/wp-json\/wp\/v2\/product_tag?post=52522"}],"curies":[{"name":"wp","href":"https:\/\/api.w.org\/{rel}","templated":true}]}}