{"id":52518,"date":"2024-04-18T08:32:54","date_gmt":"2024-04-18T06:32:54","guid":{"rendered":"https:\/\/www.raschvin.com\/produkt\/blandys-madeira-4-pack-10-years-4x20-cl-20\/"},"modified":"2024-04-18T08:32:54","modified_gmt":"2024-04-18T06:32:54","slug":"blandys-madeira-4-pack-10-years-4x20-cl-20","status":"publish","type":"product","link":"https:\/\/www.raschvin.com\/sv\/produkt\/blandys-madeira-4-pack-10-years-4x20-cl-20\/","title":{"rendered":"Blandy\u2019s Madeira \u2013 4 Pack 10 Years 4&#215;20 cl. 20%"},"content":{"rendered":"<p>Ett perfekt tillf\u00e4lle att komma p\u00e5 djupet med ett av v\u00e4rldens mest underskattade viner: Madeira! Boxen inneh\u00e5ller 4 x 20 cl madeira fr\u00e5n Blandys: en Malmsey, en Verdelho, en Bual och en Sercial, alla 10 \u00e5r gamla, och ger d\u00e4rmed en bra \u00f6verblick \u00f6ver kategorins breda utbud \u2013 fr\u00e5n det helt s\u00f6ta till det fr\u00e4scha och elegant.<\/p>\n<p>Oavsett om du \u00e4r ute efter en bra men prisv\u00e4rd flaska eller en snygg frasquira fr\u00e5n ditt f\u00f6delse\u00e5r, \u00e4r Blandy&#8217;s det absolut b\u00e4sta valet. Det \u00e4r helt enkelt \u00f6ns fr\u00e4msta producent!<\/p>\n","protected":false},"excerpt":{"rendered":"<p>Ett perfekt tillf\u00e4lle att komma p\u00e5 djupet med ett av v\u00e4rldens mest underskattade viner: Madeira! Boxen inneh\u00e5ller 4 x 20 cl madeira fr\u00e5n Blandys: en Malmsey, en Verdelho, en Bual&#8230;<\/p>\n","protected":false},"featured_media":52564,"template":"","meta":{"_acf_changed":false,"rs_blank_template":"","rs_page_bg_color":"","slide_template_v7":""},"product_brand":[],"product_cat":[2765,2754,2753,2768,2758],"product_tag":[],"class_list":{"0":"post-52518","1":"product","2":"type-product","3":"status-publish","4":"has-post-thumbnail","6":"product_cat-hedvin-sv","7":"product_cat-foeretagspresenter","8":"product_cat-gaavor","9":"product_cat-madeira-sv","10":"product_cat-provsmakning-set","11":"pa_land-portugal-sv","12":"pa_procent-19-sv","13":"pa_region-madeira-sv","14":"pa_volume-80-sv","16":"first","17":"instock","18":"taxable","19":"shipping-taxable","20":"purchasable","21":"product-type-simple"},"bundled_by":[],"bundle_stock_status":"instock","bundle_stock_quantity":null,"bundle_virtual":false,"bundle_layout":"","bundle_add_to_cart_form_location":"","bundle_editable_in_cart":false,"bundle_sold_individually_context":"","bundle_item_grouping":"","bundle_min_size":"","bundle_max_size":"","bundle_price":[],"bundled_items":[],"bundle_sell_ids":[],"acf":[],"_links":{"self":[{"href":"https:\/\/www.raschvin.com\/sv\/wp-json\/wp\/v2\/product\/52518","targetHints":{"allow":["GET"]}}],"collection":[{"href":"https:\/\/www.raschvin.com\/sv\/wp-json\/wp\/v2\/product"}],"about":[{"href":"https:\/\/www.raschvin.com\/sv\/wp-json\/wp\/v2\/types\/product"}],"wp:featuredmedia":[{"embeddable":true,"href":"https:\/\/www.raschvin.com\/sv\/wp-json\/wp\/v2\/media\/52564"}],"wp:attachment":[{"href":"https:\/\/www.raschvin.com\/sv\/wp-json\/wp\/v2\/media?parent=52518"}],"wp:term":[{"taxonomy":"product_brand","embeddable":true,"href":"https:\/\/www.raschvin.com\/sv\/wp-json\/wp\/v2\/product_brand?post=52518"},{"taxonomy":"product_cat","embeddable":true,"href":"https:\/\/www.raschvin.com\/sv\/wp-json\/wp\/v2\/product_cat?post=52518"},{"taxonomy":"product_tag","embeddable":true,"href":"https:\/\/www.raschvin.com\/sv\/wp-json\/wp\/v2\/product_tag?post=52518"}],"curies":[{"name":"wp","href":"https:\/\/api.w.org\/{rel}","templated":true}]}}