{"id":52515,"date":"2024-04-18T08:26:30","date_gmt":"2024-04-18T06:26:30","guid":{"rendered":"https:\/\/www.raschvin.com\/produkt\/blandys-madeira-30-years-bual-50-cl-20\/"},"modified":"2024-04-18T08:26:30","modified_gmt":"2024-04-18T06:26:30","slug":"blandys-madeira-30-years-bual-50-cl-20","status":"publish","type":"product","link":"https:\/\/www.raschvin.com\/sv\/produkt\/blandys-madeira-30-years-bual-50-cl-20\/","title":{"rendered":"Blandy\u2019s Madeira \u2013 30 Years Bual 50 cl. 20%"},"content":{"rendered":"<p>Blandy&#8217;s har skickat oss n\u00e5gra flaskor av en frodig, dekadent och kr\u00e4mig bual som lagrats i hela 30 \u00e5r i det traditionella canteiro-systemet. Det \u00e4r verkligen en p\u00e4rla! Vinet \u00e4r en sammans\u00e4ttning av 5 av de b\u00e4sta \u00e5rg\u00e5ngarna fr\u00e5n de senaste 30 \u00e5ren, och det har en medel\u00e5lder p\u00e5 32 \u00e5r. Det yngsta vinet i blandningen \u00e4r 11 \u00e5r och det \u00e4ldsta \u00e4r 47. Och varf\u00f6r denna blandning? Ja, Blandy&#8217;s f\u00f6rklarar att de har f\u00f6rs\u00f6kt hitta den perfekta balansen mellan friskhet och mognad, syra och s\u00f6tma. Vi tycker att vi har lyckats ganska bra.<\/p>\n<p>Det finns 90 gram restsocker per liter.<\/p>\n<p>F\u00e4rg: M\u00f6rk b\u00e4rnsten.<br \/>\nDoft: Superkomplex doft av aprikos, persika, citrusskal och vitpeppar.<br \/>\nSmaknoter: T\u00e4t, intensiv, s\u00f6t och med mycket syra, s\u00e5 att munnen vattnas. M\u00e5nga lager av torkad frukt, kryddor, stenfrukt och citrus.<\/p>\n<p>Serveringsf\u00f6rslag: Njut av det l\u00e4tt kylt som ett meditationsvin.<\/p>\n<p>Oavsett om du \u00e4r ute efter en bra men prisv\u00e4rd flaska eller en snygg frasquira fr\u00e5n ditt f\u00f6delse\u00e5r, \u00e4r Blandy&#8217;s det absolut b\u00e4sta valet. Det \u00e4r helt enkelt \u00f6ns fr\u00e4msta producent!<\/p>\n","protected":false},"excerpt":{"rendered":"<p>Medium Rich Madeira<\/p>\n","protected":false},"featured_media":52567,"template":"","meta":{"_acf_changed":false,"rs_blank_template":"","rs_page_bg_color":"","slide_template_v7":""},"product_brand":[],"product_cat":[2765,2768],"product_tag":[],"class_list":{"0":"post-52515","1":"product","2":"type-product","3":"status-publish","4":"has-post-thumbnail","6":"product_cat-hedvin-sv","7":"product_cat-madeira-sv","8":"pa_land-portugal-sv","9":"pa_procent-20-sv","10":"pa_region-madeira-sv","11":"pa_volume-50-sv","13":"first","14":"instock","15":"taxable","16":"shipping-taxable","17":"purchasable","18":"product-type-simple"},"bundled_by":[],"bundle_stock_status":"instock","bundle_stock_quantity":null,"bundle_virtual":false,"bundle_layout":"","bundle_add_to_cart_form_location":"","bundle_editable_in_cart":false,"bundle_sold_individually_context":"","bundle_item_grouping":"","bundle_min_size":"","bundle_max_size":"","bundle_price":[],"bundled_items":[],"bundle_sell_ids":[],"acf":[],"_links":{"self":[{"href":"https:\/\/www.raschvin.com\/sv\/wp-json\/wp\/v2\/product\/52515","targetHints":{"allow":["GET"]}}],"collection":[{"href":"https:\/\/www.raschvin.com\/sv\/wp-json\/wp\/v2\/product"}],"about":[{"href":"https:\/\/www.raschvin.com\/sv\/wp-json\/wp\/v2\/types\/product"}],"wp:featuredmedia":[{"embeddable":true,"href":"https:\/\/www.raschvin.com\/sv\/wp-json\/wp\/v2\/media\/52567"}],"wp:attachment":[{"href":"https:\/\/www.raschvin.com\/sv\/wp-json\/wp\/v2\/media?parent=52515"}],"wp:term":[{"taxonomy":"product_brand","embeddable":true,"href":"https:\/\/www.raschvin.com\/sv\/wp-json\/wp\/v2\/product_brand?post=52515"},{"taxonomy":"product_cat","embeddable":true,"href":"https:\/\/www.raschvin.com\/sv\/wp-json\/wp\/v2\/product_cat?post=52515"},{"taxonomy":"product_tag","embeddable":true,"href":"https:\/\/www.raschvin.com\/sv\/wp-json\/wp\/v2\/product_tag?post=52515"}],"curies":[{"name":"wp","href":"https:\/\/api.w.org\/{rel}","templated":true}]}}