{"id":52395,"date":"2025-01-15T09:29:57","date_gmt":"2025-01-15T08:29:57","guid":{"rendered":"https:\/\/www.raschvin.com\/produkt\/blandys-madeira-10-years-malmsey-50-cl-19\/"},"modified":"2026-01-15T09:31:30","modified_gmt":"2026-01-15T08:31:30","slug":"blandys-madeira-10-years-malmsey-50-cl-19","status":"publish","type":"product","link":"https:\/\/www.raschvin.com\/sv\/produkt\/blandys-madeira-10-years-malmsey-50-cl-19\/","title":{"rendered":"Blandy\u2019s Madeira \u2013 10 Years Malmsey 70 cl. 19%"},"content":{"rendered":"<p>Blandy&#8217;s Malmsey 10 Years Old \u00e4r en s\u00f6t madeira gjord p\u00e5 Malmsey-druvan, som \u00e4ven kallas Malvasia. Blandy&#8217;s arbetar med 26 olika Malmsey-odlare, fr\u00e4mst i norra delen av \u00f6n. Vinerna lagras i genomsnitt 10 \u00e5r p\u00e5 amerikanska vita ekfat i det traditionella &#8221;Canteiro&#8221;-systemet, d\u00e4r vinet gradvis flyttas fr\u00e5n lagrets \u00f6vre v\u00e5ningar, d\u00e4r det \u00e4r som varmast, till de l\u00e4gre, d\u00e4r temperaturen droppar. Endast med denna metod f\u00e5r vinet exakt r\u00e4tt balans, koncentration och precision!<\/p>\n<p>F\u00e4rg: Gyllene brun.<br \/>\nDoft: Fikonsylt, br\u00e4nt socker och valn\u00f6tter.<br \/>\nSmaknoter: Rik och intensiv, med b\u00e5de s\u00f6tma och syra. Fyller munnen fint med toner av torkad aprikos, fikon och rostade n\u00f6tter.<\/p>\n<p>Serveringsf\u00f6rslag: Perfekt att avnjuta l\u00e4tt kyld till t.ex. kakor eller chokladdesserter.<\/p>\n<p>\u00c4ven om det \u00e4r det ber\u00f6mda Madeira Wine Company \u2013 en av de viktigaste producenterna p\u00e5 Madeira \u2013 som marknadsf\u00f6r och distribuerar Blandy&#8217;s Madeira, \u00e4r det fortfarande Blandys familj som \u00e4ger ving\u00e5rden och ving\u00e5rdarna och g\u00f6r vinerna. Sju generationer av samma familj har avl\u00f6st varandra sedan 1811, och idag \u00e4r f\u00f6retaget den enda producenten p\u00e5 Madeira som fortfarande \u00e4gs av en enda familj, som naturligtvis bor p\u00e5 \u00f6n! Ving\u00e5rden har spelat en avg\u00f6rande roll i produktionen av Madeira genom \u00e5ren, b\u00e5de f\u00f6r odlingstraditionen och de typiska produktionsteknikerna som anv\u00e4nds p\u00e5 \u00f6n.<\/p>\n<p>Blandy&#8217;s Madeira \u00e4ger ving\u00e5rdar p\u00e5 flera platser p\u00e5 \u00f6n, bl.a i S\u00e3o Jorge (150-200 m.a.s.l.), S\u00e3o Vicente (norra kusten, 300-400 m.a.s.l.), Porto Moniz (norr), Seixal (norr) och C\u00e2mara de Lobos (s\u00f6dra kust) (upp till 500 m.a.s.l.). Dessutom har vineriet l\u00e5ngsiktiga avtal f\u00f6r leverans av druvor med 26 olika sm\u00e5odlare i de flesta vinregioner. Druvorna vinifieras p\u00e5 f\u00f6retagets ving\u00e5rd norr om huvudstaden Funchal och mognas sedan b\u00e5de p\u00e5 fastigheten och i Blandys ber\u00f6mda k\u00e4llare i centrum av staden. Varje typ av Madeira f\u00e5r ett anpassat antal \u00e5r p\u00e5 fat och vinerna buteljeras f\u00f6rst n\u00e4r de \u00e4r optimalt utvecklade. De \u00e4r klara att servera efter buteljering och beh\u00f6ver d\u00e4rf\u00f6r ingen ytterligare f\u00f6rvaring i flaskan.<\/p>\n","protected":false},"excerpt":{"rendered":"<p>Dolce Rich Madeira<\/p>\n","protected":false},"featured_media":112988,"template":"","meta":{"_acf_changed":false,"rs_blank_template":"","rs_page_bg_color":"","slide_template_v7":""},"product_brand":[],"product_cat":[2765,2768],"product_tag":[],"class_list":{"0":"post-52395","1":"product","2":"type-product","3":"status-publish","4":"has-post-thumbnail","6":"product_cat-hedvin-sv","7":"product_cat-madeira-sv","8":"pa_drue-malmsey-sv","9":"pa_land-portugal-sv","10":"pa_procent-19-sv","11":"pa_producent-blandys-sv","12":"pa_region-madeira-sv","13":"pa_volume-70-sv-2","15":"first","16":"instock","17":"sale","18":"taxable","19":"shipping-taxable","20":"purchasable","21":"product-type-simple"},"bundled_by":[],"bundle_stock_status":"instock","bundle_stock_quantity":null,"bundle_virtual":false,"bundle_layout":"","bundle_add_to_cart_form_location":"","bundle_editable_in_cart":false,"bundle_sold_individually_context":"","bundle_item_grouping":"","bundle_min_size":"","bundle_max_size":"","bundle_price":[],"bundled_items":[],"bundle_sell_ids":[],"acf":[],"_links":{"self":[{"href":"https:\/\/www.raschvin.com\/sv\/wp-json\/wp\/v2\/product\/52395","targetHints":{"allow":["GET"]}}],"collection":[{"href":"https:\/\/www.raschvin.com\/sv\/wp-json\/wp\/v2\/product"}],"about":[{"href":"https:\/\/www.raschvin.com\/sv\/wp-json\/wp\/v2\/types\/product"}],"wp:featuredmedia":[{"embeddable":true,"href":"https:\/\/www.raschvin.com\/sv\/wp-json\/wp\/v2\/media\/112988"}],"wp:attachment":[{"href":"https:\/\/www.raschvin.com\/sv\/wp-json\/wp\/v2\/media?parent=52395"}],"wp:term":[{"taxonomy":"product_brand","embeddable":true,"href":"https:\/\/www.raschvin.com\/sv\/wp-json\/wp\/v2\/product_brand?post=52395"},{"taxonomy":"product_cat","embeddable":true,"href":"https:\/\/www.raschvin.com\/sv\/wp-json\/wp\/v2\/product_cat?post=52395"},{"taxonomy":"product_tag","embeddable":true,"href":"https:\/\/www.raschvin.com\/sv\/wp-json\/wp\/v2\/product_tag?post=52395"}],"curies":[{"name":"wp","href":"https:\/\/api.w.org\/{rel}","templated":true}]}}