{"id":52392,"date":"2024-04-17T08:18:20","date_gmt":"2024-04-17T06:18:20","guid":{"rendered":"https:\/\/www.raschvin.com\/produkt\/la-gauloise-liqueur-bicentenaire-jaune-70-cl-40\/"},"modified":"2024-04-17T08:18:20","modified_gmt":"2024-04-17T06:18:20","slug":"la-gauloise-liqueur-bicentenaire-jaune-70-cl-40","status":"publish","type":"product","link":"https:\/\/www.raschvin.com\/sv\/produkt\/la-gauloise-liqueur-bicentenaire-jaune-70-cl-40\/","title":{"rendered":"La Gauloise Liqueur Bicentenaire Jaune 70 cl. 40%"},"content":{"rendered":"<p>Det gamla \u00f6rttelexiret La Gauloise finns \u00e4ven i en gul variant som \u00e4r n\u00e5got s\u00f6tare och mildare. Liksom sin gr\u00f6na sl\u00e4kting tillverkas den p\u00e5 Distillerie du Centre i Limoges, som grundades p\u00e5 1780-talet. Receptet \u00e4r dock mycket \u00e4ldre och gl\u00f6mdes bort l\u00e4nge, men det s\u00e5g dagens ljus igen n\u00e4r Edouard Requier st\u00f6tte p\u00e5 det i en gammal grimoire.<\/p>\n<p>Smaken \u00e4r honung, s\u00f6t och milt kryddig.<\/p>\n<p>F\u00e4rg: Klargul.<br \/>\nDoft: Milda toner av honung, vanilj och varma kryddor.<br \/>\nSmaknoter: Sirapig och kr\u00e4mig med karamelliserade toner, honung och blommor.<\/p>\n<p>Serveringsf\u00f6rslag: Njut av det helt enkelt som avec &#8211; ev \u00f6ver is \u2013 eller prova i cocktails.<\/p>\n<p>Legenden s\u00e4ger att denna lik\u00f6r redan var ett popul\u00e4rt elixir n\u00e4r Frankrike var en del av Gallien, d\u00e4rav namnet La Gauloise. Faktum \u00e4r att lik\u00f6ren s\u00e4gs ha varit de romerska legion\u00e4rernas favoritdryck, men tyv\u00e4rr gick receptet f\u00f6rlorat tills den andligt beg\u00e5vade alkemisten Edouard Requier kom \u00f6ver receptet 1783 i en gammal besv\u00e4rjelsebok. Han provade receptet och La Gauloise f\u00f6ddes p\u00e5 nytt. Receptet \u00e4r \u2013 s\u00e5 klart \u2013 hemligt, men vi vet att det destilleras \u00f6ver \u00f6ppen eld med bland annat kvarg, saffran, kardemumma och johannes\u00f6rt, tillsatt konjak och smaksatt med socker.<\/p>\n<p>Gul Chartreuse<\/p>\n","protected":false},"excerpt":{"rendered":"<p>French Herb Liqueur<\/p>\n","protected":false},"featured_media":52437,"template":"","meta":{"_acf_changed":false,"rs_blank_template":"","rs_page_bg_color":"","slide_template_v7":""},"product_brand":[],"product_cat":[2387,4714,2390],"product_tag":[],"class_list":{"0":"post-52392","1":"product","2":"type-product","3":"status-publish","4":"has-post-thumbnail","6":"product_cat-avec-sv","7":"product_cat-ort","8":"product_cat-sprit","9":"pa_land-frankrike","10":"pa_procent-40-sv-2","11":"pa_volume-70-sv-2","13":"first","14":"instock","15":"sale","16":"taxable","17":"shipping-taxable","18":"purchasable","19":"product-type-simple"},"bundled_by":[],"bundle_stock_status":"instock","bundle_stock_quantity":null,"bundle_virtual":false,"bundle_layout":"","bundle_add_to_cart_form_location":"","bundle_editable_in_cart":false,"bundle_sold_individually_context":"","bundle_item_grouping":"","bundle_min_size":"","bundle_max_size":"","bundle_price":[],"bundled_items":[],"bundle_sell_ids":[],"acf":[],"_links":{"self":[{"href":"https:\/\/www.raschvin.com\/sv\/wp-json\/wp\/v2\/product\/52392","targetHints":{"allow":["GET"]}}],"collection":[{"href":"https:\/\/www.raschvin.com\/sv\/wp-json\/wp\/v2\/product"}],"about":[{"href":"https:\/\/www.raschvin.com\/sv\/wp-json\/wp\/v2\/types\/product"}],"wp:featuredmedia":[{"embeddable":true,"href":"https:\/\/www.raschvin.com\/sv\/wp-json\/wp\/v2\/media\/52437"}],"wp:attachment":[{"href":"https:\/\/www.raschvin.com\/sv\/wp-json\/wp\/v2\/media?parent=52392"}],"wp:term":[{"taxonomy":"product_brand","embeddable":true,"href":"https:\/\/www.raschvin.com\/sv\/wp-json\/wp\/v2\/product_brand?post=52392"},{"taxonomy":"product_cat","embeddable":true,"href":"https:\/\/www.raschvin.com\/sv\/wp-json\/wp\/v2\/product_cat?post=52392"},{"taxonomy":"product_tag","embeddable":true,"href":"https:\/\/www.raschvin.com\/sv\/wp-json\/wp\/v2\/product_tag?post=52392"}],"curies":[{"name":"wp","href":"https:\/\/api.w.org\/{rel}","templated":true}]}}