{"id":52388,"date":"2024-04-17T08:09:49","date_gmt":"2024-04-17T06:09:49","guid":{"rendered":"https:\/\/www.raschvin.com\/produkt\/la-gauloise-liqueur-bicentenaire-verte-70-cl-48\/"},"modified":"2024-04-17T08:09:49","modified_gmt":"2024-04-17T06:09:49","slug":"la-gauloise-liqueur-bicentenaire-verte-70-cl-48","status":"publish","type":"product","link":"https:\/\/www.raschvin.com\/sv\/produkt\/la-gauloise-liqueur-bicentenaire-verte-70-cl-48\/","title":{"rendered":"La Gauloise Liqueur Bicentenaire Verte 70 cl. 48%"},"content":{"rendered":"<p>Det lysande gr\u00f6na \u00f6rtelexiret La Gauloise Verte tillverkas p\u00e5 Distillerie du Centre i Limoges, grundat p\u00e5 1780-talet. Receptet \u00e4r gammalt och h\u00f6ljt i mystik. Efter en l\u00e5ng tid f\u00f6rlorad i gl\u00f6mskans dimmor d\u00f6k den upp i en bok med magiska formler och recept p\u00e5 talismaner och trolldrycker, och lik\u00f6ren \u00e5teruppstod tack vare alkemisten Edouard Requier.<\/p>\n<p>Smakm\u00e4ssigt p\u00e5minner lik\u00f6ren om gr\u00f6n Chartreuse, bara lite mjukare och mindre stark p\u00e5 alkoholen (48%).<\/p>\n<p>F\u00e4rg: Elgr\u00f6n.<br \/>\nDoft: En kryddig, \u00f6rtig doft av torkade blommor, en ton av mynta, vanilj, f\u00e4nk\u00e5l och mal\u00f6rt.<br \/>\nSmaknoter: Stor s\u00f6tma med varma \u00f6rttoner. Smaken \u00e4r v\u00e4ldigt harmonisk utan att n\u00e5got s\u00e4rskilt sticker ut. Eftersmaken \u00e4r l\u00e5ng och mjuk.<\/p>\n<p>Serveringsf\u00f6rslag: Njut av det snyggt, \u00f6ver is eller i cocktails.<\/p>\n<p>Gr\u00f6n Chartreuse<\/p>\n<p>Legenden s\u00e4ger att denna lik\u00f6r redan var ett popul\u00e4rt elixir n\u00e4r Frankrike var en del av Gallien, d\u00e4rav namnet La Gauloise. Faktum \u00e4r att lik\u00f6ren s\u00e4gs ha varit de romerska legion\u00e4rernas favoritdryck, men tyv\u00e4rr gick receptet f\u00f6rlorat tills den andligt beg\u00e5vade alkemisten Edouard Requier kom \u00f6ver receptet 1783 i en gammal besv\u00e4rjelsebok. Han provade receptet och La Gauloise f\u00f6ddes p\u00e5 nytt. Receptet \u00e4r \u2013 s\u00e5 klart \u2013 hemligt, men vi vet att det destilleras \u00f6ver \u00f6ppen eld med bland annat kvarg, saffran, kardemumma och johannes\u00f6rt, tillsatt konjak och smaksatt med socker.<\/p>\n","protected":false},"excerpt":{"rendered":"<p>French Herb Spirit<\/p>\n","protected":false},"featured_media":52470,"template":"","meta":{"_acf_changed":false,"rs_blank_template":"","rs_page_bg_color":"","slide_template_v7":""},"product_brand":[],"product_cat":[2387,4714,2390],"product_tag":[],"class_list":{"0":"post-52388","1":"product","2":"type-product","3":"status-publish","4":"has-post-thumbnail","6":"product_cat-avec-sv","7":"product_cat-ort","8":"product_cat-sprit","9":"pa_land-frankrike","10":"pa_procent-48-sv","11":"pa_producent-la-gauloise-sv","12":"pa_volume-70-sv-2","14":"first","15":"instock","16":"sale","17":"taxable","18":"shipping-taxable","19":"purchasable","20":"product-type-simple"},"bundled_by":["117563"],"bundle_stock_status":"instock","bundle_stock_quantity":null,"bundle_virtual":false,"bundle_layout":"","bundle_add_to_cart_form_location":"","bundle_editable_in_cart":false,"bundle_sold_individually_context":"","bundle_item_grouping":"","bundle_min_size":"","bundle_max_size":"","bundle_price":[],"bundled_items":[],"bundle_sell_ids":[],"acf":[],"_links":{"self":[{"href":"https:\/\/www.raschvin.com\/sv\/wp-json\/wp\/v2\/product\/52388","targetHints":{"allow":["GET"]}}],"collection":[{"href":"https:\/\/www.raschvin.com\/sv\/wp-json\/wp\/v2\/product"}],"about":[{"href":"https:\/\/www.raschvin.com\/sv\/wp-json\/wp\/v2\/types\/product"}],"wp:featuredmedia":[{"embeddable":true,"href":"https:\/\/www.raschvin.com\/sv\/wp-json\/wp\/v2\/media\/52470"}],"wp:attachment":[{"href":"https:\/\/www.raschvin.com\/sv\/wp-json\/wp\/v2\/media?parent=52388"}],"wp:term":[{"taxonomy":"product_brand","embeddable":true,"href":"https:\/\/www.raschvin.com\/sv\/wp-json\/wp\/v2\/product_brand?post=52388"},{"taxonomy":"product_cat","embeddable":true,"href":"https:\/\/www.raschvin.com\/sv\/wp-json\/wp\/v2\/product_cat?post=52388"},{"taxonomy":"product_tag","embeddable":true,"href":"https:\/\/www.raschvin.com\/sv\/wp-json\/wp\/v2\/product_tag?post=52388"}],"curies":[{"name":"wp","href":"https:\/\/api.w.org\/{rel}","templated":true}]}}