{"id":52373,"date":"2024-04-16T18:07:44","date_gmt":"2024-04-16T16:07:44","guid":{"rendered":"https:\/\/www.raschvin.com\/produkt\/lustau-sherry-dry-amontillado-los-arcos-75-cl-185\/"},"modified":"2024-04-16T18:07:44","modified_gmt":"2024-04-16T16:07:44","slug":"lustau-sherry-dry-amontillado-los-arcos-75-cl-185","status":"publish","type":"product","link":"https:\/\/www.raschvin.com\/sv\/produkt\/lustau-sherry-dry-amontillado-los-arcos-75-cl-185\/","title":{"rendered":"Lustau Sherry \u2013 Dry Amontillado Los Arcos 75 cl. 18,5%"},"content":{"rendered":"<p>Mycket klassisk Amontillado. Fyllig, gyllene och torr med mycket n\u00f6tter i b\u00e5de doft och smak.<\/p>\n<p>96 PO\u00c4NG<br \/>\nBob Campbell<br \/>\n91 PO\u00c4NG<br \/>\nDecanter World Wine Awards<br \/>\n91 PO\u00c4NG<br \/>\nGuia Pennine<br \/>\n90 PO\u00c4NG<br \/>\nWine Spectator<br \/>\nNoter av valn\u00f6t, halva, mandel och gr\u00f6nt te ger detta en sp\u00e4nnande profil, flirtar med en off-torr karakt\u00e4r. H\u00e5ller sig torr genom den bitterorange-kantade finishen.<\/p>\n<p>Om Lustau<br \/>\nLustau \u00e4r exceptionell sherry. Emilio Lustau har de senaste \u00e5ren vunnit m\u00e5nga priser f\u00f6r sin sherrykvalitet, inte minst titeln &#8221;B\u00e4sta spanska bodega&#8221;. M\u00e5nga av priserna har g\u00e5tt till husets egna viner, men en del har faktiskt ocks\u00e5 g\u00e5tt till de s\u00e5 kallade almacenistasherryna, som Emilio Lustau \u00e4r mycket k\u00e4nd f\u00f6r. Sm\u00e5, individuella vinodlare s\u00e4ljer sitt, ofta mycket nyanserade, vin till Lustau. D\u00e4r alla andra sherryhus blandar almacenistas vin internt, \u00e4r Emilio Lustau det enda huset som till\u00e5ter att almacenista-vinerna buteljeras separat. Oavsett vilken Lustau sherry du v\u00e4ljer som din f\u00f6rsta bekantskap kommer du inte ett \u00f6gonblick tvivla p\u00e5 varf\u00f6r Emilio Lustau \u00e4r omr\u00e5dets ledande stj\u00e4rna och trends\u00e4ttare i resten av v\u00e4rlden!<\/p>\n<p>Grunden till Lustau lades 1896, n\u00e4r Jos\u00e9 Ruiz-Berdejo p\u00e5 sin fritid b\u00f6rjade odla de vinrankor som stod p\u00e5 familjens egendom, Nuestra Se\u00f1ora de la Esperanza. \u00d6dmjuk b\u00f6rjan, som blev mer n\u00e4r vinerna b\u00f6rjade s\u00e4ljas till st\u00f6rre sherryproducenter \u2013 en verksamhet som i omr\u00e5det kallas &#8221;almacenista&#8221;. 1931 k\u00f6pte Jos\u00e9s dotter, Mar\u00eda Ruiz-Berdejo Alberti, en liten ving\u00e5rd n\u00e4rmare Jerez de la Frontera, vilket gav familjen st\u00f6rre synlighet. P\u00e5 1940-talet flyttade Marias man, Emilio Lustau Ortega, ving\u00e5rden till den gamla delen av staden och b\u00f6rjade ut\u00f6ka verksamheten i gamla, moriska byggnader, fortfarande som en almacenista. 1945 slutade Lustau dock med den ockupationen och b\u00f6rjade s\u00e4lja sina egna sherrym\u00e4rken. Namnet Lustau blev synonymt med kvalitet och 1990 gick Lustau samman med ett annat framst\u00e5ende f\u00f6retagsnamn inom spritbranschen, Luis Caballero. Det s\u00e4kerst\u00e4llde ytterligare stabilitet och ekonomiska muskler.<\/p>\n<p>Idag anses Lustau vara ett riktm\u00e4rke f\u00f6r sherry i v\u00e4rldsklass. Det har blivit m\u00e5nga medaljer och trof\u00e9er, t.ex. &#8221;B\u00e4sta spanska ving\u00e5rd&#8221; 2011 och &#8221;B\u00e4sta sherryproducent&#8221; 2014 och 2016 vid International Wine &#038; Spirit Competition.<\/p>\n","protected":false},"excerpt":{"rendered":"<p>Dry &#8211; Seco Solera Reserva Fine Sherry Wine<\/p>\n","protected":false},"featured_media":52488,"template":"","meta":{"_acf_changed":false,"rs_blank_template":"","rs_page_bg_color":"","slide_template_v7":""},"product_brand":[],"product_cat":[2765,2766,2788],"product_tag":[],"class_list":{"0":"post-52373","1":"product","2":"type-product","3":"status-publish","4":"has-post-thumbnail","6":"product_cat-hedvin-sv","7":"product_cat-koersbaer","8":"product_cat-vin-sv","9":"pa_drue-palomino-fino-sv","10":"pa_land-spanien-sv","11":"pa_procent-18-5-sv","12":"pa_producent-lustau-sv","13":"pa_region-jerez-sv","14":"pa_serveringstemperatur-16-18-sv","15":"pa_volume-75-sv","17":"first","18":"instock","19":"taxable","20":"shipping-taxable","21":"purchasable","22":"product-type-simple"},"bundled_by":[],"bundle_stock_status":"instock","bundle_stock_quantity":null,"bundle_virtual":false,"bundle_layout":"","bundle_add_to_cart_form_location":"","bundle_editable_in_cart":false,"bundle_sold_individually_context":"","bundle_item_grouping":"","bundle_min_size":"","bundle_max_size":"","bundle_price":[],"bundled_items":[],"bundle_sell_ids":[],"acf":[],"_links":{"self":[{"href":"https:\/\/www.raschvin.com\/sv\/wp-json\/wp\/v2\/product\/52373","targetHints":{"allow":["GET"]}}],"collection":[{"href":"https:\/\/www.raschvin.com\/sv\/wp-json\/wp\/v2\/product"}],"about":[{"href":"https:\/\/www.raschvin.com\/sv\/wp-json\/wp\/v2\/types\/product"}],"wp:featuredmedia":[{"embeddable":true,"href":"https:\/\/www.raschvin.com\/sv\/wp-json\/wp\/v2\/media\/52488"}],"wp:attachment":[{"href":"https:\/\/www.raschvin.com\/sv\/wp-json\/wp\/v2\/media?parent=52373"}],"wp:term":[{"taxonomy":"product_brand","embeddable":true,"href":"https:\/\/www.raschvin.com\/sv\/wp-json\/wp\/v2\/product_brand?post=52373"},{"taxonomy":"product_cat","embeddable":true,"href":"https:\/\/www.raschvin.com\/sv\/wp-json\/wp\/v2\/product_cat?post=52373"},{"taxonomy":"product_tag","embeddable":true,"href":"https:\/\/www.raschvin.com\/sv\/wp-json\/wp\/v2\/product_tag?post=52373"}],"curies":[{"name":"wp","href":"https:\/\/api.w.org\/{rel}","templated":true}]}}