{"id":52370,"date":"2024-04-16T18:02:07","date_gmt":"2024-04-16T16:02:07","guid":{"rendered":"https:\/\/www.raschvin.com\/produkt\/lustau-sherry-palo-cortado-peninsula-75-cl-19\/"},"modified":"2024-04-16T18:02:07","modified_gmt":"2024-04-16T16:02:07","slug":"lustau-sherry-palo-cortado-peninsula-75-cl-19","status":"publish","type":"product","link":"https:\/\/www.raschvin.com\/sv\/produkt\/lustau-sherry-palo-cortado-peninsula-75-cl-19\/","title":{"rendered":"Lustau Sherry \u2013 Palo Cortado Peninsula 75 cl. 19%"},"content":{"rendered":"<p>Palo Cortado forener Amontilladoens fantastiska doft med Olorossoens rige eftersmag. Intensiv och toner med choklad och kaffetoner.<\/p>\n<p>96 PUNKT<br \/>\nRobert Parker<br \/>\n93 PUNKT<br \/>\nDecanter World Wine Awards<br \/>\n92 PUNKT<br \/>\nFalstaff<br \/>\nMedium b\u00e4rnsten, guldreflexer, delikata inslag av torkad frukt, nougat och karamell, delikat \u00f6rtkrydda, mogen stenfrukt, framst\u00e5r som f\u00f6rv\u00e5nansv\u00e4rt l\u00e4ttfotad men kraftfull, mandelton, mineralsalt finish.<br \/>\n91 PUNKT<br \/>\nGuia Penin<br \/>\nF\u00e4rg: ljus mahogny; Aroma: kraftfulla, torra n\u00f6tter, lack, kanderad frukt; Smak: rik, l\u00e5ng, kryddig, fina bittra toner.<br \/>\n90 PO\u00c4NG<br \/>\nVinentusiast<br \/>\nM\u00f6rk b\u00e4rnsten i f\u00e4rgen, med l\u00f6nn, valn\u00f6t och andra s\u00f6ta-m\u00f6ter-n\u00f6taktiga aromer. Den \u00e4r lite syrlig, men \u00e4r lika pigg som den \u00e4r framdriven l\u00f6nn, vit choklad och aprikossmaker. Den h\u00e4r har djup och en mycket l\u00e5ng finish, vilket g\u00f6r den till en kunglig men \u00e4nd\u00e5 l\u00e4ttillg\u00e4nglig palo cortado. Sammantaget liknar den en amontillado, men med mer pulserande, genomtr\u00e4ngande syra.<\/p>\n<p>Om Lustau<br \/>\nLustau han enest\u00e5ende sherry. Emilio Lustau har titeln &#8221;B\u00e4sta spanska bodega&#8221;. Man apriserne he g\u00e5et til husets egne vine, men en del han faktiskt ocks\u00e5 g\u00e5et til de s\u00e5kaldte almacenista-sherry&#8217;er, som Emilio Lustau han mycket k\u00e4nd f\u00f6r. Sm\u00e5, individuella vinavlere S\u00e6lger deres, ofta meget nuancerige, vin til Lustau. F\u00f6re alla andra sherry house blander almacenistaernes vin i husets egne, han Emilio Lustau det enda hus, som lader almacenista-vinene aftappe varje for sig. Oavsett hvilken Lustau-sherry, man v\u00e4ljer som f\u00f6rsta bekendtskab, han man inte i et \u00f6gonblick i tvivl om, varf\u00f6r Emilio Lustau han omr\u00e5dets ledestjerne og trends\u00e4ttare i resten af \u200b\u200bv\u00e4rlden!<\/p>\n<p>Grunden f\u00f6r Lustau grundades 1896, n\u00e4r Jos\u00e9 Ruiz-Berdejo b\u00f6rjade sitt fridfulla liv i familjen, familjens hem, Nuestra Se\u00f1ora de la Esperanza. Och s\u00e5, hunden blev til just, vinen b\u00f6rjade p\u00e5 att bli f\u00f6ljer till st\u00f6rre sherryproducenter &#8211; en aktivitet, man visste att omr\u00e5det som var &#8221;almacenista&#8221;. 1931 deltog Jos\u00e9s datte, Mar\u00eda Ruiz-Berdejo Alberti och sm\u00e5 vinmakare i Jerez de la Frontera och familjerna f\u00f6rst\u00f6rdes. I 1940&#8217;erne flyttade Marias mand, Emilio Lustau Ortega, vineriet til den gamla bydel af staden och b\u00f6rjade i gamla, mauriska byggnader att ut\u00f6ka forretningen, stadig som almacenista. 1945 slutade jag Lustau dog den besk\u00e6haftelse och b\u00f6rjade p\u00e5 s\u00e6lge sine egne sherrym\u00e6rker. Navnet Lustau blev synonymt med kvalitet och i 1990 gick Lustau tillsammans med et annat framst\u00e5ende f\u00f6retagsnamn i spiritusbranchen, Luis Caballero. Den sikrede ytterligare stabilitet och ekonomiska muskler.<\/p>\n<p>Jag tror att det regnar Lustau som en m\u00e5lestok f\u00f6r sherry i verdensklasse. Medaljer og trof\u00e6er har der v\u00e6ret mange af, bl.a. &#8221;B\u00e4sta spanska ving\u00e5rd&#8221; 2011 och &#8221;B\u00e4sta sherryproducent&#8221; 2014 och 2016 vid International Wine &#038; Spirit Competition.<\/p>\n","protected":false},"excerpt":{"rendered":"<p>Solera Reserva Fine Sherry Wine<\/p>\n","protected":false},"featured_media":52449,"template":"","meta":{"_acf_changed":false,"rs_blank_template":"","rs_page_bg_color":"","slide_template_v7":""},"product_brand":[],"product_cat":[2765,2766],"product_tag":[],"class_list":{"0":"post-52370","1":"product","2":"type-product","3":"status-publish","4":"has-post-thumbnail","6":"product_cat-hedvin-sv","7":"product_cat-koersbaer","8":"pa_drue-palomino-fino-sv","9":"pa_land-spanien-sv","10":"pa_procent-19-sv","11":"pa_producent-lustau-sv","12":"pa_region-jerez-sv","13":"pa_serveringstemperatur-16-18-sv","14":"pa_volume-75-sv","16":"first","17":"instock","18":"taxable","19":"shipping-taxable","20":"purchasable","21":"product-type-simple"},"bundled_by":[],"bundle_stock_status":"instock","bundle_stock_quantity":null,"bundle_virtual":false,"bundle_layout":"","bundle_add_to_cart_form_location":"","bundle_editable_in_cart":false,"bundle_sold_individually_context":"","bundle_item_grouping":"","bundle_min_size":"","bundle_max_size":"","bundle_price":[],"bundled_items":[],"bundle_sell_ids":[],"acf":[],"_links":{"self":[{"href":"https:\/\/www.raschvin.com\/sv\/wp-json\/wp\/v2\/product\/52370","targetHints":{"allow":["GET"]}}],"collection":[{"href":"https:\/\/www.raschvin.com\/sv\/wp-json\/wp\/v2\/product"}],"about":[{"href":"https:\/\/www.raschvin.com\/sv\/wp-json\/wp\/v2\/types\/product"}],"wp:featuredmedia":[{"embeddable":true,"href":"https:\/\/www.raschvin.com\/sv\/wp-json\/wp\/v2\/media\/52449"}],"wp:attachment":[{"href":"https:\/\/www.raschvin.com\/sv\/wp-json\/wp\/v2\/media?parent=52370"}],"wp:term":[{"taxonomy":"product_brand","embeddable":true,"href":"https:\/\/www.raschvin.com\/sv\/wp-json\/wp\/v2\/product_brand?post=52370"},{"taxonomy":"product_cat","embeddable":true,"href":"https:\/\/www.raschvin.com\/sv\/wp-json\/wp\/v2\/product_cat?post=52370"},{"taxonomy":"product_tag","embeddable":true,"href":"https:\/\/www.raschvin.com\/sv\/wp-json\/wp\/v2\/product_tag?post=52370"}],"curies":[{"name":"wp","href":"https:\/\/api.w.org\/{rel}","templated":true}]}}