{"id":52360,"date":"2024-04-16T08:29:06","date_gmt":"2024-04-16T06:29:06","guid":{"rendered":"https:\/\/www.raschvin.com\/produkt\/dom-perignon-vintage-2013-champagne-75-cl\/"},"modified":"2025-07-22T07:18:27","modified_gmt":"2025-07-22T05:18:27","slug":"dom-perignon-vintage-2013-champagne-75-cl","status":"publish","type":"product","link":"https:\/\/www.raschvin.com\/sv\/produkt\/dom-perignon-vintage-2013-champagne-75-cl\/","title":{"rendered":"Dom Perignon Vintage 2015 Champagne 75 cl."},"content":{"rendered":"<p>Ren elegans formad av kontraster och karakt\u00e4r<\/p>\n<p>Dom P\u00e9rignon Vintage 2015 \u00e4r resultatet av ett varmt och utmanande \u00e5r i Champagne. Trots de extrema v\u00e4derf\u00f6rh\u00e5llandena lyckades huset skapa en \u00e5rg\u00e5ng med fantastisk balans, energi och finess \u2013 i sann Dom P\u00e9rignon-anda.<\/p>\n<p>Doften bjuder p\u00e5 rostade toner av kakao, mandel och brioche, f\u00f6ljt av eleganta florala inslag av jasmin och lindblom, samt friska aromer av citrus och stenfrukt. I munnen \u00e4r vinet silkeslent och precist, med fin mousse, pigg syra och en l\u00e5ng, mineralisk och l\u00e4tt salt avslutning.<\/p>\n<p>\u00c5rg\u00e5ngen \u00e4r utm\u00e4rkt att dricka redan nu men har \u00e4ven stort lagringspotential. Perfekt till gastronomiska r\u00e4tter \u2013 fr\u00e5n skaldjur och vitt k\u00f6tt till subtilt kryddade matr\u00e4tter \u2013 eller som h\u00f6jdpunkt vid livets stora firanden.<\/p>\n<p>Recensioner och omd\u00f6men:<br \/>\n\u2b50 Antonio Galloni, Vinous \u2013 96\/100<br \/>\n\u201d2015:an \u00e4r fantastisk. Livlig och fokuserad&#8230; citrusskal, vita blommor, mynta, vitpeppar och skiffer dansar \u00f6ver gommen. En Champagne med sp\u00e4nst och ryggrad.\u201d<\/p>\n<p>\u2b50 James Suckling \u2013 97\/100<br \/>\n\u201dStram och livlig Dom P\u00e9rignon med utm\u00e4rkt mousse, tydlig syra och fin djup. En \u00e5rg\u00e5ng med energi och l\u00e4ngd. Kan lagras l\u00e4nge, men \u00e4r redan en njutning.\u201d<\/p>\n<p>\u2b50 Decanter \u2013 95\/100<br \/>\n\u201d2015 visar gener\u00f6s karakt\u00e4r med mogen stenfrukt och kr\u00e4mig textur. Komplex och flerdimensionell i b\u00e5de doft och smak.\u201d<\/p>\n","protected":false},"excerpt":{"rendered":"<p>Mo\u00ebt Hennessy &#8211; France<\/p>\n","protected":false},"featured_media":52452,"template":"","meta":{"_acf_changed":false,"rs_blank_template":"","rs_page_bg_color":"","slide_template_v7":""},"product_brand":[],"product_cat":[2745,2750],"product_tag":[],"class_list":{"0":"post-52360","1":"product","2":"type-product","3":"status-publish","4":"has-post-thumbnail","6":"product_cat-champagne-sv","7":"product_cat-vintage-sv","8":"pa_land-frankrike","9":"pa_producent-moet-hennessy-sv","10":"pa_region-champagne-sv","11":"pa_serveringstemperatur-10-12-sv-2","12":"pa_vintage-2015-sv","13":"pa_volume-75-sv","15":"first","16":"instock","17":"taxable","18":"shipping-taxable","19":"purchasable","20":"product-type-simple"},"bundled_by":[],"bundle_stock_status":"instock","bundle_stock_quantity":null,"bundle_virtual":false,"bundle_layout":"","bundle_add_to_cart_form_location":"","bundle_editable_in_cart":false,"bundle_sold_individually_context":"","bundle_item_grouping":"","bundle_min_size":"","bundle_max_size":"","bundle_price":[],"bundled_items":[],"bundle_sell_ids":[],"acf":[],"_links":{"self":[{"href":"https:\/\/www.raschvin.com\/sv\/wp-json\/wp\/v2\/product\/52360","targetHints":{"allow":["GET"]}}],"collection":[{"href":"https:\/\/www.raschvin.com\/sv\/wp-json\/wp\/v2\/product"}],"about":[{"href":"https:\/\/www.raschvin.com\/sv\/wp-json\/wp\/v2\/types\/product"}],"wp:featuredmedia":[{"embeddable":true,"href":"https:\/\/www.raschvin.com\/sv\/wp-json\/wp\/v2\/media\/52452"}],"wp:attachment":[{"href":"https:\/\/www.raschvin.com\/sv\/wp-json\/wp\/v2\/media?parent=52360"}],"wp:term":[{"taxonomy":"product_brand","embeddable":true,"href":"https:\/\/www.raschvin.com\/sv\/wp-json\/wp\/v2\/product_brand?post=52360"},{"taxonomy":"product_cat","embeddable":true,"href":"https:\/\/www.raschvin.com\/sv\/wp-json\/wp\/v2\/product_cat?post=52360"},{"taxonomy":"product_tag","embeddable":true,"href":"https:\/\/www.raschvin.com\/sv\/wp-json\/wp\/v2\/product_tag?post=52360"}],"curies":[{"name":"wp","href":"https:\/\/api.w.org\/{rel}","templated":true}]}}