{"id":52357,"date":"2024-04-16T08:18:17","date_gmt":"2024-04-16T06:18:17","guid":{"rendered":"https:\/\/www.raschvin.com\/produkt\/hamilton-russell-vineyards-pinot-noir-2023-75-cl\/"},"modified":"2024-04-16T08:18:17","modified_gmt":"2024-04-16T06:18:17","slug":"hamilton-russell-vineyards-pinot-noir-2023-75-cl","status":"publish","type":"product","link":"https:\/\/www.raschvin.com\/sv\/produkt\/hamilton-russell-vineyards-pinot-noir-2023-75-cl\/","title":{"rendered":"Hamilton Russell Vineyards \u2013 Pinot Noir 2023 75 cl."},"content":{"rendered":"<p>Elegant Pinot med strama tanniner i ett m\u00f6rkt, kryddigt och komplext vin med fina toner av frukt, men som aldrig blir s\u00f6t.<\/p>\n<p>Vackert uttryck av Pinot Noir fr\u00e5n omr\u00e5dets l\u00e5gavkastande, leriga och steniga jordm\u00e5n i ett maritimt klimat. Den ger sm\u00e5 sk\u00f6rdar med vackra, strama och eleganta viner.<\/p>\n<p>Om Hamilton Russell Vineyards<br \/>\nHamilton Russel Vineyards \u00e4r kort och s\u00f6tt sydafrikanskt vin med utm\u00e4rkt terroir och ett fantastiskt rykte. Vineriet \u00e4r specialiserat p\u00e5 att producera h\u00f6gst individuella och terroir-influerade Pinot Noir- och Chardonnay-viner, som inte bara anses vara bland de b\u00e4sta i Sydafrika, utan \u00f6ver hela v\u00e4rlden. Grundaren Tim Hamilton Russell k\u00f6pte fastigheten med sina 170 hektar oodlade \u00e5krar 1975 efter en l\u00e5ng jakt efter de sydligaste och l\u00e4mpligaste markerna f\u00f6r att producera sydafrikanska toppviner med kallt klimat fr\u00e5n ett begr\u00e4nsat urval av \u00e4dla druvsorter. Sonen, Anthony Hamilton Russell, tog \u00f6ver ving\u00e5rden 1991 (k\u00f6pte hela fastigheten 1994) efter sina studier i Oxford, begr\u00e4nsade urvalet av druvor ytterligare till endast Pinot Noir och Chardonnay, och registrerade samtidigt ving\u00e5rden som en Estate, d.v.s. att man fr\u00e5n och med nu bara kunde arbeta med druvor fr\u00e5n sina egna f\u00e4lt. Tillsammans med vinmakaren Hannes Storm och vinodlaren Johan Montgomery \u00e4r Anthony helt m\u00e5n om att f\u00e5 Hamilton Russell Vineyards-terroiren integrerad s\u00e5 bra som m\u00f6jligt i husets viner.<\/p>\n<p>S\u00f6dra h\u00f6ger<br \/>\nDenna linje av Hamilton Russell-viner grundades 1994 och fokuserar p\u00e5 druvorna Sauvignon Blanc och Pinotage. Odlat p\u00e5 en 448 hektar stor ving\u00e5rd, \u00e4r namnet en referens till den skyddade Southern Right-valen i stormskyddade Walker Bay bara tre kilometer fr\u00e5n ving\u00e5rdarna.<\/p>\n<p>Ashbourne<br \/>\nAshbourne etablerades 1996 och \u00e4r den tredje raden av viner fr\u00e5n Hamilton Russell Vineyards. Namnet \u00e4r en hyllning till farfars farfars far Lord Ashbourne, som var lordkansler i Irland i slutet av 1800-talet.<\/p>\n","protected":false},"excerpt":{"rendered":"<p>Hamilton Russell Vineyards \u2013 South Africa<\/p>\n","protected":false},"featured_media":52476,"template":"","meta":{"_acf_changed":false,"rs_blank_template":"","rs_page_bg_color":"","slide_template_v7":""},"product_brand":[],"product_cat":[7776,2788,2798],"product_tag":[],"class_list":{"0":"post-52357","1":"product","2":"type-product","3":"status-publish","4":"has-post-thumbnail","6":"product_cat-sommer-pinot-noir-sv","7":"product_cat-vin-sv","8":"product_cat-roedvin-sv","9":"pa_aargang-2023-sv","10":"pa_drue-pinot-noir-sv","11":"pa_land-sydafrika-sv-2","12":"pa_procent-13-5-sv","13":"pa_producent-hamilton-russell-vinyards-sv","14":"pa_region-western-cape-sv","15":"pa_serveringstemperatur-16-18-sv","16":"pa_volume-75-sv","18":"first","19":"instock","20":"taxable","21":"shipping-taxable","22":"purchasable","23":"product-type-simple"},"bundled_by":[],"bundle_stock_status":"instock","bundle_stock_quantity":null,"bundle_virtual":false,"bundle_layout":"","bundle_add_to_cart_form_location":"","bundle_editable_in_cart":false,"bundle_sold_individually_context":"","bundle_item_grouping":"","bundle_min_size":"","bundle_max_size":"","bundle_price":[],"bundled_items":[],"bundle_sell_ids":[],"acf":[],"_links":{"self":[{"href":"https:\/\/www.raschvin.com\/sv\/wp-json\/wp\/v2\/product\/52357","targetHints":{"allow":["GET"]}}],"collection":[{"href":"https:\/\/www.raschvin.com\/sv\/wp-json\/wp\/v2\/product"}],"about":[{"href":"https:\/\/www.raschvin.com\/sv\/wp-json\/wp\/v2\/types\/product"}],"wp:featuredmedia":[{"embeddable":true,"href":"https:\/\/www.raschvin.com\/sv\/wp-json\/wp\/v2\/media\/52476"}],"wp:attachment":[{"href":"https:\/\/www.raschvin.com\/sv\/wp-json\/wp\/v2\/media?parent=52357"}],"wp:term":[{"taxonomy":"product_brand","embeddable":true,"href":"https:\/\/www.raschvin.com\/sv\/wp-json\/wp\/v2\/product_brand?post=52357"},{"taxonomy":"product_cat","embeddable":true,"href":"https:\/\/www.raschvin.com\/sv\/wp-json\/wp\/v2\/product_cat?post=52357"},{"taxonomy":"product_tag","embeddable":true,"href":"https:\/\/www.raschvin.com\/sv\/wp-json\/wp\/v2\/product_tag?post=52357"}],"curies":[{"name":"wp","href":"https:\/\/api.w.org\/{rel}","templated":true}]}}