{"id":52301,"date":"2024-04-15T11:52:05","date_gmt":"2024-04-15T09:52:05","guid":{"rendered":"https:\/\/www.raschvin.com\/produkt\/glamti-italien-sparkling-tea-75-cl-5\/"},"modified":"2024-04-15T11:52:05","modified_gmt":"2024-04-15T09:52:05","slug":"glamti-italien-sparkling-tea-75-cl-5","status":"publish","type":"product","link":"https:\/\/www.raschvin.com\/sv\/produkt\/glamti-italien-sparkling-tea-75-cl-5\/","title":{"rendered":"GLAMT\u00cc Italien Sparkling Tea 75 cl. 5%"},"content":{"rendered":"<p>GLAMT\u00cc \u00e4r en extraordin\u00e4r blandning av smaker, en v\u00e5gad blandning som \u00f6verskrider normerna.<br \/>\nDet \u00e4r elegant och extrovert allt i en h\u00e4rlig klunk.<\/p>\n<p>GLAMT\u00cc blandar den exotiska essensen av te med tidl\u00f6s brus och den omissk\u00e4nnliga doften av lokal citrus. Som en pionj\u00e4r inom italienskt mousserande te \u00e4r GLAMT\u00cc h\u00e4r f\u00f6r att ingjuta en touch av Glam i ditt liv.<\/p>\n<p>GLAMT\u00cc \u00e4r den hemliga ingrediensen f\u00f6r alla tillf\u00e4llen. Den kombineras utan anstr\u00e4ngning med uts\u00f6kt mat och \u00e4r den inspirerande basen f\u00f6r extraordin\u00e4ra cocktails. Fr\u00e5n intima sammankomster till chica soir\u00e9er, denna gnistrande njutning lovar att ta alla evenemang till n\u00e4sta niv\u00e5.<\/p>\n<p>Uppfriskande italiensk skapelse med bara 5 % alkohol.<br \/>\nSvart te, vin och &#8221;Limone di Sorrento I.G.P.&#8221; juice: det allra f\u00f6rsta l\u00e4tta och unika mousserande teet, perfekt f\u00f6r varje \u00f6gonblick p\u00e5 dagen.<\/p>\n","protected":false},"excerpt":{"rendered":"<p>Sorrento &#8211; Italy<\/p>\n","protected":false},"featured_media":52304,"template":"","meta":{"_acf_changed":false,"rs_blank_template":"","rs_page_bg_color":"","slide_template_v7":""},"product_brand":[],"product_cat":[2779,2776],"product_tag":[],"class_list":{"0":"post-52301","1":"product","2":"type-product","3":"status-publish","4":"has-post-thumbnail","6":"product_cat-andra","7":"product_cat-mousserende-sv","8":"pa_land-italien-sv","9":"pa_procent-5-sv","10":"pa_producent-bosca-s-p-a-sv","11":"pa_serveringstemperatur-8-10-sv","12":"pa_volume-75-sv","14":"first","15":"instock","16":"taxable","17":"shipping-taxable","18":"purchasable","19":"product-type-simple"},"bundled_by":[],"bundle_stock_status":"instock","bundle_stock_quantity":null,"bundle_virtual":false,"bundle_layout":"","bundle_add_to_cart_form_location":"","bundle_editable_in_cart":false,"bundle_sold_individually_context":"","bundle_item_grouping":"","bundle_min_size":"","bundle_max_size":"","bundle_price":[],"bundled_items":[],"bundle_sell_ids":[],"acf":[],"_links":{"self":[{"href":"https:\/\/www.raschvin.com\/sv\/wp-json\/wp\/v2\/product\/52301","targetHints":{"allow":["GET"]}}],"collection":[{"href":"https:\/\/www.raschvin.com\/sv\/wp-json\/wp\/v2\/product"}],"about":[{"href":"https:\/\/www.raschvin.com\/sv\/wp-json\/wp\/v2\/types\/product"}],"wp:featuredmedia":[{"embeddable":true,"href":"https:\/\/www.raschvin.com\/sv\/wp-json\/wp\/v2\/media\/52304"}],"wp:attachment":[{"href":"https:\/\/www.raschvin.com\/sv\/wp-json\/wp\/v2\/media?parent=52301"}],"wp:term":[{"taxonomy":"product_brand","embeddable":true,"href":"https:\/\/www.raschvin.com\/sv\/wp-json\/wp\/v2\/product_brand?post=52301"},{"taxonomy":"product_cat","embeddable":true,"href":"https:\/\/www.raschvin.com\/sv\/wp-json\/wp\/v2\/product_cat?post=52301"},{"taxonomy":"product_tag","embeddable":true,"href":"https:\/\/www.raschvin.com\/sv\/wp-json\/wp\/v2\/product_tag?post=52301"}],"curies":[{"name":"wp","href":"https:\/\/api.w.org\/{rel}","templated":true}]}}