{"id":52149,"date":"2026-03-22T09:28:23","date_gmt":"2026-03-22T08:28:23","guid":{"rendered":"https:\/\/www.raschvin.com\/produkt\/sbs-jamaica-2021-ch-hampden-virgin-oak-cask-70-cl-597\/"},"modified":"2024-04-10T16:25:23","modified_gmt":"2024-04-10T14:25:23","slug":"sbs-jamaica-2021-ch-hampden-virgin-oak-cask-70-cl-597","status":"publish","type":"product","link":"https:\/\/www.raschvin.com\/sv\/produkt\/sbs-jamaica-2021-ch-hampden-virgin-oak-cask-70-cl-597\/","title":{"rendered":"SBS Jamaica 2021 C<>H (Hampden) &#8211; Virgin Oak Cask 70 cl. 59,7%"},"content":{"rendered":"<p>Single Barrel Selection Jamaica 2021 C<>H \u00e4r en single barrel rom som \u00e4r baserad p\u00e5 melass och destillerad<br \/>\ni en pot still 2021. Rommen har \u00e5ldrats p\u00e5 ett Virgin Oak-fat och buteljerades till 59,7 % ABV i januari 2024. C<>H indikerar en rom som producerats med ester mellan 1300-1400, mycket n\u00e4ra det h\u00f6gsta till\u00e5tna enligt Jamaica reglering. Rommen \u00e4r inte kallfiltrerad. S.B.S Jamaica 2021 C<>H \u00e4r begr\u00e4nsad till endast 367 flaskor. Exklusivt buteljerat f\u00f6r den danska marknaden.<\/p>\n<p>Arom: Upplev en unik och livlig doft med funkiga estertoner som presenterar \u00f6vermogna ananas- och bananaromer.<\/p>\n<p>Smak: Njut av de rika smakerna av \u00f6vermogna frukter, tillsammans med s\u00f6t vanilj som leder till en tr\u00e4ig och rostad finish som ger djup och komplexitet.<\/p>\n","protected":false},"excerpt":{"rendered":"<p>Single Barrel Selection \u2013 Rum By 1423 Aps<\/p>\n","protected":false},"featured_media":52191,"template":"","meta":{"_acf_changed":false,"rs_blank_template":"","rs_page_bg_color":"","slide_template_v7":""},"product_brand":[],"product_cat":[2387,4634,2391],"product_tag":[],"class_list":{"0":"post-52149","1":"product","2":"type-product","3":"status-publish","4":"has-post-thumbnail","6":"product_cat-avec-sv","7":"product_cat-premium-aged-sv","8":"product_cat-rom-sv","9":"pa_champagne-type-single-cask-sv","10":"pa_land-jamaica-sv","11":"pa_procent-59-7-sv","12":"pa_producent-hampden-sv","13":"pa_traefad-virgin-oak-sv","14":"pa_volume-70-sv-2","16":"first","17":"instock","18":"sale","19":"taxable","20":"shipping-taxable","21":"purchasable","22":"product-type-simple"},"bundled_by":[],"bundle_stock_status":"instock","bundle_stock_quantity":null,"bundle_virtual":false,"bundle_layout":"","bundle_add_to_cart_form_location":"","bundle_editable_in_cart":false,"bundle_sold_individually_context":"","bundle_item_grouping":"","bundle_min_size":"","bundle_max_size":"","bundle_price":[],"bundled_items":[],"bundle_sell_ids":[],"acf":[],"_links":{"self":[{"href":"https:\/\/www.raschvin.com\/sv\/wp-json\/wp\/v2\/product\/52149","targetHints":{"allow":["GET"]}}],"collection":[{"href":"https:\/\/www.raschvin.com\/sv\/wp-json\/wp\/v2\/product"}],"about":[{"href":"https:\/\/www.raschvin.com\/sv\/wp-json\/wp\/v2\/types\/product"}],"wp:featuredmedia":[{"embeddable":true,"href":"https:\/\/www.raschvin.com\/sv\/wp-json\/wp\/v2\/media\/52191"}],"wp:attachment":[{"href":"https:\/\/www.raschvin.com\/sv\/wp-json\/wp\/v2\/media?parent=52149"}],"wp:term":[{"taxonomy":"product_brand","embeddable":true,"href":"https:\/\/www.raschvin.com\/sv\/wp-json\/wp\/v2\/product_brand?post=52149"},{"taxonomy":"product_cat","embeddable":true,"href":"https:\/\/www.raschvin.com\/sv\/wp-json\/wp\/v2\/product_cat?post=52149"},{"taxonomy":"product_tag","embeddable":true,"href":"https:\/\/www.raschvin.com\/sv\/wp-json\/wp\/v2\/product_tag?post=52149"}],"curies":[{"name":"wp","href":"https:\/\/api.w.org\/{rel}","templated":true}]}}