{"id":52146,"date":"2024-08-29T10:56:40","date_gmt":"2024-08-29T08:56:40","guid":{"rendered":"https:\/\/www.raschvin.com\/produkt\/sbs-reunion-2021-grand-arome-savanna-french-oak-cask-70-cl-59\/"},"modified":"2024-04-10T16:16:40","modified_gmt":"2024-04-10T14:16:40","slug":"sbs-reunion-2021-grand-arome-savanna-french-oak-cask-70-cl-59","status":"publish","type":"product","link":"https:\/\/www.raschvin.com\/sv\/produkt\/sbs-reunion-2021-grand-arome-savanna-french-oak-cask-70-cl-59\/","title":{"rendered":"SBS Reunion 2021 Grand Arome (Savanna) &#8211; French Oak Cask 70 cl. 59%"},"content":{"rendered":"<p>Single Barrel Selection Reunion 2021 \u00e4r en single barrel rom som \u00e4r baserad p\u00e5 melass och destillerad<br \/>\ni en kolonn fortfarande 2021. Rommen har \u00e5ldrats p\u00e5 ett franskt ekfat och buteljerats med 59 % alkoholstyrka i januari 2024. Fr\u00e5n en liten \u00f6 i Indiska oceanen lyckades vi f\u00e5 fram en liten m\u00e4ngd av en h\u00f6gesterlig rom &#8211; den term Grand Arome, \u00e4r vad fransktalande kallar sin rom med h\u00f6g esterhalt. Rommen \u00e4r inte kallfiltrerad.<\/p>\n<p>S.B.S Reunion 2021 Grand Arome \u00e4r begr\u00e4nsad till endast 131 flaskor. Exklusivt buteljerat f\u00f6r den danska marknaden.<\/p>\n<p>Arom: En excentrisk och fascinerande doft med funkiga och estertoner och inslag av lim och \u00f6vermogna frukter.<\/p>\n<p>Smak: En distinkt smakupplevelse med starka nyanser av gummi, funky \u00f6vermogen ananas och gr\u00f6na oliver som leder till en l\u00e5ng, fruktig finish<\/p>\n","protected":false},"excerpt":{"rendered":"<p>Single Barrel Selection \u2013 Rum By 1423 Aps<\/p>\n","protected":false},"featured_media":52194,"template":"","meta":{"_acf_changed":false,"rs_blank_template":"","rs_page_bg_color":"","slide_template_v7":""},"product_brand":[],"product_cat":[2391,4634,9225],"product_tag":[],"class_list":{"0":"post-52146","1":"product","2":"type-product","3":"status-publish","4":"has-post-thumbnail","6":"product_cat-rom-sv","7":"product_cat-premium-aged-sv","8":"product_cat-alternativa-romtyper","9":"pa_champagne-type-single-cask-sv","10":"pa_land-oen-reunion","11":"pa_procent-59-sv","12":"pa_producent-savanna-sv","13":"pa_traefad-french-oak-sv","14":"pa_volume-70-sv-2","16":"first","17":"instock","18":"featured","19":"taxable","20":"shipping-taxable","21":"purchasable","22":"product-type-simple"},"bundled_by":[],"bundle_stock_status":"instock","bundle_stock_quantity":1,"bundle_virtual":false,"bundle_layout":"","bundle_add_to_cart_form_location":"","bundle_editable_in_cart":false,"bundle_sold_individually_context":"","bundle_item_grouping":"","bundle_min_size":"","bundle_max_size":"","bundle_price":[],"bundled_items":[],"bundle_sell_ids":[],"acf":[],"_links":{"self":[{"href":"https:\/\/www.raschvin.com\/sv\/wp-json\/wp\/v2\/product\/52146","targetHints":{"allow":["GET"]}}],"collection":[{"href":"https:\/\/www.raschvin.com\/sv\/wp-json\/wp\/v2\/product"}],"about":[{"href":"https:\/\/www.raschvin.com\/sv\/wp-json\/wp\/v2\/types\/product"}],"wp:featuredmedia":[{"embeddable":true,"href":"https:\/\/www.raschvin.com\/sv\/wp-json\/wp\/v2\/media\/52194"}],"wp:attachment":[{"href":"https:\/\/www.raschvin.com\/sv\/wp-json\/wp\/v2\/media?parent=52146"}],"wp:term":[{"taxonomy":"product_brand","embeddable":true,"href":"https:\/\/www.raschvin.com\/sv\/wp-json\/wp\/v2\/product_brand?post=52146"},{"taxonomy":"product_cat","embeddable":true,"href":"https:\/\/www.raschvin.com\/sv\/wp-json\/wp\/v2\/product_cat?post=52146"},{"taxonomy":"product_tag","embeddable":true,"href":"https:\/\/www.raschvin.com\/sv\/wp-json\/wp\/v2\/product_tag?post=52146"}],"curies":[{"name":"wp","href":"https:\/\/api.w.org\/{rel}","templated":true}]}}