{"id":52137,"date":"2024-04-10T15:03:35","date_gmt":"2024-04-10T13:03:35","guid":{"rendered":"https:\/\/www.raschvin.com\/produkt\/ben-nevis-coire-leis-70-cl-46\/"},"modified":"2024-04-10T15:03:35","modified_gmt":"2024-04-10T13:03:35","slug":"ben-nevis-coire-leis-70-cl-46","status":"publish","type":"product","link":"https:\/\/www.raschvin.com\/sv\/produkt\/ben-nevis-coire-leis-70-cl-46\/","title":{"rendered":"Ben Nevis Coire Leis 70 cl. 46%"},"content":{"rendered":"<p>Buteljerad fr\u00e5n noggrant utvalda fat \u2013 en mjuk och \u00f6verraskande s\u00f6t whisky som med f\u00f6rdel kan j\u00e4mf\u00f6ras med systersl\u00e4ppet Ben Nevis 10YO.<\/p>\n<p>Doft<\/p>\n<p>Karamell- och vaniljs\u00f6tma med en mild inslag av tr\u00e4 och korn.<\/p>\n<p>Smak<\/p>\n<p>Mogna p\u00e4ron och aprikoser, f\u00f6ljt av malt och s\u00f6tma.<\/p>\n<p>Eftersmak<\/p>\n<p>Mjuk och kr\u00e4mig \u2013 speciellt h\u00e4r k\u00e4nns r\u00e4tten tydligt.<\/p>\n<p>I allm\u00e4nhet<br \/>\nTillsammans med \u00e5terutgivningen av 10YO kommer \u00e4ven Coire Leis (Utalas n\u00e5got \u00e0 la: \u201dk\u00e5-rie l\u00e9-sh\u201d). D\u00e4r 10YO \u00e4r standardversionen av Ben Nevis, \u00e4r Coire Leis en mer experimentell tappning, tagen fr\u00e5n utvalda bourbon- och ekfat.<\/p>\n<p>Resultatet \u00e4r en unik och \u00f6verraskande s\u00f6t whisky som l\u00e4mpar sig v\u00e4l att j\u00e4mf\u00f6ra med sin systerutg\u00e5va.<\/p>\n<p>Flaskans titel &#8221;Coire Leis&#8221; \u00e4r det skotsk-keltiska namnet p\u00e5 en vacker klippformation p\u00e5 berget Ben Nevis.<\/p>\n<p>Smakanteckningar<br \/>\nP\u00e5 n\u00e4san m\u00f6ter du kola och honungss\u00f6t vanilj. Man kan ocks\u00e5 ana eken och slutligen \u00f6verg\u00e5r doften till en s\u00f6t kornsmak.<\/p>\n<p>Det f\u00f6rsta man l\u00e4gger m\u00e4rke till i smaken \u00e4r f\u00e4rska, mogna p\u00e4ron och aprikoser, f\u00f6ljt av malt och s\u00f6tma.<\/p>\n<p>Eftersmaken \u00e4r mjuk, rund och kr\u00e4mig och ger ett tydligt intryck av r\u00e4tten.<\/p>\n<p>Destilleriet<br \/>\nBen Nevis \u00e4r ett av Skottlands \u00e4ldsta befintliga destillerier. Den grundades redan 1825 och ligger vid foten av berget den \u00e4r uppkallad efter. Ben Nevis (det vill s\u00e4ga berget) \u00e4r med sina 1345 meter det h\u00f6gsta berget i hela Storbritannien.<\/p>\n<p>Destilleriet grundades av &#8217;Long&#8217; John McDonald. Fick sitt smeknamn p\u00e5 grund av hans (f\u00f6r tiden) ovanliga h\u00f6jd p\u00e5 1,90 cm.<\/p>\n<p>Idag producerar destilleriet b\u00e5de Single Malt, Blended Malt och Blended Whisky.<\/p>\n","protected":false},"excerpt":{"rendered":"<p>Highland Single Malt Scotch Whisky<\/p>\n","protected":false},"featured_media":52176,"template":"","meta":{"_acf_changed":false,"rs_blank_template":"","rs_page_bg_color":"","slide_template_v7":""},"product_brand":[],"product_cat":[2387,4651,2392],"product_tag":[],"class_list":{"0":"post-52137","1":"product","2":"type-product","3":"status-publish","4":"has-post-thumbnail","6":"product_cat-avec-sv","7":"product_cat-single-malt-sv","8":"product_cat-whisky-sv","9":"pa_land-skottland","10":"pa_procent-46-sv","11":"pa_producent-ben-nevis-sv","12":"pa_region-highland-sv","13":"pa_volume-70-sv-2","15":"first","16":"instock","17":"taxable","18":"shipping-taxable","19":"purchasable","20":"product-type-simple"},"bundled_by":[],"bundle_stock_status":"instock","bundle_stock_quantity":null,"bundle_virtual":false,"bundle_layout":"","bundle_add_to_cart_form_location":"","bundle_editable_in_cart":false,"bundle_sold_individually_context":"","bundle_item_grouping":"","bundle_min_size":"","bundle_max_size":"","bundle_price":[],"bundled_items":[],"bundle_sell_ids":[],"acf":[],"_links":{"self":[{"href":"https:\/\/www.raschvin.com\/sv\/wp-json\/wp\/v2\/product\/52137","targetHints":{"allow":["GET"]}}],"collection":[{"href":"https:\/\/www.raschvin.com\/sv\/wp-json\/wp\/v2\/product"}],"about":[{"href":"https:\/\/www.raschvin.com\/sv\/wp-json\/wp\/v2\/types\/product"}],"wp:featuredmedia":[{"embeddable":true,"href":"https:\/\/www.raschvin.com\/sv\/wp-json\/wp\/v2\/media\/52176"}],"wp:attachment":[{"href":"https:\/\/www.raschvin.com\/sv\/wp-json\/wp\/v2\/media?parent=52137"}],"wp:term":[{"taxonomy":"product_brand","embeddable":true,"href":"https:\/\/www.raschvin.com\/sv\/wp-json\/wp\/v2\/product_brand?post=52137"},{"taxonomy":"product_cat","embeddable":true,"href":"https:\/\/www.raschvin.com\/sv\/wp-json\/wp\/v2\/product_cat?post=52137"},{"taxonomy":"product_tag","embeddable":true,"href":"https:\/\/www.raschvin.com\/sv\/wp-json\/wp\/v2\/product_tag?post=52137"}],"curies":[{"name":"wp","href":"https:\/\/api.w.org\/{rel}","templated":true}]}}