{"id":52134,"date":"2024-04-10T14:46:47","date_gmt":"2024-04-10T12:46:47","guid":{"rendered":"https:\/\/www.raschvin.com\/produkt\/ben-nevis-aged-10-years-70-cl-46\/"},"modified":"2024-04-10T14:46:47","modified_gmt":"2024-04-10T12:46:47","slug":"ben-nevis-aged-10-years-70-cl-46","status":"publish","type":"product","link":"https:\/\/www.raschvin.com\/sv\/produkt\/ben-nevis-aged-10-years-70-cl-46\/","title":{"rendered":"Ben Nevis Aged 10 Years 70 cl. 46%"},"content":{"rendered":"<p>Mycket kraft och intensitet. En klassisk Highland whisky &#8211; perfekt f\u00f6r n\u00e4r du vill se vad detta omr\u00e5de har att erbjuda.<\/p>\n<p>Doft<\/p>\n<p>Blomsteraff\u00e4r, honung, citrusfrukter och kola.<\/p>\n<p>Smak<\/p>\n<p>Kryddig till att b\u00f6rja med, \u00f6verg\u00e5r till honungss\u00f6tma. Kryddor och syra ger en varm k\u00e4nsla i munnen.<\/p>\n<p>Eftersmak<\/p>\n<p>L\u00e5ng eftersmak, fortfarande stark av kryddor och m\u00f6rk choklad<\/p>\n<p>I allm\u00e4nhet<br \/>\nBen Nevis 10 years \u00e4r tillbaka med en ny (och n\u00e5got mer minimalistisk) design. Inneh\u00e5llet har ocks\u00e5 f\u00e5tt en mindre uppdatering \u2013 men bara till det b\u00e4ttre.<br \/>\nResultatet \u00e4r en kryddig och fruktig whisky, som p\u00e5 m\u00e5nga s\u00e4tt perfekt visar de egenskaper som \u00e4r karakteristiska f\u00f6r Highland Whisky \u2013 mycket frukt med en gnutta krydda. Det g\u00f6r den till en sj\u00e4lvklar flaska att ha p\u00e5 hyllan, f\u00f6r n\u00e4r du vill demonstrera vad som skiljer Highland Whisky fr\u00e5n till exempel Islay eller Speyside.<\/p>\n<p>Smakanteckningar<br \/>\nBen Nevis \u00e4r en fantastisk malt som utstr\u00e5lar stolthet och kvalitet. Som Jim Murray sa vid en provning p\u00e5 plats: &#8221;Det finns en underbar balans i denna malt som jag kommer att \u00e5terkomma till om och om igen!&#8221;<br \/>\nEn m\u00e4ngd intryck m\u00f6ter ens n\u00e4sa &#8211; honung, citrusfrukter och kola, f\u00f6rutom en doft av blommor och andra v\u00e4xter &#8211; leder tankarna till en blomsteraff\u00e4r.<br \/>\nP\u00e5 gommen avsl\u00f6jar flaskan kryddig, och \u00f6verg\u00e5r sedan till en mjuk honungss\u00f6tma.<br \/>\nEftersmaken \u00e4r l\u00e5ng, kraftfull och kryddig som m\u00f6rk choklad.<\/p>\n<p>Om Ben Nevis<br \/>\nBen Nevis \u00e4r ett av Skottlands \u00e4ldsta befintliga destillerier. Den grundades redan 1825 och ligger vid foten av berget den \u00e4r uppkallad efter. Ben Nevis (det vill s\u00e4ga berget) \u00e4r med sina 1345 meter det h\u00f6gsta berget i hela Storbritannien.<br \/>\nDestilleriet grundades av &#8217;Long&#8217; John McDonald. Fick sitt smeknamn p\u00e5 grund av hans (f\u00f6r tiden) ovanliga h\u00f6jd p\u00e5 1,90 cm.<br \/>\nIdag producerar destilleriet b\u00e5de Single Malt, Blended Malt och Blended Whisky.<\/p>\n","protected":false},"excerpt":{"rendered":"<p>Highland Single Malt Scotch Whisky<\/p>\n","protected":false},"featured_media":52164,"template":"","meta":{"_acf_changed":false,"rs_blank_template":"","rs_page_bg_color":"","slide_template_v7":""},"product_brand":[],"product_cat":[2387,4651,2392],"product_tag":[],"class_list":{"0":"post-52134","1":"product","2":"type-product","3":"status-publish","4":"has-post-thumbnail","6":"product_cat-avec-sv","7":"product_cat-single-malt-sv","8":"product_cat-whisky-sv","9":"pa_land-skottland","10":"pa_procent-46-sv","11":"pa_producent-ben-nevis-sv","12":"pa_region-highland-sv","13":"pa_volume-70-sv-2","15":"first","16":"instock","17":"taxable","18":"shipping-taxable","19":"purchasable","20":"product-type-simple"},"bundled_by":[],"bundle_stock_status":"instock","bundle_stock_quantity":null,"bundle_virtual":false,"bundle_layout":"","bundle_add_to_cart_form_location":"","bundle_editable_in_cart":false,"bundle_sold_individually_context":"","bundle_item_grouping":"","bundle_min_size":"","bundle_max_size":"","bundle_price":[],"bundled_items":[],"bundle_sell_ids":[],"acf":[],"_links":{"self":[{"href":"https:\/\/www.raschvin.com\/sv\/wp-json\/wp\/v2\/product\/52134","targetHints":{"allow":["GET"]}}],"collection":[{"href":"https:\/\/www.raschvin.com\/sv\/wp-json\/wp\/v2\/product"}],"about":[{"href":"https:\/\/www.raschvin.com\/sv\/wp-json\/wp\/v2\/types\/product"}],"wp:featuredmedia":[{"embeddable":true,"href":"https:\/\/www.raschvin.com\/sv\/wp-json\/wp\/v2\/media\/52164"}],"wp:attachment":[{"href":"https:\/\/www.raschvin.com\/sv\/wp-json\/wp\/v2\/media?parent=52134"}],"wp:term":[{"taxonomy":"product_brand","embeddable":true,"href":"https:\/\/www.raschvin.com\/sv\/wp-json\/wp\/v2\/product_brand?post=52134"},{"taxonomy":"product_cat","embeddable":true,"href":"https:\/\/www.raschvin.com\/sv\/wp-json\/wp\/v2\/product_cat?post=52134"},{"taxonomy":"product_tag","embeddable":true,"href":"https:\/\/www.raschvin.com\/sv\/wp-json\/wp\/v2\/product_tag?post=52134"}],"curies":[{"name":"wp","href":"https:\/\/api.w.org\/{rel}","templated":true}]}}