{"id":52125,"date":"2024-04-10T14:20:04","date_gmt":"2024-04-10T12:20:04","guid":{"rendered":"https:\/\/www.raschvin.com\/produkt\/tomatin-italian-collection-12-years-ltd-edition-barolo-casks-70-cl-46\/"},"modified":"2024-04-10T14:20:04","modified_gmt":"2024-04-10T12:20:04","slug":"tomatin-italian-collection-12-years-ltd-edition-barolo-casks-70-cl-46","status":"publish","type":"product","link":"https:\/\/www.raschvin.com\/sv\/produkt\/tomatin-italian-collection-12-years-ltd-edition-barolo-casks-70-cl-46\/","title":{"rendered":"Tomatin Italian Collection \u2013 12 Years Ltd. Edition Barolo Casks 70 cl. 46%"},"content":{"rendered":"<p>CASKTYP<br \/>\nDel 3 av den italienska kollektionen, Barolo Edition \u00e4r lagrad p\u00e5 Barolo vinfat.<\/p>\n<p>BESKRIVNING<br \/>\nUTGIFTSDATUM: 5 september 2023<\/p>\n<p>Dofter av gl\u00f6gg och m\u00f6rk chokladbly, medan det i gommen finns toner av kryddigt mj\u00f6d med tranb\u00e4r och en underliggande fr\u00e4sch citrus i form av grapefrukt. L\u00e4tt tannin och sockers\u00f6t mandel sitter kvar i avslutet.<\/p>\n<p>Destillerad den: 06.12.2010<\/p>\n<p>Flyttade till Barolo Fade: 2021-02-10<\/p>\n<p>Buteljerat den: 2023-06-05<\/p>\n<p>De italienska samlingsuttrycken destillerades var och en den 6 december 2010, spriten lagrad p\u00e5 traditionella skotska whiskyfat i ek i 10 \u00e5r. Den 10 februari 2021 flyttades den sedan till Marsala-, Amarone- och Barolo-faten i ytterligare 2 \u00e5r, vilket resulterade i en underbar trio av skotsk single malt whisky.<\/p>\n","protected":false},"excerpt":{"rendered":"<p>Highland Single Malt Scotch Whisky<\/p>\n","protected":false},"featured_media":52161,"template":"","meta":{"_acf_changed":false,"rs_blank_template":"","rs_page_bg_color":"","slide_template_v7":""},"product_brand":[],"product_cat":[2387,4651,2392],"product_tag":[],"class_list":{"0":"post-52125","1":"product","2":"type-product","3":"status-publish","4":"has-post-thumbnail","6":"product_cat-avec-sv","7":"product_cat-single-malt-sv","8":"product_cat-whisky-sv","9":"pa_land-skottland","10":"pa_procent-46-sv","11":"pa_producent-tomatin-sv","12":"pa_region-highland-sv","13":"pa_volume-70-sv-2","15":"first","16":"instock","17":"sale","18":"taxable","19":"shipping-taxable","20":"purchasable","21":"product-type-simple"},"bundled_by":[],"bundle_stock_status":"instock","bundle_stock_quantity":null,"bundle_virtual":false,"bundle_layout":"","bundle_add_to_cart_form_location":"","bundle_editable_in_cart":false,"bundle_sold_individually_context":"","bundle_item_grouping":"","bundle_min_size":"","bundle_max_size":"","bundle_price":[],"bundled_items":[],"bundle_sell_ids":[],"acf":[],"_links":{"self":[{"href":"https:\/\/www.raschvin.com\/sv\/wp-json\/wp\/v2\/product\/52125","targetHints":{"allow":["GET"]}}],"collection":[{"href":"https:\/\/www.raschvin.com\/sv\/wp-json\/wp\/v2\/product"}],"about":[{"href":"https:\/\/www.raschvin.com\/sv\/wp-json\/wp\/v2\/types\/product"}],"wp:featuredmedia":[{"embeddable":true,"href":"https:\/\/www.raschvin.com\/sv\/wp-json\/wp\/v2\/media\/52161"}],"wp:attachment":[{"href":"https:\/\/www.raschvin.com\/sv\/wp-json\/wp\/v2\/media?parent=52125"}],"wp:term":[{"taxonomy":"product_brand","embeddable":true,"href":"https:\/\/www.raschvin.com\/sv\/wp-json\/wp\/v2\/product_brand?post=52125"},{"taxonomy":"product_cat","embeddable":true,"href":"https:\/\/www.raschvin.com\/sv\/wp-json\/wp\/v2\/product_cat?post=52125"},{"taxonomy":"product_tag","embeddable":true,"href":"https:\/\/www.raschvin.com\/sv\/wp-json\/wp\/v2\/product_tag?post=52125"}],"curies":[{"name":"wp","href":"https:\/\/api.w.org\/{rel}","templated":true}]}}