{"id":52122,"date":"2024-04-10T14:13:15","date_gmt":"2024-04-10T12:13:15","guid":{"rendered":"https:\/\/www.raschvin.com\/produkt\/tomatin-italian-collection-12-years-ltd-edition-marsala-casks-70-cl-46\/"},"modified":"2024-04-10T14:13:15","modified_gmt":"2024-04-10T12:13:15","slug":"tomatin-italian-collection-12-years-ltd-edition-marsala-casks-70-cl-46","status":"publish","type":"product","link":"https:\/\/www.raschvin.com\/sv\/produkt\/tomatin-italian-collection-12-years-ltd-edition-marsala-casks-70-cl-46\/","title":{"rendered":"Tomatin Italian Collection \u2013 12 Years Ltd. Edition Marsala Casks 70 cl. 46%"},"content":{"rendered":"<p>CASKTYP<br \/>\nDel 1 av den italienska samlingen, Marsala Edition \u00e4r lagrad p\u00e5 Marsala vinfat.<\/p>\n<p>BESKRIVNING<br \/>\nSl\u00e4ppdatum: 5 september 2023<\/p>\n<p>Dofter av panettone och kanderad limebly, medan smaker av vit choklad, citrontryffel och hasseln\u00f6t balanserar perfekt i gommen. S\u00f6t citrus \u00e5terkommer p\u00e5 avslutningen med blodapelsin ackompanjerad av toner av rostad ek.<\/p>\n<p>Destillerad den: 06.12.2010<\/p>\n<p>Flyttade till Marsala Casks: 2021-02-10<\/p>\n<p>Buteljerad: 2023-06-05<\/p>\n<p>De italienska kollektionsuttrycken destillerades var och en den 6 december 2010, andan l\u00e5g i traditionella ekfat f\u00f6r skotsk whisky i 10 \u00e5r. Den 10 februari 2021 flyttades den sedan till Marsala, Amarone och Barolo vinfat i ytterligare 2 \u00e5r, vilket resulterade i en underbar trio av skotsk whisky med single malt.<\/p>\n","protected":false},"excerpt":{"rendered":"<p>Highland Single Malt Scotch Whisky<\/p>\n","protected":false},"featured_media":52188,"template":"","meta":{"_acf_changed":false,"rs_blank_template":"","rs_page_bg_color":"","slide_template_v7":""},"product_brand":[],"product_cat":[2387,4651,2392],"product_tag":[],"class_list":{"0":"post-52122","1":"product","2":"type-product","3":"status-publish","4":"has-post-thumbnail","6":"product_cat-avec-sv","7":"product_cat-single-malt-sv","8":"product_cat-whisky-sv","9":"pa_land-skottland","10":"pa_procent-46-sv","11":"pa_producent-tomatin-sv","12":"pa_region-highland-sv","13":"pa_traefad-marsala-sv","14":"pa_volume-70-sv-2","16":"first","17":"instock","18":"sale","19":"taxable","20":"shipping-taxable","21":"purchasable","22":"product-type-simple"},"bundled_by":[],"bundle_stock_status":"instock","bundle_stock_quantity":null,"bundle_virtual":false,"bundle_layout":"","bundle_add_to_cart_form_location":"","bundle_editable_in_cart":false,"bundle_sold_individually_context":"","bundle_item_grouping":"","bundle_min_size":"","bundle_max_size":"","bundle_price":[],"bundled_items":[],"bundle_sell_ids":[],"acf":[],"_links":{"self":[{"href":"https:\/\/www.raschvin.com\/sv\/wp-json\/wp\/v2\/product\/52122","targetHints":{"allow":["GET"]}}],"collection":[{"href":"https:\/\/www.raschvin.com\/sv\/wp-json\/wp\/v2\/product"}],"about":[{"href":"https:\/\/www.raschvin.com\/sv\/wp-json\/wp\/v2\/types\/product"}],"wp:featuredmedia":[{"embeddable":true,"href":"https:\/\/www.raschvin.com\/sv\/wp-json\/wp\/v2\/media\/52188"}],"wp:attachment":[{"href":"https:\/\/www.raschvin.com\/sv\/wp-json\/wp\/v2\/media?parent=52122"}],"wp:term":[{"taxonomy":"product_brand","embeddable":true,"href":"https:\/\/www.raschvin.com\/sv\/wp-json\/wp\/v2\/product_brand?post=52122"},{"taxonomy":"product_cat","embeddable":true,"href":"https:\/\/www.raschvin.com\/sv\/wp-json\/wp\/v2\/product_cat?post=52122"},{"taxonomy":"product_tag","embeddable":true,"href":"https:\/\/www.raschvin.com\/sv\/wp-json\/wp\/v2\/product_tag?post=52122"}],"curies":[{"name":"wp","href":"https:\/\/api.w.org\/{rel}","templated":true}]}}