{"id":52119,"date":"2024-04-10T14:07:48","date_gmt":"2024-04-10T12:07:48","guid":{"rendered":"https:\/\/www.raschvin.com\/produkt\/tomatin-italian-collection-12-years-ltd-edition-amarone-casks-70-cl-46\/"},"modified":"2024-04-10T14:07:48","modified_gmt":"2024-04-10T12:07:48","slug":"tomatin-italian-collection-12-years-ltd-edition-amarone-casks-70-cl-46","status":"publish","type":"product","link":"https:\/\/www.raschvin.com\/sv\/produkt\/tomatin-italian-collection-12-years-ltd-edition-amarone-casks-70-cl-46\/","title":{"rendered":"Tomatin Italian Collection &#8211; 12 Years Ltd. Edition Amarone Casks 70 cl. 46%"},"content":{"rendered":"<p>CASKTYP<br \/>\nDel 2 av den italienska samlingen, Amarone Edition \u00e4r lagrad p\u00e5 Amarone vinfat.<\/p>\n<p>BESKRIVNING<br \/>\nSl\u00e4ppdatum: 5 september 2023<\/p>\n<p>Dofter av pocherade p\u00e4ron och traditionella rabarber- och vaniljs\u00e5sgodis leder, medan toner av jordgubbssylt ackompanjeras av turkisk f\u00f6rtjusning och l\u00e4tt sm\u00f6rdeg. Avslutningen \u00e4r rik med kanelkryddat r\u00f6tt \u00e4pple.<\/p>\n<p>Destillerad den: 06.12.2010<\/p>\n<p>Flyttad till AmaroneCasks: 2021-02-10<\/p>\n<p>Buteljerad: 2023-06-05<\/p>\n<p>De italienska kollektionsuttrycken destillerades var och en den 6 december 2010, andan l\u00e5g i traditionella ekfat f\u00f6r skotsk whisky i 10 \u00e5r. Den 10 februari 2021 flyttades den sedan till Marsala, Amarone och Barolo vinfat i ytterligare 2 \u00e5r, vilket resulterade i en underbar trio av skotsk whisky med single malt.<\/p>\n","protected":false},"excerpt":{"rendered":"<p>Highland Single Malt Scotch Whisky<\/p>\n","protected":false},"featured_media":52158,"template":"","meta":{"_acf_changed":false,"rs_blank_template":"","rs_page_bg_color":"","slide_template_v7":""},"product_brand":[],"product_cat":[2387,4651,2392],"product_tag":[],"class_list":{"0":"post-52119","1":"product","2":"type-product","3":"status-publish","4":"has-post-thumbnail","6":"product_cat-avec-sv","7":"product_cat-single-malt-sv","8":"product_cat-whisky-sv","9":"pa_land-skottland","10":"pa_procent-46-sv","11":"pa_producent-tomatin-sv","12":"pa_region-highland-sv","13":"pa_volume-70-sv-2","15":"first","16":"instock","17":"sale","18":"taxable","19":"shipping-taxable","20":"purchasable","21":"product-type-simple"},"bundled_by":[],"bundle_stock_status":"instock","bundle_stock_quantity":null,"bundle_virtual":false,"bundle_layout":"","bundle_add_to_cart_form_location":"","bundle_editable_in_cart":false,"bundle_sold_individually_context":"","bundle_item_grouping":"","bundle_min_size":"","bundle_max_size":"","bundle_price":[],"bundled_items":[],"bundle_sell_ids":[],"acf":[],"_links":{"self":[{"href":"https:\/\/www.raschvin.com\/sv\/wp-json\/wp\/v2\/product\/52119","targetHints":{"allow":["GET"]}}],"collection":[{"href":"https:\/\/www.raschvin.com\/sv\/wp-json\/wp\/v2\/product"}],"about":[{"href":"https:\/\/www.raschvin.com\/sv\/wp-json\/wp\/v2\/types\/product"}],"wp:featuredmedia":[{"embeddable":true,"href":"https:\/\/www.raschvin.com\/sv\/wp-json\/wp\/v2\/media\/52158"}],"wp:attachment":[{"href":"https:\/\/www.raschvin.com\/sv\/wp-json\/wp\/v2\/media?parent=52119"}],"wp:term":[{"taxonomy":"product_brand","embeddable":true,"href":"https:\/\/www.raschvin.com\/sv\/wp-json\/wp\/v2\/product_brand?post=52119"},{"taxonomy":"product_cat","embeddable":true,"href":"https:\/\/www.raschvin.com\/sv\/wp-json\/wp\/v2\/product_cat?post=52119"},{"taxonomy":"product_tag","embeddable":true,"href":"https:\/\/www.raschvin.com\/sv\/wp-json\/wp\/v2\/product_tag?post=52119"}],"curies":[{"name":"wp","href":"https:\/\/api.w.org\/{rel}","templated":true}]}}