{"id":51913,"date":"2024-04-04T08:48:07","date_gmt":"2024-04-04T06:48:07","guid":{"rendered":"https:\/\/www.raschvin.com\/produkt\/caisteal-chamuis-12-years-heavily-peated-70-cl-46\/"},"modified":"2024-04-04T08:48:07","modified_gmt":"2024-04-04T06:48:07","slug":"caisteal-chamuis-12-years-heavily-peated-70-cl-46","status":"publish","type":"product","link":"https:\/\/www.raschvin.com\/sv\/produkt\/caisteal-chamuis-12-years-heavily-peated-70-cl-46\/","title":{"rendered":"Caisteal Chamuis 12 Years Heavily Peated 70 cl. 46%"},"content":{"rendered":"<p>R\u00f6kig och \u00e4nd\u00e5 extremt tillg\u00e4nglig \u2013 underbar whisky b\u00e5de f\u00f6r nykomlingar och de som \u00e4r k\u00e4nnare av torv whisky. Blandad p\u00e5 bas av single malt whisky, alla lagrade i minst 12 \u00e5r.<\/p>\n<p>Doft<\/p>\n<p>R\u00f6kt \u2013 men ocks\u00e5 med l\u00e4tt ekkrydda och mild s\u00f6tma.<\/p>\n<p>Smak<\/p>\n<p>Komplex, med torvr\u00f6k och fenol<\/p>\n<p>Eftersmak<\/p>\n<p>L\u00e5ngvarig, rundad och r\u00f6kig<\/p>\n<p>Om produkten<br \/>\nCaisteal Chamuis 12YO Heavily Peated Blended Malt Whisky \u00e4r en kraftigt r\u00f6kt Blended Malt Scotch Whisky, som dock ges stor tillg\u00e4nglighet genom en dubbelfatlagring, som balanserar den feta och salta r\u00f6ksmaken med fruktiga sherrytoner. Den h\u00e4r flaskan fungerar allts\u00e5 som en riktigt bra introduktion till r\u00f6kt whisky \u2013 \u00e4ven om det fortfarande finns mycket att l\u00e4ra \u00e4ven f\u00f6r den rutinerade r\u00f6kn\u00f6rden!<\/p>\n<p>Caisteal Chamuis 12YO sl\u00e4pps icke kylfiltrerad, utan tillsatt f\u00e4rg och med 46% alkohol.<\/p>\n<p>Smakanteckningar<br \/>\nDe 12 \u00e5ren av lagring har mjukat upp havsbrisen fr\u00e5n denna r\u00f6kiga Island-whisky, och har i sin tur lagt till en extremt behaglig ton av kryddig ek och mild s\u00f6tma \u2013 utan tvekan ett resultat av lagringen i sherryfat!<\/p>\n<p>Smaken \u00e4r komplex, med massor av fenoliska toner och en l\u00e5ng, rundad och extremt r\u00f6kig eftersmak.<\/p>\n<p>Caisteal Chamois Whisky<br \/>\nDenna klassiska Island Style Blended Malt Whisky \u00e4r uppkallad efter Caisteal Chamuis (\u00e4ven k\u00e4nd som &#8221;Castle Camus&#8221;) &#8211; en gammal slottsruin p\u00e5 Isle of Skye.<\/p>\n<p>Releasen \u00e4r en hyllning till Hebridernas traditioner och kultur, och \u00e4r ocks\u00e5 gjord som ett (lyckat) experiment i att ta den klassiska isl\u00e4ndska whiskyn, med sin karakteristiska smak av salt- och torvr\u00f6k \u2013 och ge den ett mildare och mer l\u00e4ttillg\u00e4ngligt uttryck. . Det g\u00f6r den bland annat l\u00e4mplig f\u00f6r nykomlingar som \u00e4r intresserade av torv whisky.<\/p>\n<p>Mossburn<br \/>\nMossburn Distillers Ltd. \u00e4r en oberoende whiskytappare som k\u00f6per fat fr\u00e5n whiskydestillerier, d\u00e4r man experimenterar med b\u00e5de inneh\u00e5ll och fat. Resultatet \u00e4r ett stort antal sp\u00e4nnande publikationer, som definitivt kan rekommenderas b\u00e5de till finsmakare och till nyb\u00f6rjare.<\/p>\n<p>MacY \u00e4r mycket glada och stolta \u00f6ver att kunna presentera Mossburns sortiment h\u00e4r i Danmark. Deras utg\u00e5vor h\u00e5ller alltid h\u00f6g kvalitet \u2013 och priset \u00e4r ganska \u00f6verkomligt!<\/p>\n","protected":false},"excerpt":{"rendered":"<p>Blended Malt Scotch Whisky<\/p>\n","protected":false},"featured_media":51928,"template":"","meta":{"_acf_changed":false,"rs_blank_template":"","rs_page_bg_color":"","slide_template_v7":""},"product_brand":[],"product_cat":[2387,4648,2392],"product_tag":[],"class_list":{"0":"post-51913","1":"product","2":"type-product","3":"status-publish","4":"has-post-thumbnail","6":"product_cat-avec-sv","7":"product_cat-blended-malt","8":"product_cat-whisky-sv","9":"pa_land-skottland","10":"pa_procent-46-sv","11":"pa_producent-mossburn-distillers-ltd-sv","12":"pa_volume-70-sv-2","14":"first","15":"instock","16":"sale","17":"taxable","18":"shipping-taxable","19":"purchasable","20":"product-type-simple"},"bundled_by":[],"bundle_stock_status":"instock","bundle_stock_quantity":null,"bundle_virtual":false,"bundle_layout":"","bundle_add_to_cart_form_location":"","bundle_editable_in_cart":false,"bundle_sold_individually_context":"","bundle_item_grouping":"","bundle_min_size":"","bundle_max_size":"","bundle_price":[],"bundled_items":[],"bundle_sell_ids":[],"acf":[],"_links":{"self":[{"href":"https:\/\/www.raschvin.com\/sv\/wp-json\/wp\/v2\/product\/51913","targetHints":{"allow":["GET"]}}],"collection":[{"href":"https:\/\/www.raschvin.com\/sv\/wp-json\/wp\/v2\/product"}],"about":[{"href":"https:\/\/www.raschvin.com\/sv\/wp-json\/wp\/v2\/types\/product"}],"wp:featuredmedia":[{"embeddable":true,"href":"https:\/\/www.raschvin.com\/sv\/wp-json\/wp\/v2\/media\/51928"}],"wp:attachment":[{"href":"https:\/\/www.raschvin.com\/sv\/wp-json\/wp\/v2\/media?parent=51913"}],"wp:term":[{"taxonomy":"product_brand","embeddable":true,"href":"https:\/\/www.raschvin.com\/sv\/wp-json\/wp\/v2\/product_brand?post=51913"},{"taxonomy":"product_cat","embeddable":true,"href":"https:\/\/www.raschvin.com\/sv\/wp-json\/wp\/v2\/product_cat?post=51913"},{"taxonomy":"product_tag","embeddable":true,"href":"https:\/\/www.raschvin.com\/sv\/wp-json\/wp\/v2\/product_tag?post=51913"}],"curies":[{"name":"wp","href":"https:\/\/api.w.org\/{rel}","templated":true}]}}