{"id":51903,"date":"2024-04-04T08:13:47","date_gmt":"2024-04-04T06:13:47","guid":{"rendered":"https:\/\/www.raschvin.com\/produkt\/foursquare-covenant-18y-exceptional-cask-selection-70-cl-58\/"},"modified":"2024-04-04T08:13:47","modified_gmt":"2024-04-04T06:13:47","slug":"foursquare-covenant-18y-exceptional-cask-selection-70-cl-58","status":"publish","type":"product","link":"https:\/\/www.raschvin.com\/sv\/produkt\/foursquare-covenant-18y-exceptional-cask-selection-70-cl-58\/","title":{"rendered":"Foursquare Covenant 18Y Exceptional Cask Selection 70 cl. 58%"},"content":{"rendered":"<p>Begr\u00e4nsad utg\u00e5va, lagrad enkelblandad rom producerad av Foursquare Distillery i Saint Philip, Barbados<br \/>\nDestillerad fr\u00e5n melass av Foursquare Master Distiller &#038; Master Blender Richard Seale<br \/>\nBlandning av rom destillerad p\u00e5 en dubbel Coffey-kolonnstill och dubbel-retort pot still<br \/>\nLagrat p\u00e5 plats p\u00e5 Foursquare Distillery i 18 \u00e5r p\u00e5 ex-bourbonfat<br \/>\nDofter av karamelliserat apelsinskal, aprikos, mj\u00f6lkchoklad\u00f6verdragna jordgubbar och rostade hasseln\u00f6tter leder till en smak av m\u00f6rk choklad, fikon och jordn\u00e4ra, oxiderat vin<br \/>\nInget tillsatt socker, f\u00e4rg\u00e4mnen eller andra tillsatser<br \/>\nEj kylfiltrerad; 58 % ABV<br \/>\nCovenant markerar Foursquares \u00e4ldsta officiella release hittills. Denna rom uppvisar en lockande kombination av frukt och konfekt, och kommer garanterat att uppskattas av b\u00e5de Foursquare-anh\u00e4ngare och de som helt enkelt uppskattar en underbar anda.<\/p>\n","protected":false},"excerpt":{"rendered":"<p>Single Blended Rum \u2013 Barbados<\/p>\n","protected":false},"featured_media":51940,"template":"","meta":{"_acf_changed":false,"rs_blank_template":"","rs_page_bg_color":"","slide_template_v7":""},"product_brand":[],"product_cat":[2387,4634,2391],"product_tag":[],"class_list":{"0":"post-51903","1":"product","2":"type-product","3":"status-publish","4":"has-post-thumbnail","6":"product_cat-avec-sv","7":"product_cat-premium-aged-sv","8":"product_cat-rom-sv","9":"pa_land-barbados-sv","10":"pa_procent-58-sv","11":"pa_producent-foursquare-sv","12":"pa_volume-70-sv-2","14":"first","15":"instock","16":"sold-individually","17":"taxable","18":"shipping-taxable","19":"purchasable","20":"product-type-simple"},"bundled_by":[],"bundle_stock_status":"instock","bundle_stock_quantity":1,"bundle_virtual":false,"bundle_layout":"","bundle_add_to_cart_form_location":"","bundle_editable_in_cart":false,"bundle_sold_individually_context":"","bundle_item_grouping":"","bundle_min_size":"","bundle_max_size":"","bundle_price":[],"bundled_items":[],"bundle_sell_ids":[],"acf":[],"_links":{"self":[{"href":"https:\/\/www.raschvin.com\/sv\/wp-json\/wp\/v2\/product\/51903","targetHints":{"allow":["GET"]}}],"collection":[{"href":"https:\/\/www.raschvin.com\/sv\/wp-json\/wp\/v2\/product"}],"about":[{"href":"https:\/\/www.raschvin.com\/sv\/wp-json\/wp\/v2\/types\/product"}],"wp:featuredmedia":[{"embeddable":true,"href":"https:\/\/www.raschvin.com\/sv\/wp-json\/wp\/v2\/media\/51940"}],"wp:attachment":[{"href":"https:\/\/www.raschvin.com\/sv\/wp-json\/wp\/v2\/media?parent=51903"}],"wp:term":[{"taxonomy":"product_brand","embeddable":true,"href":"https:\/\/www.raschvin.com\/sv\/wp-json\/wp\/v2\/product_brand?post=51903"},{"taxonomy":"product_cat","embeddable":true,"href":"https:\/\/www.raschvin.com\/sv\/wp-json\/wp\/v2\/product_cat?post=51903"},{"taxonomy":"product_tag","embeddable":true,"href":"https:\/\/www.raschvin.com\/sv\/wp-json\/wp\/v2\/product_tag?post=51903"}],"curies":[{"name":"wp","href":"https:\/\/api.w.org\/{rel}","templated":true}]}}