{"id":51675,"date":"2024-03-29T17:31:05","date_gmt":"2024-03-29T16:31:05","guid":{"rendered":"https:\/\/www.raschvin.com\/produkt\/mjoedgaard-mead-gift-box-smagspalette-4x10-cl-15\/"},"modified":"2024-03-29T17:31:05","modified_gmt":"2024-03-29T16:31:05","slug":"mjoedgaard-mead-gift-box-smagspalette-4x10-cl-15","status":"publish","type":"product","link":"https:\/\/www.raschvin.com\/sv\/produkt\/mjoedgaard-mead-gift-box-smagspalette-4x10-cl-15\/","title":{"rendered":"Mj\u00f8dg\u00e5rd Mead &#8211; Gift Box (Smagspalette) 4&#215;10 cl. 15%"},"content":{"rendered":"<p>Presentf\u00f6rpackningen till den du bryr dig om.<br \/>\nVi har gjort en fin och inbjudande presentask, som inneh\u00e5ller fyra av v\u00e5ra mj\u00f6d fr\u00e5n basserien. Kartongen framst\u00e5r som snygg och elegant, men sm\u00e5 tr\u00e4ffande beskrivningar av inneh\u00e5llet. Inuti finns 4x10cl mj\u00f6d av b\u00e4sta danska kvalitet. En presentask, perfekt att ta med som v\u00e4rdpresent, till mors eller fars dag.<\/p>\n<p>Ett lokalt f\u00f6rankrat mj\u00f6dbryggeri<br \/>\nMj\u00f8dg\u00e5rd \u00e4r ett mikrobryggeri p\u00e5 Sydsj\u00e4lland, som brygger mj\u00f6d enligt gamla traditioner och av lokala r\u00e5varor, s\u00e5som \u00f6rter, frukt och b\u00e4r &#8211; handplockat eller fr\u00e5n lokala producenter. Vi \u00e4r inte ekologiskt certifierade, men vi anv\u00e4nder h\u00e5llbara r\u00e5varor.<\/p>\n<p>V\u00e5rt mj\u00f6d \u00e4r s\u00f6tt och milt, och det \u00e4r omsorgsfullt bryggt med honung fr\u00e5n lokala gr\u00f6nbiodlare, f\u00f6r att uppn\u00e5 h\u00f6gsta m\u00f6jliga kvalitet och h\u00e5llbarhet. Mj\u00f8d \u00e4r Nordens naturliga gl\u00f6gg och ett bra alternativ till portvin, Sauterne eller andra dessertviner.<\/p>\n<p>Presentf\u00f6rpackningen \u00e4r ocks\u00e5 den perfekta presenten!<\/p>\n<p>H\u00e4r f\u00e5r du, f\u00f6rutom sm\u00e5 serveringsf\u00f6rslag; 10cl, Fl\u00e4dermj\u00f6d, Skogsmj\u00f6d, \u00c4ngsmj\u00f6d och Ren mj\u00f6d.<\/p>\n<p>Ett set med 4\u00d710 cl mj\u00f6d i fin presentf\u00f6rpackning<br \/>\n&#8221;Gourmetmj\u00f6d med lokala r\u00e5varor &#8211; det m\u00e5ste smakas&#8221;<br \/>\nHar du \u00e4nnu inte bekantat dig med Mj\u00f8dg\u00e5rds honungsgyllene droppar av nordisk gl\u00f6gg? Kan du inte riktigt bra dansk mj\u00f6d \u00e4n? Eller beh\u00f6ver du en bra v\u00e4rdpresent, n\u00e5got f\u00f6r ett jubileum? S\u00e5 h\u00e4r \u00e4r l\u00f6sningen.<\/p>\n<p>Vi har gjort det enkelt f\u00f6r dig och har skapat en l\u00e4cker presentf\u00f6rpackning, med 4 x 10cl flaskor fr\u00e5n Mj\u00f8dg\u00e5rd, s\u00e5 att du kan smaka p\u00e5 alla vanliga sorter, och hitta den eller de som du tycker ska st\u00e5 i barsk\u00e5pet hemma .<\/p>\n<p>Presentf\u00f6rpackningen inneh\u00e5ller v\u00e5ra 4 fasta mj\u00f6d fr\u00e5n basserien som du kan l\u00e4sa om nedan, samt en liten broschyr med serveringsf\u00f6rslag:<\/p>\n<p>\u00c4ldre mj\u00f6d:<\/p>\n<p>Den v\u00e4lk\u00e4nda sommardoften av fl\u00e4derblom, och en god fyllig smak. Eftersmaken \u00e4r l\u00e5ng, med en fast bas av l\u00e4tta bitter\u00e4mnen. S\u00f6tman sitter i underkanten.<\/p>\n<p>Servera iskall som aperitif, eller rykande het fr\u00e5n sm\u00e5 muggar. Njut av fl\u00e4dermj\u00f6den kall med t.ex. vaniljglass och f\u00e4rska jordgubbar doppad i choklad.<\/p>\n<p>Detta \u00e4r bryggarens val n\u00e4r man bjuder p\u00e5 en v\u00e4lkomstaperitif, en kall drink i sommarv\u00e4rmen eller som ers\u00e4ttning f\u00f6r julgl\u00f6ggen.<\/p>\n<p>Ingredienser: Vatten, dansk honung, fl\u00e4derblom, j\u00e4st. V\u00e4gledning 15% alkohol<\/p>\n<p>Skogsmj\u00f6d:<\/p>\n<p>Allt gott fr\u00e5n de danska skogarna samlade i ett mj\u00f6d. Vildb\u00e4rens syrlighet ger en fin motpol till honungen i detta mj\u00f6d. Den har en fyllig botten med smaken fr\u00e5n eken. En delikat och h\u00e4rlig eftersmak.<\/p>\n<p>Ett mj\u00f6d d\u00e4r smaken fr\u00e5n b\u00e4ren och syran har f\u00e5tt dominera, vilket g\u00f6r att detta mj\u00f6d sticker ut mest fr\u00e5n de andra brygderna.<\/p>\n<p>Passar till alla dessertbord, serveras kallt med ostar, glass, frukt, t\u00e5rta och m\u00f6rk choklad.<\/p>\n<p>Det h\u00e4r \u00e4r bryggarens favorit att brygga. Det \u00e4r ett roligt mj\u00f6d att s\u00e4tta ihop, p\u00e5 grund av de m\u00e5nga smakerna i denna brygd.<\/p>\n<p>Ingredienser: Vatten, dansk honung, bj\u00f6rnb\u00e4r, svarta vinb\u00e4r, jordgubbar, vinb\u00e4r, ek och j\u00e4st. V\u00e4gledning 15% alkohol<\/p>\n<p>Pure Mead:<\/p>\n<p>Rent mj\u00f6d har som namnet antyder en mycket ren smak och doft av honung, den har en fin balans mellan s\u00f6tma och syra och n\u00f6tiga bittra toner som balanserar s\u00f6tman. Den har en l\u00e5ng eftersmak, d\u00e4r den rena honungss\u00f6tman kommer fram mer och fyller munnen l\u00e4nge. Detta mj\u00f6d l\u00e4gger vi p\u00e5 v\u00e5rt stora ekfat, f\u00f6r att f\u00f6rvaringen ska bli extra fin till detta mj\u00f6d.<\/p>\n<p>\u2013 Det h\u00e4r \u00e4r bryggarens &#8221;k\u00f6ksmj\u00f6d&#8221;, som f\u00f6rutom sin klassiska och rena mj\u00f6dsmak \u00e4r perfekt att anv\u00e4nda i k\u00f6ket n\u00e4r man g\u00f6r dressingar, marinader m.m.<\/p>\n<p>Ingredienser:<br \/>\nVatten, dansk honung, j\u00e4st. V\u00e4gledning 16% alkohol<\/p>\n<p>\u00c4ngs\u00e4ng:<\/p>\n<p>\u00c4ngs\u00e4ng \u00e4r en halvs\u00f6t mj\u00f6d, d\u00e4r mj\u00f6d\u00f6rtens smak\u00e4mnen tillf\u00f6r en fruktig upplevelse och minskar k\u00e4nslan av s\u00f6tma. Ett unikt mj\u00f6d, med en mycket speciell karakt\u00e4r och personlighet.<\/p>\n<p>\u00c4ngs\u00e4ngen passar utm\u00e4rkt till att marinera vilt, till ostbrickan, m\u00f6rk choklad, glass eller i v\u00e4lkomstdrink.<\/p>\n<p>\u2013 Det h\u00e4r \u00e4r bryggarens favorit, som rekommenderar detta mj\u00f6d som en speciell f\u00f6ljeslagare till den goda osten.<\/p>\n<p>Ingredienser: Vatten, dansk honung, mj\u00f6d\u00f6rt, j\u00e4st. V\u00e4gledning 15% alkohol<\/p>\n","protected":false},"excerpt":{"rendered":"<p>Danish Quality Mead<\/p>\n","protected":false},"featured_media":51799,"template":"","meta":{"_acf_changed":false,"rs_blank_template":"","rs_page_bg_color":"","slide_template_v7":""},"product_brand":[],"product_cat":[4427],"product_tag":[],"class_list":{"0":"post-51675","1":"product","2":"type-product","3":"status-publish","4":"has-post-thumbnail","6":"product_cat-mjod","7":"pa_land-danmark-sv","8":"pa_procent-15-sv","9":"pa_volume-40-sv","11":"first","12":"instock","13":"taxable","14":"shipping-taxable","15":"purchasable","16":"product-type-simple"},"bundled_by":[],"bundle_stock_status":"instock","bundle_stock_quantity":null,"bundle_virtual":false,"bundle_layout":"","bundle_add_to_cart_form_location":"","bundle_editable_in_cart":false,"bundle_sold_individually_context":"","bundle_item_grouping":"","bundle_min_size":"","bundle_max_size":"","bundle_price":[],"bundled_items":[],"bundle_sell_ids":[],"acf":[],"_links":{"self":[{"href":"https:\/\/www.raschvin.com\/sv\/wp-json\/wp\/v2\/product\/51675","targetHints":{"allow":["GET"]}}],"collection":[{"href":"https:\/\/www.raschvin.com\/sv\/wp-json\/wp\/v2\/product"}],"about":[{"href":"https:\/\/www.raschvin.com\/sv\/wp-json\/wp\/v2\/types\/product"}],"wp:featuredmedia":[{"embeddable":true,"href":"https:\/\/www.raschvin.com\/sv\/wp-json\/wp\/v2\/media\/51799"}],"wp:attachment":[{"href":"https:\/\/www.raschvin.com\/sv\/wp-json\/wp\/v2\/media?parent=51675"}],"wp:term":[{"taxonomy":"product_brand","embeddable":true,"href":"https:\/\/www.raschvin.com\/sv\/wp-json\/wp\/v2\/product_brand?post=51675"},{"taxonomy":"product_cat","embeddable":true,"href":"https:\/\/www.raschvin.com\/sv\/wp-json\/wp\/v2\/product_cat?post=51675"},{"taxonomy":"product_tag","embeddable":true,"href":"https:\/\/www.raschvin.com\/sv\/wp-json\/wp\/v2\/product_tag?post=51675"}],"curies":[{"name":"wp","href":"https:\/\/api.w.org\/{rel}","templated":true}]}}