{"id":51545,"date":"2024-03-28T17:38:40","date_gmt":"2024-03-28T16:38:40","guid":{"rendered":"https:\/\/www.raschvin.com\/produkt\/libertiner-lux-pinot-noir-igp-pays-doc-eco-75-cl\/"},"modified":"2024-03-28T17:38:40","modified_gmt":"2024-03-28T16:38:40","slug":"libertiner-lux-pinot-noir-igp-pays-doc-eco-75-cl","status":"publish","type":"product","link":"https:\/\/www.raschvin.com\/sv\/produkt\/libertiner-lux-pinot-noir-igp-pays-doc-eco-75-cl\/","title":{"rendered":"Libertiner LUX Pinot Noir IGP Pays d\u2019Oc (ECO) 75 cl."},"content":{"rendered":"<p>Pinot Noir Libertiner \u00e4r ett f\u00f6rtrollande vin som kommer fr\u00e5n s\u00f6dra Frankrike, k\u00e4nt f\u00f6r sitt varma klimat och frodiga landskap.<\/p>\n<p>Vinet erbjuder en intensiv fruktsmak med toner av r\u00f6da b\u00e4r som k\u00f6rsb\u00e4r, jordgubbar och hallon. L\u00e4ckra inslag av krydda s\u00e5v\u00e4l som subtila, jordn\u00e4ra undertoner. Den avslutas med en fin mjukhet och en l\u00e5ng, behaglig eftersmak.<\/p>\n<p>Libertine \u00e4r ett m\u00e5ngsidigt vin som fungerar bra till l\u00e4ttare r\u00e4tter som fisk, kyckling, svamp, fl\u00e4sk och olika ostar.<\/p>\n<p>Vi ska ta hand om v\u00e5r vackra natur. D\u00e4rf\u00f6r \u00e4r vinerna fr\u00e5n ROOTS BEVERAGES certifierade ekologiska och noggrant utvalda fr\u00e5n ansvarsfulla producenter som producerar sina viner utan anv\u00e4ndning av bek\u00e4mpningsmedel och med l\u00e5g halt av sulfiter. Det \u00e4r ett v\u00e4sentligt krav att kvaliteten p\u00e5 vinerna \u00e4r b\u00e4ttre \u00e4n den som finns p\u00e5 marknaden i samma prisklass.<\/p>\n<p>Det spelar ingen roll f\u00f6r kvaliteten p\u00e5 ett vin om det buteljeras hos producenten utomlands eller transporteras till DK i sterila tankar till en toppmodern tappningsanl\u00e4ggning n\u00e4ra d\u00e4r det ska s\u00e4ljas. Men det g\u00f6r stor skillnad f\u00f6r milj\u00f6n. CO2-utsl\u00e4ppen minskar avsev\u00e4rt vid transport i tank snarare \u00e4n p\u00e5 flaska, d\u00e5 betydligt mer vin kan transporteras pr. lastbil.<\/p>\n","protected":false},"excerpt":{"rendered":"<p>Roots Beverages \u2013 Georg Bestle France<\/p>\n","protected":false},"featured_media":51563,"template":"","meta":{"_acf_changed":false,"rs_blank_template":"","rs_page_bg_color":"","slide_template_v7":""},"product_brand":[],"product_cat":[2788,2798],"product_tag":[],"class_list":{"0":"post-51545","1":"product","2":"type-product","3":"status-publish","4":"has-post-thumbnail","6":"product_cat-vin-sv","7":"product_cat-roedvin-sv","8":"pa_aargang-2022-sv","9":"pa_drue-pinot-noir-sv","10":"pa_land-frankrike","11":"pa_oekologisk-yes-sv","12":"pa_procent-13-5-sv","13":"pa_producent-georg-bestle-sv","14":"pa_region-pays-doc-sv-2","15":"pa_serveringstemperatur-16-18-sv","16":"pa_volume-75-sv","18":"first","19":"instock","20":"taxable","21":"shipping-taxable","22":"purchasable","23":"product-type-simple"},"bundled_by":[],"bundle_stock_status":"instock","bundle_stock_quantity":null,"bundle_virtual":false,"bundle_layout":"","bundle_add_to_cart_form_location":"","bundle_editable_in_cart":false,"bundle_sold_individually_context":"","bundle_item_grouping":"","bundle_min_size":"","bundle_max_size":"","bundle_price":[],"bundled_items":[],"bundle_sell_ids":[],"acf":[],"_links":{"self":[{"href":"https:\/\/www.raschvin.com\/sv\/wp-json\/wp\/v2\/product\/51545","targetHints":{"allow":["GET"]}}],"collection":[{"href":"https:\/\/www.raschvin.com\/sv\/wp-json\/wp\/v2\/product"}],"about":[{"href":"https:\/\/www.raschvin.com\/sv\/wp-json\/wp\/v2\/types\/product"}],"wp:featuredmedia":[{"embeddable":true,"href":"https:\/\/www.raschvin.com\/sv\/wp-json\/wp\/v2\/media\/51563"}],"wp:attachment":[{"href":"https:\/\/www.raschvin.com\/sv\/wp-json\/wp\/v2\/media?parent=51545"}],"wp:term":[{"taxonomy":"product_brand","embeddable":true,"href":"https:\/\/www.raschvin.com\/sv\/wp-json\/wp\/v2\/product_brand?post=51545"},{"taxonomy":"product_cat","embeddable":true,"href":"https:\/\/www.raschvin.com\/sv\/wp-json\/wp\/v2\/product_cat?post=51545"},{"taxonomy":"product_tag","embeddable":true,"href":"https:\/\/www.raschvin.com\/sv\/wp-json\/wp\/v2\/product_tag?post=51545"}],"curies":[{"name":"wp","href":"https:\/\/api.w.org\/{rel}","templated":true}]}}