{"id":51542,"date":"2024-03-28T17:33:31","date_gmt":"2024-03-28T16:33:31","guid":{"rendered":"https:\/\/www.raschvin.com\/produkt\/libertiner-lux-chardonnay-igp-pays-doc-eco-75-cl\/"},"modified":"2024-03-28T17:33:31","modified_gmt":"2024-03-28T16:33:31","slug":"libertiner-lux-chardonnay-igp-pays-doc-eco-75-cl","status":"publish","type":"product","link":"https:\/\/www.raschvin.com\/sv\/produkt\/libertiner-lux-chardonnay-igp-pays-doc-eco-75-cl\/","title":{"rendered":"Libertiner LUX Chardonnay IGP Pays d\u2019Oc (ECO) 75 cl."},"content":{"rendered":"<p>Denna vackra, sydfranska Chardonnay har en klar och halmgul f\u00e4rg.<\/p>\n<p>I doften m\u00f6ts du av uppfriskande toner av citrus och grapefrukt samt inslag av gr\u00f6na \u00e4pplen, p\u00e4ron, ananas och mango. Vinet har \u00e4ven en subtil mineralitet och en bra syrastruktur.<\/p>\n<p>Libertiner Chardonnay passar som aperitif eller som tillbeh\u00f6r till l\u00e4ttare r\u00e4tter som skaldjur, fisk, kyckling eller sallader.<\/p>\n<p>Vi ska ta hand om v\u00e5r vackra natur. D\u00e4rf\u00f6r \u00e4r vinerna fr\u00e5n ROOTS BEVERAGES certifierade ekologiska och noggrant utvalda fr\u00e5n ansvarsfulla producenter som producerar sina viner utan anv\u00e4ndning av bek\u00e4mpningsmedel och med l\u00e5g halt av sulfiter. Det \u00e4r ett v\u00e4sentligt krav att kvaliteten p\u00e5 vinerna \u00e4r b\u00e4ttre \u00e4n den som finns p\u00e5 marknaden i samma prisklass.<\/p>\n<p>Det spelar ingen roll f\u00f6r kvaliteten p\u00e5 ett vin om det buteljeras hos producenten utomlands eller transporteras till DK i sterila tankar till en toppmodern tappningsanl\u00e4ggning n\u00e4ra d\u00e4r det ska s\u00e4ljas. Men det g\u00f6r stor skillnad f\u00f6r milj\u00f6n. CO2-utsl\u00e4ppen minskar avsev\u00e4rt vid transport i tank snarare \u00e4n p\u00e5 flaska, d\u00e5 betydligt mer vin kan transporteras pr. lastbil.<\/p>\n","protected":false},"excerpt":{"rendered":"<p>Roots Beverages \u2013 Georg Bestle France<\/p>\n","protected":false},"featured_media":51596,"template":"","meta":{"_acf_changed":false,"rs_blank_template":"","rs_page_bg_color":"","slide_template_v7":""},"product_brand":[],"product_cat":[2788,2792],"product_tag":[],"class_list":{"0":"post-51542","1":"product","2":"type-product","3":"status-publish","4":"has-post-thumbnail","6":"product_cat-vin-sv","7":"product_cat-vitt-vin","8":"pa_aargang-2022-sv","9":"pa_drue-chardonnay-sv","10":"pa_land-frankrike","11":"pa_oekologisk-yes-sv","12":"pa_procent-13-5-sv","13":"pa_producent-georg-bestle-sv","14":"pa_region-pays-doc-sv","15":"pa_serveringstemperatur-8-10-sv","16":"pa_volume-75-sv","18":"first","19":"instock","20":"taxable","21":"shipping-taxable","22":"purchasable","23":"product-type-simple"},"bundled_by":[],"bundle_stock_status":"instock","bundle_stock_quantity":null,"bundle_virtual":false,"bundle_layout":"","bundle_add_to_cart_form_location":"","bundle_editable_in_cart":false,"bundle_sold_individually_context":"","bundle_item_grouping":"","bundle_min_size":"","bundle_max_size":"","bundle_price":[],"bundled_items":[],"bundle_sell_ids":[],"acf":[],"_links":{"self":[{"href":"https:\/\/www.raschvin.com\/sv\/wp-json\/wp\/v2\/product\/51542","targetHints":{"allow":["GET"]}}],"collection":[{"href":"https:\/\/www.raschvin.com\/sv\/wp-json\/wp\/v2\/product"}],"about":[{"href":"https:\/\/www.raschvin.com\/sv\/wp-json\/wp\/v2\/types\/product"}],"wp:featuredmedia":[{"embeddable":true,"href":"https:\/\/www.raschvin.com\/sv\/wp-json\/wp\/v2\/media\/51596"}],"wp:attachment":[{"href":"https:\/\/www.raschvin.com\/sv\/wp-json\/wp\/v2\/media?parent=51542"}],"wp:term":[{"taxonomy":"product_brand","embeddable":true,"href":"https:\/\/www.raschvin.com\/sv\/wp-json\/wp\/v2\/product_brand?post=51542"},{"taxonomy":"product_cat","embeddable":true,"href":"https:\/\/www.raschvin.com\/sv\/wp-json\/wp\/v2\/product_cat?post=51542"},{"taxonomy":"product_tag","embeddable":true,"href":"https:\/\/www.raschvin.com\/sv\/wp-json\/wp\/v2\/product_tag?post=51542"}],"curies":[{"name":"wp","href":"https:\/\/api.w.org\/{rel}","templated":true}]}}