{"id":51533,"date":"2024-03-28T16:49:47","date_gmt":"2024-03-28T15:49:47","guid":{"rendered":"https:\/\/www.raschvin.com\/produkt\/libertiner-rouge-igp-pays-doc-eco-75-cl\/"},"modified":"2024-03-28T16:49:47","modified_gmt":"2024-03-28T15:49:47","slug":"libertiner-rouge-igp-pays-doc-eco-75-cl","status":"publish","type":"product","link":"https:\/\/www.raschvin.com\/sv\/produkt\/libertiner-rouge-igp-pays-doc-eco-75-cl\/","title":{"rendered":"Libertiner Rouge IGP Pays d\u2019Oc (ECO) 75 cl."},"content":{"rendered":"<p>En libertin \u00e4r en person som inte l\u00e5ter sig begr\u00e4nsas av normer. En libertin f\u00f6ljer sina egna regler och vill uppleva allt som livet har att erbjuda. En filosofi som kan \u00f6verf\u00f6ras direkt till detta vin, som \u00e4r den perfekta f\u00f6ljeslagaren f\u00f6r livets goda stunder. L\u00e4tt att njuta av.<\/p>\n<p>Druvorna (Carignan 70%, Syrah 20% och Grenache 10%) till detta vin kommer fr\u00e5n ving\u00e5rdar i Languedoc, varav flera ligger p\u00e5 h\u00f6g h\u00f6jd, vilket ger en fin komplexitet till vinet. Vinet j\u00e4ser och lagras i 6 m\u00e5nader i st\u00e5ltankar.<\/p>\n<p>Libertiner Rouge har en djup, rubinr\u00f6d f\u00e4rg och ett rikt uttryck. I glaset hittar du aromer av svarta vinb\u00e4r, vinb\u00e4r, jordgubbar och \u00f6rter.<\/p>\n<p>Ett l\u00e4ckert sydfranskt r\u00f6dvin, som passar perfekt till en festlig sammankomst eller till sjudning och k\u00f6ttr\u00e4tter, t.ex. n\u00f6tk\u00f6tt eller lamm, med m\u00f6rka s\u00e5ser.<\/p>\n<p>Georg Bestle<br \/>\nVinerna i denna serie har valts ut av \u00d8stjysk Vinforsyning\/VINOBLE och buteljeras hemma i samarbete med Georg Bestle (grundat 1892, Royal Court-leverant\u00f6r). Vinerna ska vara klassiska representanter f\u00f6r varje omr\u00e5de, och deras kvalitet ska ge &#8221;valuta f\u00f6r pengarna&#8221;.<\/p>\n","protected":false},"excerpt":{"rendered":"<p>Roots Beverages &#8211; Georg Bestle France<\/p>\n","protected":false},"featured_media":51599,"template":"","meta":{"_acf_changed":false,"rs_blank_template":"","rs_page_bg_color":"","slide_template_v7":""},"product_brand":[],"product_cat":[2788,2798],"product_tag":[],"class_list":{"0":"post-51533","1":"product","2":"type-product","3":"status-publish","4":"has-post-thumbnail","6":"product_cat-vin-sv","7":"product_cat-roedvin-sv","8":"pa_aargang-2021-sv","9":"pa_drue-carignan-sv","10":"pa_drue-grenache-noir-sv","11":"pa_drue-syrah-sv","12":"pa_land-frankrike","13":"pa_oekologisk-yes-sv","14":"pa_procent-13-5-sv","15":"pa_producent-georg-bestle-sv","16":"pa_region-pays-doc-sv-2","17":"pa_serveringstemperatur-18-20-sv","18":"pa_volume-75-sv","20":"first","21":"instock","22":"taxable","23":"shipping-taxable","24":"purchasable","25":"product-type-simple"},"bundled_by":[],"bundle_stock_status":"instock","bundle_stock_quantity":null,"bundle_virtual":false,"bundle_layout":"","bundle_add_to_cart_form_location":"","bundle_editable_in_cart":false,"bundle_sold_individually_context":"","bundle_item_grouping":"","bundle_min_size":"","bundle_max_size":"","bundle_price":[],"bundled_items":[],"bundle_sell_ids":[],"acf":[],"_links":{"self":[{"href":"https:\/\/www.raschvin.com\/sv\/wp-json\/wp\/v2\/product\/51533","targetHints":{"allow":["GET"]}}],"collection":[{"href":"https:\/\/www.raschvin.com\/sv\/wp-json\/wp\/v2\/product"}],"about":[{"href":"https:\/\/www.raschvin.com\/sv\/wp-json\/wp\/v2\/types\/product"}],"wp:featuredmedia":[{"embeddable":true,"href":"https:\/\/www.raschvin.com\/sv\/wp-json\/wp\/v2\/media\/51599"}],"wp:attachment":[{"href":"https:\/\/www.raschvin.com\/sv\/wp-json\/wp\/v2\/media?parent=51533"}],"wp:term":[{"taxonomy":"product_brand","embeddable":true,"href":"https:\/\/www.raschvin.com\/sv\/wp-json\/wp\/v2\/product_brand?post=51533"},{"taxonomy":"product_cat","embeddable":true,"href":"https:\/\/www.raschvin.com\/sv\/wp-json\/wp\/v2\/product_cat?post=51533"},{"taxonomy":"product_tag","embeddable":true,"href":"https:\/\/www.raschvin.com\/sv\/wp-json\/wp\/v2\/product_tag?post=51533"}],"curies":[{"name":"wp","href":"https:\/\/api.w.org\/{rel}","templated":true}]}}