{"id":51456,"date":"2025-05-03T08:39:02","date_gmt":"2025-05-03T06:39:02","guid":{"rendered":"https:\/\/www.raschvin.com\/produkt\/proper-no-twelve-irish-apple-conor-mcgregor-70-cl-35\/"},"modified":"2024-03-28T08:40:21","modified_gmt":"2024-03-28T07:40:21","slug":"proper-no-twelve-irish-apple-conor-mcgregor-70-cl-35","status":"publish","type":"product","link":"https:\/\/www.raschvin.com\/sv\/produkt\/proper-no-twelve-irish-apple-conor-mcgregor-70-cl-35\/","title":{"rendered":"Proper No. Twelve Irish Apple \u2013 Conor McGregor 70 cl. 35%"},"content":{"rendered":"<p>G\u00f6r dig redo att uppleva den rika och robusta smaken av Proper Irish Apple Whisky, en f\u00f6rstklassig sprit gjord av ingen mindre \u00e4n Conor McGregor sj\u00e4lv, en sann irl\u00e4ndare som kan ett och annat om bra whisky. Blandar det finaste gyllene korn och singelmalt, denna whisky har en len, sammetslen konsistens som perfekt kompletteras med subtila inslag av f\u00e4rskt \u00e4pple. Resultatet \u00e4r en perfekt balanserad smak som \u00e4r b\u00e5de komplex och l\u00e4ttillg\u00e4nglig, med ett h\u00e4rligt samspel av smaker som s\u00e4kerligen kommer att tillfredsst\u00e4lla \u00e4ven de mest kr\u00e4sna smakerna. Oavsett om du dricker direkt eller blandas i din favoritcocktail, \u00e4r Proper Irish Apple Whisky ett m\u00e5ste f\u00f6r alla som vill njuta av en verkligt exceptionell irl\u00e4ndsk whiskyupplevelse.<\/p>\n<p>Proper No. Twelve Irish Whiskey har tillk\u00e4nnagett lanseringen av Proper No. Twelve Irish Apple, ett till\u00e4gg till den irl\u00e4ndska whiskyportf\u00f6ljen som grundades av MMA-m\u00e4staren och entrepren\u00f6ren Conor McGregor, tillsammans med Audie Attar och Ken Austin.<\/p>\n<p>&#8221;Jag \u00e4r stolt \u00f6ver att tillk\u00e4nnage lanseringen av Proper No. Tolv Irish Apple&#8221;, s\u00e4ger McGregor. \u201dDen h\u00e4r nya produkten och dess magnifika smakprofil kommer att krossa konkurrenterna. Vi har arbetat p\u00e5 denna v\u00e4tska i flera \u00e5r och har kombinerat min prisbel\u00f6nta whisky som mina fans k\u00e4nner och \u00e4lskar med l\u00e4ckra toner av krispiga och saftiga irl\u00e4ndska \u00e4pple med en sl\u00e4t finish som ingen annan. Proper nr. Twelve Irish Apple \u00e4r flytande guld och jag skulle aldrig n\u00f6ja mig med mindre.\u201d<\/p>\n","protected":false},"excerpt":{"rendered":"<p>Proper No. Twelve Irish Whiskey With Natural Apple Flavours <\/p>\n","protected":false},"featured_media":51495,"template":"","meta":{"_acf_changed":false,"rs_blank_template":"","rs_page_bg_color":"","slide_template_v7":""},"product_brand":[],"product_cat":[2387,4768,2390,2392,4682],"product_tag":[],"class_list":{"0":"post-51456","1":"product","2":"type-product","3":"status-publish","4":"has-post-thumbnail","6":"product_cat-avec-sv","7":"product_cat-irish-pot-still-sv","8":"product_cat-sprit","9":"product_cat-whisky-sv","10":"product_cat-whiskylikor","11":"pa_land-irland-sv","12":"pa_procent-35-sv","13":"pa_producent-old-bushmills-distillery-company-sv","14":"pa_volume-70-sv-2","16":"first","17":"instock","18":"sale","19":"taxable","20":"shipping-taxable","21":"purchasable","22":"product-type-simple"},"bundled_by":[],"bundle_stock_status":"instock","bundle_stock_quantity":null,"bundle_virtual":false,"bundle_layout":"","bundle_add_to_cart_form_location":"","bundle_editable_in_cart":false,"bundle_sold_individually_context":"","bundle_item_grouping":"","bundle_min_size":"","bundle_max_size":"","bundle_price":[],"bundled_items":[],"bundle_sell_ids":[],"acf":[],"_links":{"self":[{"href":"https:\/\/www.raschvin.com\/sv\/wp-json\/wp\/v2\/product\/51456","targetHints":{"allow":["GET"]}}],"collection":[{"href":"https:\/\/www.raschvin.com\/sv\/wp-json\/wp\/v2\/product"}],"about":[{"href":"https:\/\/www.raschvin.com\/sv\/wp-json\/wp\/v2\/types\/product"}],"wp:featuredmedia":[{"embeddable":true,"href":"https:\/\/www.raschvin.com\/sv\/wp-json\/wp\/v2\/media\/51495"}],"wp:attachment":[{"href":"https:\/\/www.raschvin.com\/sv\/wp-json\/wp\/v2\/media?parent=51456"}],"wp:term":[{"taxonomy":"product_brand","embeddable":true,"href":"https:\/\/www.raschvin.com\/sv\/wp-json\/wp\/v2\/product_brand?post=51456"},{"taxonomy":"product_cat","embeddable":true,"href":"https:\/\/www.raschvin.com\/sv\/wp-json\/wp\/v2\/product_cat?post=51456"},{"taxonomy":"product_tag","embeddable":true,"href":"https:\/\/www.raschvin.com\/sv\/wp-json\/wp\/v2\/product_tag?post=51456"}],"curies":[{"name":"wp","href":"https:\/\/api.w.org\/{rel}","templated":true}]}}