{"id":51453,"date":"2024-03-28T08:25:41","date_gmt":"2024-03-28T07:25:41","guid":{"rendered":"https:\/\/www.raschvin.com\/produkt\/absolut-watermelon-70-cl-38\/"},"modified":"2024-03-28T08:25:41","modified_gmt":"2024-03-28T07:25:41","slug":"absolut-watermelon-70-cl-38","status":"publish","type":"product","link":"https:\/\/www.raschvin.com\/sv\/produkt\/absolut-watermelon-70-cl-38\/","title":{"rendered":"Absolut Watermelon 70 cl. 38%"},"content":{"rendered":"<p>Den s\u00f6ta och friska smaken av f\u00e4rsk vattenmelon helt utan tillsatt socker g\u00f6r Absolut Watermelon till en sj\u00e4lvklar sommarfavorit. H\u00e4rligt uppfriskande smak av s\u00f6t vattenmelon g\u00f6r det till den perfekta smaken att mixa alla sommarens drinkar med. Testa den som den \u00e4r p\u00e5 is, mixa med soda, tonic eller blanda din favoritcocktail med Absolut Watermelon.<\/p>\n<p>Absolut Watermelon Cosmopolitan<\/p>\n<p>Ingredienser<br \/>\n45 ml Absolut Watermelon<br \/>\n25 ml Triple Sec<br \/>\n25 ml Limejuice<br \/>\n15 ml Tranb\u00e4rsjuice<br \/>\nLimezest<\/p>\n<p>Hur man g\u00f6r<br \/>\nTills\u00e4tt alla ingredienser i en shaker och fyll med is. Skaka tills kallt och sila ner i ett kylt cocktailglas. Garnera med en limezest.<\/p>\n<p>VAD SMAKAR ABSOLUT WATERMELON?<\/p>\n<p>\u201cIt\u2019s like the bite of a thirst-quenching watermelon you get on a hot summer\u2019s day. It starts with a sophisticated dull taste, closer to cucumber than you might think, that grows into a luscious, sweet flavour. \u201d<\/p>\n<p>\u2013 Daniel, Sensory Manager, Absolut<\/p>\n","protected":false},"excerpt":{"rendered":"<p>Swedish Watermelon Flavored Vodka<\/p>\n","protected":false},"featured_media":51507,"template":"","meta":{"_acf_changed":false,"rs_blank_template":"","rs_page_bg_color":"","slide_template_v7":""},"product_brand":[],"product_cat":[2402,2409,4614],"product_tag":[],"class_list":{"0":"post-51453","1":"product","2":"type-product","3":"status-publish","4":"has-post-thumbnail","6":"product_cat-sprit-sv","7":"product_cat-vodka-sv","8":"product_cat-flavoured-sv","9":"pa_land-sverige-sv","10":"pa_procent-38-sv","11":"pa_producent-absolut-sv","12":"pa_region-skaane-sv","13":"pa_volume-70-sv-2","15":"first","16":"instock","17":"taxable","18":"shipping-taxable","19":"purchasable","20":"product-type-simple"},"bundled_by":[],"bundle_stock_status":"instock","bundle_stock_quantity":null,"bundle_virtual":false,"bundle_layout":"","bundle_add_to_cart_form_location":"","bundle_editable_in_cart":false,"bundle_sold_individually_context":"","bundle_item_grouping":"","bundle_min_size":"","bundle_max_size":"","bundle_price":[],"bundled_items":[],"bundle_sell_ids":[],"acf":[],"_links":{"self":[{"href":"https:\/\/www.raschvin.com\/sv\/wp-json\/wp\/v2\/product\/51453","targetHints":{"allow":["GET"]}}],"collection":[{"href":"https:\/\/www.raschvin.com\/sv\/wp-json\/wp\/v2\/product"}],"about":[{"href":"https:\/\/www.raschvin.com\/sv\/wp-json\/wp\/v2\/types\/product"}],"wp:featuredmedia":[{"embeddable":true,"href":"https:\/\/www.raschvin.com\/sv\/wp-json\/wp\/v2\/media\/51507"}],"wp:attachment":[{"href":"https:\/\/www.raschvin.com\/sv\/wp-json\/wp\/v2\/media?parent=51453"}],"wp:term":[{"taxonomy":"product_brand","embeddable":true,"href":"https:\/\/www.raschvin.com\/sv\/wp-json\/wp\/v2\/product_brand?post=51453"},{"taxonomy":"product_cat","embeddable":true,"href":"https:\/\/www.raschvin.com\/sv\/wp-json\/wp\/v2\/product_cat?post=51453"},{"taxonomy":"product_tag","embeddable":true,"href":"https:\/\/www.raschvin.com\/sv\/wp-json\/wp\/v2\/product_tag?post=51453"}],"curies":[{"name":"wp","href":"https:\/\/api.w.org\/{rel}","templated":true}]}}