{"id":51298,"date":"2024-03-27T14:30:07","date_gmt":"2024-03-27T13:30:07","guid":{"rendered":"https:\/\/www.raschvin.com\/produkt\/errazuriz-don-maximiano-founders-reserve-2013-75-cl\/"},"modified":"2025-12-02T09:05:03","modified_gmt":"2025-12-02T08:05:03","slug":"errazuriz-don-maximiano-founders-reserve-2013-75-cl","status":"publish","type":"product","link":"https:\/\/www.raschvin.com\/sv\/produkt\/errazuriz-don-maximiano-founders-reserve-2013-75-cl\/","title":{"rendered":"Errazuriz &#8211; Don Maximiano Founder&#8217;s Reserve 2016 75 cl."},"content":{"rendered":"<p data-start=\"3336\" data-end=\"3711\">\u00c5rg\u00e5ng 2016 av Don Maximiano \u00e4r ett \u00e5r d\u00e5 man verkligen kan uppskatta vad en sval v\u00e4xts\u00e4song betyder f\u00f6r vinet. Resultatet \u00e4r n\u00e4mligen ett unikt och f\u00e4ngslande vin med en sl\u00e5ende perfekt balans och elegans. Inspirerad av den klassiska Bordeauxtraditionen \u00f6kar Err\u00e1zuriz vinets komplexitet genom att tills\u00e4tta en mindre m\u00e4ngd Cabernet Franc och Merlot till Cabernet Sauvignon.<\/p>\n<p data-start=\"3713\" data-end=\"4090\">Vinet bjuder p\u00e5 en vacker doft av rostade kaffeb\u00f6nor, kakao och svarta vinb\u00e4r som fl\u00e4tar samman med toner av f\u00e4rska tranb\u00e4r och k\u00f6rsb\u00e4rspaj. I munnen dominerar genomtr\u00e4ngande r\u00f6da k\u00f6rsb\u00e4r, bj\u00f6rnb\u00e4r och bl\u00e5b\u00e4r i ett h\u00e4rligt inbjudande vin. Stor sp\u00e4nning och koncentration med fina tanniner och en fantastisk balans som k\u00e4nnetecknar ett vin med anm\u00e4rkningsv\u00e4rd lagringspotential.<\/p>\n<p data-start=\"4092\" data-end=\"4152\"><strong data-start=\"4092\" data-end=\"4104\">97 PO\u00c4NG<\/strong><br data-start=\"4104\" data-end=\"4107\" \/>Descorchados<br data-start=\"4119\" data-end=\"4122\" \/>Recenserad av Patricio Tapia<\/p>\n<p data-start=\"4154\" data-end=\"4180\"><strong data-start=\"4154\" data-end=\"4166\">96 PO\u00c4NG<\/strong><br data-start=\"4166\" data-end=\"4169\" \/>Tim Atkin<\/p>\n<p data-start=\"4182\" data-end=\"4243\"><strong data-start=\"4182\" data-end=\"4194\">93 PO\u00c4NG<\/strong><br data-start=\"4194\" data-end=\"4197\" \/>Robert Parker<br data-start=\"4210\" data-end=\"4213\" \/>Recenserad av Luis Guti\u00e9rrez<\/p>\n<blockquote data-start=\"4245\" data-end=\"4474\">\n<p data-start=\"4247\" data-end=\"4474\">\u201dDet \u00e4r en ultraklassisk Cabernet-baserad blend fr\u00e5n Aconcagua med fin mognad men samtidigt bevarad friskhet. Den gener\u00f6sa eken dominerar inte utan g\u00f6r vinet mjukare och mer kryddigt. Tanninerna \u00e4r finkorniga och l\u00e4tt dammiga.\u201d<\/p>\n<\/blockquote>\n<p data-start=\"4476\" data-end=\"4538\"><strong data-start=\"4476\" data-end=\"4488\">92 PO\u00c4NG<\/strong><br data-start=\"4488\" data-end=\"4491\" \/>Wine Spectator<br data-start=\"4505\" data-end=\"4508\" \/>Recenserad av Wine Spectator<\/p>\n<p data-start=\"4540\" data-end=\"4938\"><strong data-start=\"4540\" data-end=\"4552\">91 PO\u00c4NG<\/strong><br data-start=\"4552\" data-end=\"4555\" \/>Vinstyrke2<br data-start=\"4565\" data-end=\"4568\" \/>\u201d\u00c4del, n\u00e4rmast bordeauxlik i doften med nyanser av m\u00f6rka b\u00e4r, cedertr\u00e4, plommon och kakaorik choklad. I munnen m\u00e4rks en p\u00e5fallande l\u00e4tthet. H\u00e4r finns betydligt mer finess \u00e4n kraft, och de distinkta tonerna av svartvinb\u00e4rs- och bl\u00e5b\u00e4rsfrukt ger vinet b\u00e5de en diskret s\u00f6tma och en tydlig syra. N\u00e4r inte riktigt \u00e4nda upp till de stora cru\u2019erna i Bordeaux, men det \u00e4r n\u00e4ra.\u201d<\/p>\n<p data-start=\"4940\" data-end=\"4970\"><strong data-start=\"4940\" data-end=\"4952\">91 PO\u00c4NG<\/strong><br data-start=\"4952\" data-end=\"4955\" \/>CellarTracker<\/p>\n<p data-start=\"4972\" data-end=\"5004\"><strong data-start=\"4972\" data-end=\"4984\">90 PO\u00c4NG<\/strong><br data-start=\"4984\" data-end=\"4987\" \/>Wine Enthusiast<\/p>\n<p data-start=\"5007\" data-end=\"5598\">Sedan 1870 har Vi\u00f1a Err\u00e1zuriz varit en frontfigur inom chilensk vinproduktion, grundad av den vision\u00e4re Don Maximiano Err\u00e1zuriz i Aconcagua Valley. H\u00e4r f\u00f6renas familjetradition, innovation och h\u00e5llbarhet f\u00f6r att skapa viner som begeistrar vin\u00e4lskare v\u00e4rlden \u00f6ver. Medan de flesta chilenska ving\u00e5rdar fortfarande anlades n\u00e4ra huvudstaden Santiago, blickade Don Maximiano l\u00e4ngre norrut. Efter att ha f\u00e4rdats 10 mil till h\u00e4st under tv\u00e5 dagar uppt\u00e4ckte han Aconcagua-dalen. D\u00e4r slog han fast att \u201dfr\u00e5n den b\u00e4sta jorden ska det b\u00e4sta vinet komma\u201d. Det budskapet lever vidare mer \u00e4n 150 \u00e5r senare.<\/p>\n<p data-start=\"5600\" data-end=\"5998\">Chilenarna skrev vinhistoria 2004 n\u00e4r Vi\u00f1a Err\u00e1zuriz vid en numera ber\u00f6md blindprovning utm\u00e4rkte sig i konkurrens med n\u00e5gra av de mest prestigefyllda vinerna fr\u00e5n Italien och Frankrike. Don Maximiano Founder\u2019s Reserve och KAI tog topplaceringar. Denna milstolpe f\u00f6ljdes av en serie p\u00e5 22 internationella provningar som visade den chilenska vinens konsistens och h\u00f6ga kvalitet p\u00e5 den globala scenen.<\/p>\n<p data-start=\"6000\" data-end=\"6317\">P\u00e5 Vi\u00f1a Err\u00e1zuriz odlas en bred palett av druvsorter, alla noggrant utvalda f\u00f6r att uttrycka det unika terroiret. Fr\u00e5n kraftfull Cabernet Sauvignon, elegant Pinot Noir och fyllig Shiraz till komplex Malbec och den s\u00e4rskilda chilenska signaturdruvan Carmenere, uppvisar de r\u00f6da vinerna en enast\u00e5ende djup och karakt\u00e4r.<\/p>\n<p data-start=\"6319\" data-end=\"6547\" data-is-last-node=\"\" data-is-only-node=\"\">De vita vinerna, som frisk Sauvignon Blanc och harmonisk Chardonnay, visar ving\u00e5rdens f\u00f6rm\u00e5ga att skapa b\u00e5de livfullhet och finess. Denna m\u00e5ngsidighet har cementerat Vi\u00f1a Err\u00e1zuriz som en av v\u00e4rldens mest erk\u00e4nda vinproducenter.<\/p>\n","protected":false},"excerpt":{"rendered":"<p>Aconcagua Valley &#8211; Chile<\/p>\n","protected":false},"featured_media":51408,"template":"","meta":{"_acf_changed":false,"rs_blank_template":"","rs_page_bg_color":"","slide_template_v7":""},"product_brand":[],"product_cat":[2788,2798],"product_tag":[],"class_list":{"0":"post-51298","1":"product","2":"type-product","3":"status-publish","4":"has-post-thumbnail","6":"product_cat-vin-sv","7":"product_cat-roedvin-sv","8":"pa_aargang-2013-sv","9":"pa_drue-cabernet-sauvignon-sv","10":"pa_drue-carmenere-sv","11":"pa_drue-malbec-sv","12":"pa_drue-petit-verdot-sv","13":"pa_land-chile-sv","14":"pa_procent-14-sv","15":"pa_producent-vina-errazuriz-sv","16":"pa_region-aconcagua-valley-sv","17":"pa_serveringstemperatur-17-18-sv","18":"pa_volume-75-sv","20":"first","21":"instock","22":"taxable","23":"shipping-taxable","24":"purchasable","25":"product-type-simple"},"bundled_by":[],"bundle_stock_status":"instock","bundle_stock_quantity":null,"bundle_virtual":false,"bundle_layout":"","bundle_add_to_cart_form_location":"","bundle_editable_in_cart":false,"bundle_sold_individually_context":"","bundle_item_grouping":"","bundle_min_size":"","bundle_max_size":"","bundle_price":[],"bundled_items":[],"bundle_sell_ids":[],"acf":[],"_links":{"self":[{"href":"https:\/\/www.raschvin.com\/sv\/wp-json\/wp\/v2\/product\/51298","targetHints":{"allow":["GET"]}}],"collection":[{"href":"https:\/\/www.raschvin.com\/sv\/wp-json\/wp\/v2\/product"}],"about":[{"href":"https:\/\/www.raschvin.com\/sv\/wp-json\/wp\/v2\/types\/product"}],"wp:featuredmedia":[{"embeddable":true,"href":"https:\/\/www.raschvin.com\/sv\/wp-json\/wp\/v2\/media\/51408"}],"wp:attachment":[{"href":"https:\/\/www.raschvin.com\/sv\/wp-json\/wp\/v2\/media?parent=51298"}],"wp:term":[{"taxonomy":"product_brand","embeddable":true,"href":"https:\/\/www.raschvin.com\/sv\/wp-json\/wp\/v2\/product_brand?post=51298"},{"taxonomy":"product_cat","embeddable":true,"href":"https:\/\/www.raschvin.com\/sv\/wp-json\/wp\/v2\/product_cat?post=51298"},{"taxonomy":"product_tag","embeddable":true,"href":"https:\/\/www.raschvin.com\/sv\/wp-json\/wp\/v2\/product_tag?post=51298"}],"curies":[{"name":"wp","href":"https:\/\/api.w.org\/{rel}","templated":true}]}}