{"id":51295,"date":"2024-03-27T14:05:42","date_gmt":"2024-03-27T13:05:42","guid":{"rendered":"https:\/\/www.raschvin.com\/produkt\/pallini-limoncello-spritz-rtd-25-cl-105\/"},"modified":"2024-03-27T14:05:42","modified_gmt":"2024-03-27T13:05:42","slug":"pallini-limoncello-spritz-rtd-25-cl-105","status":"publish","type":"product","link":"https:\/\/www.raschvin.com\/sv\/produkt\/pallini-limoncello-spritz-rtd-25-cl-105\/","title":{"rendered":"Pallini Limoncello Spritz RTD 25 cl. 10,5%"},"content":{"rendered":"<p>Sommarens hetaste dryck \u00e4r Limoncello Spritz \u2013 och \u00e4ven om det \u00e4r ganska l\u00e4tt att blanda, h\u00e4r \u00e4r en genv\u00e4g!<\/p>\n<p>RTD betyder f\u00e4rdig att dricka, och denna Pallini Spritz beh\u00f6ver bara kylas, h\u00e4llas (helst \u00f6ver is) och ev. garnera med en skiva f\u00e4rsk citron eller citronmeliss.<\/p>\n<p>F\u00e4rg: Blek gyllene.<br \/>\nDoft: Inbjudande vin- och citrusdoft.<br \/>\nSmaknoter: Fina bubblor och en perfekt balans mellan s\u00f6tma och syra.<\/p>\n<p>Serveringsf\u00f6rslag: Njut av den kyld, antingen direkt fr\u00e5n burken eller i ett vitt vinglas med isbitar.<\/p>\n<p>Dr\u00f6m om Amalfis soldr\u00e4nkta str\u00e4nder och azurbl\u00e5 vatten med ett kallt glas av landets mest ikoniska lik\u00f6r: limoncello! Pallini Limoncello \u00e4r La Dolce Vita p\u00e5 flaska och den har en mycket speciell plats i den italienska sj\u00e4len. En f\u00f6reg\u00e5ngare till den moderna limoncellon tros till och med ha varit de romerska aristokraternas favoritdryck. Pallini har dock inte funnits s\u00e5 l\u00e4nge, men familjen har faktiskt gjort limoncello sedan 1875, och \u00e4n i dag f\u00f6ljer de samma recept.<\/p>\n<p>F\u00f6r det f\u00f6rsta anv\u00e4nder Pallini bara citroner av en speciell sort som odlas p\u00e5 Amalfikusten. Namnet \u00e4r Sfusato Amalfitano, och den k\u00e4nnetecknas bland annat av att den \u00e4r mindre sur och mer s\u00f6t och aromatisk \u00e4n de flesta andra citroner. De sk\u00f6rdas f\u00f6r hand n\u00e4r de \u00e4r perfekt mogna och transporteras omedelbart till destilleriet, d\u00e4r skalet f\u00f6rsiktigt skalas av s\u00e5 att inget av den bittra mesokarpen kommer med. S\u00e5 snart som m\u00f6jligt l\u00e4ggs skalet f\u00f6r infusion i neutral sprit gjord p\u00e5 sockerbetor. Efter infusionen smaks\u00e4tts limoncellon med socker, s\u00e5 att den f\u00e5r den perfekta balansen mellan det sura och det s\u00f6ta.<\/p>\n","protected":false},"excerpt":{"rendered":"<p>Ready-2-Drink<\/p>\n","protected":false},"featured_media":51378,"template":"","meta":{"_acf_changed":false,"rs_blank_template":"","rs_page_bg_color":"","slide_template_v7":""},"product_brand":[],"product_cat":[2402,4590],"product_tag":[],"class_list":{"0":"post-51295","1":"product","2":"type-product","3":"status-publish","4":"has-post-thumbnail","6":"product_cat-sprit-sv","7":"product_cat-ready-to-drink-sv","8":"pa_champagne-type-ready-to-drink-rtd-sv","9":"pa_land-italien-sv","10":"pa_procent-10-5-sv","11":"pa_producent-pallini-sv","12":"pa_region-amalfi-sv","13":"pa_serveringstemperatur-6-8-sv","14":"pa_volume-25-sv","16":"first","17":"instock","18":"taxable","19":"shipping-taxable","20":"purchasable","21":"product-type-simple"},"bundled_by":[],"bundle_stock_status":"instock","bundle_stock_quantity":null,"bundle_virtual":false,"bundle_layout":"","bundle_add_to_cart_form_location":"","bundle_editable_in_cart":false,"bundle_sold_individually_context":"","bundle_item_grouping":"","bundle_min_size":"","bundle_max_size":"","bundle_price":[],"bundled_items":[],"bundle_sell_ids":[],"acf":[],"_links":{"self":[{"href":"https:\/\/www.raschvin.com\/sv\/wp-json\/wp\/v2\/product\/51295","targetHints":{"allow":["GET"]}}],"collection":[{"href":"https:\/\/www.raschvin.com\/sv\/wp-json\/wp\/v2\/product"}],"about":[{"href":"https:\/\/www.raschvin.com\/sv\/wp-json\/wp\/v2\/types\/product"}],"wp:featuredmedia":[{"embeddable":true,"href":"https:\/\/www.raschvin.com\/sv\/wp-json\/wp\/v2\/media\/51378"}],"wp:attachment":[{"href":"https:\/\/www.raschvin.com\/sv\/wp-json\/wp\/v2\/media?parent=51295"}],"wp:term":[{"taxonomy":"product_brand","embeddable":true,"href":"https:\/\/www.raschvin.com\/sv\/wp-json\/wp\/v2\/product_brand?post=51295"},{"taxonomy":"product_cat","embeddable":true,"href":"https:\/\/www.raschvin.com\/sv\/wp-json\/wp\/v2\/product_cat?post=51295"},{"taxonomy":"product_tag","embeddable":true,"href":"https:\/\/www.raschvin.com\/sv\/wp-json\/wp\/v2\/product_tag?post=51295"}],"curies":[{"name":"wp","href":"https:\/\/api.w.org\/{rel}","templated":true}]}}