{"id":51283,"date":"2024-03-27T13:31:05","date_gmt":"2024-03-27T12:31:05","guid":{"rendered":"https:\/\/www.raschvin.com\/produkt\/hampden-7-years-2016-owh-habitation-velier-70-cl-60\/"},"modified":"2024-03-27T13:42:48","modified_gmt":"2024-03-27T12:42:48","slug":"hampden-7-years-2016-owh-habitation-velier-70-cl-60","status":"publish","type":"product","link":"https:\/\/www.raschvin.com\/sv\/produkt\/hampden-7-years-2016-owh-habitation-velier-70-cl-60\/","title":{"rendered":"Hampden 7 Years 2016 OWH HABITATION VELIER 70 cl. 60%"},"content":{"rendered":"<p>Med en esterhalt p\u00e5 40-80 gram per hektoliter ren alkohol faller denna version i kategorin Outram Wormald Hussey (OWH) rom, som har en av de l\u00e4gsta esterhalterna som produceras av Hampden-destilleriet. P\u00e5 n\u00e4san, den v\u00e4rdiga arvtagaren till Jamaicas funky rom, \u00e5terskapar den stilfullt empyrumatiska toner. P\u00e5 gommen framh\u00e4ver den den inneboende kvaliteten hos ett otroligt tydligt uttryck f\u00f6r dess solida st\u00e5ldestillat.<\/p>\n<p>SMAKANM\u00c4RKNINGAR<br \/>\nN\u00e4sa: Rik, berusande. Aromer av vetiver, gummi, r\u00f6rsocker och kamfer \u00e4r alla mycket n\u00e4rvarande. Om den f\u00e5r andas blir arompaletten mer medicinsk (salva, senapsgr\u00f6tomslag) och empyreumatisk. Exotiska frukter (banan, ananas) fyller sedan luften.<\/p>\n<p>Utseende : Vieil eller.<\/p>\n<p>Smak: Livlig, kraftfull. Den uttrycksfulla attacken \u00e5terskapar smakerna av en mycket hetsig sprit. En blandning av koriander, tj\u00e4ra, r\u00f6rsocker och geraniumhonung, mellansmaken \u00e4r sl\u00e5ende. Slutligen lugnar kola och mogen banan smakl\u00f6karna.<\/p>\n<p>Totalt: L\u00e5ng, berusande. I b\u00f6rjan av avslutningen utg\u00f6r destillatets kraft stommen f\u00f6r smakpaletten. Lite i taget fr\u00e4schar mj\u00f6lkaktiga (agave, kokos), fruktiga (melon, aprikos) och mentoltoner upp den allt mer blommiga eftersmaken (irism\u00f6r).<\/p>\n","protected":false},"excerpt":{"rendered":"<p>Jamaica Pure Single Rum<\/p>\n","protected":false},"featured_media":51354,"template":"","meta":{"_acf_changed":false,"rs_blank_template":"","rs_page_bg_color":"","slide_template_v7":""},"product_brand":[],"product_cat":[2391,4634,9225],"product_tag":[],"class_list":{"0":"post-51283","1":"product","2":"type-product","3":"status-publish","4":"has-post-thumbnail","6":"product_cat-rom-sv","7":"product_cat-premium-aged-sv","8":"product_cat-alternativa-romtyper","9":"pa_land-jamaica-sv","10":"pa_procent-60-sv","11":"pa_producent-hampden-sv","12":"pa_vintage-2016-sv","13":"pa_volume-70-sv-2","15":"first","16":"instock","17":"taxable","18":"shipping-taxable","19":"purchasable","20":"product-type-simple"},"bundled_by":[],"bundle_stock_status":"instock","bundle_stock_quantity":null,"bundle_virtual":false,"bundle_layout":"","bundle_add_to_cart_form_location":"","bundle_editable_in_cart":false,"bundle_sold_individually_context":"","bundle_item_grouping":"","bundle_min_size":"","bundle_max_size":"","bundle_price":[],"bundled_items":[],"bundle_sell_ids":[],"acf":[],"_links":{"self":[{"href":"https:\/\/www.raschvin.com\/sv\/wp-json\/wp\/v2\/product\/51283","targetHints":{"allow":["GET"]}}],"collection":[{"href":"https:\/\/www.raschvin.com\/sv\/wp-json\/wp\/v2\/product"}],"about":[{"href":"https:\/\/www.raschvin.com\/sv\/wp-json\/wp\/v2\/types\/product"}],"wp:featuredmedia":[{"embeddable":true,"href":"https:\/\/www.raschvin.com\/sv\/wp-json\/wp\/v2\/media\/51354"}],"wp:attachment":[{"href":"https:\/\/www.raschvin.com\/sv\/wp-json\/wp\/v2\/media?parent=51283"}],"wp:term":[{"taxonomy":"product_brand","embeddable":true,"href":"https:\/\/www.raschvin.com\/sv\/wp-json\/wp\/v2\/product_brand?post=51283"},{"taxonomy":"product_cat","embeddable":true,"href":"https:\/\/www.raschvin.com\/sv\/wp-json\/wp\/v2\/product_cat?post=51283"},{"taxonomy":"product_tag","embeddable":true,"href":"https:\/\/www.raschvin.com\/sv\/wp-json\/wp\/v2\/product_tag?post=51283"}],"curies":[{"name":"wp","href":"https:\/\/api.w.org\/{rel}","templated":true}]}}