{"id":51280,"date":"2024-03-27T13:19:15","date_gmt":"2024-03-27T12:19:15","guid":{"rendered":"https:\/\/www.raschvin.com\/produkt\/last-ward-barbados-2007-70-cl-60\/"},"modified":"2024-03-27T13:19:15","modified_gmt":"2024-03-27T12:19:15","slug":"last-ward-barbados-2007-70-cl-60","status":"publish","type":"product","link":"https:\/\/www.raschvin.com\/sv\/produkt\/last-ward-barbados-2007-70-cl-60\/","title":{"rendered":"LAST WARD Barbados 2007 70 cl. 60%"},"content":{"rendered":"<p>Detta destilleri grundades i Barbados 1703 och \u00e4r k\u00e4nt f\u00f6r att vara det \u00e4ldsta destilleriet i v\u00e4rlden som fortfarande \u00e4r i drift. Om vi bara fick v\u00e4lja tv\u00e5 ord f\u00f6r att beskriva denna version destillerad i pot stills och lagrad p\u00e5 bourbonfat, skulle de utan tvekan vara &#8221;mognad&#8221; och &#8221;klassicism&#8221;. Denna rom h\u00e4mtar sin f\u00f6rf\u00f6relse fr\u00e5n en palett av smaker och aromer som st\u00e4ndigt f\u00f6r\u00e4ndras och underbart suggestiv, och naturligtvis smaken f\u00f6r l\u00e5ngv\u00e4ga resor.<\/p>\n<p>SMAKANM\u00c4RKNINGAR<br \/>\nN\u00e4sa: F\u00f6rfinad, komplex. En n\u00e4ra \u00e5terspegling av Grande Champagne cognac terroir, den f\u00f6rsta n\u00e4san \u00e4r terti\u00e4r (kanderad aprikos, d\u00f6da l\u00f6v, skogsbotten). Till\u00e5ts andas, \u00e4dla kryddor (kardemumma, muskotn\u00f6t) och exotiska frukter (mango, granat\u00e4pple) visas i samma intensitet tillsammans med noter av \u00e4deltr\u00e4.<\/p>\n<p>Utseende : Vieil eller \u00e0 reflets cuivr\u00e9s.<\/p>\n<p>Smak: Rik, berusande. En scenbyte g\u00f6r att r\u00f6rsocker, melass och geranium tar \u00f6ver smakpaletten. Med imponerande vitalitet fr\u00e4schas upp mellansmaken av pressade apelsiner.<\/p>\n<p>Totalt: L\u00e5ng, full. Fibr\u00f6s (r\u00f6r), rostad (kaffe) och kryddig (ingf\u00e4ra, kanel), finishen blir blommig (reseda, hyacint) och vegetabilisk (piptobak). N\u00f6taktiga toner (valn\u00f6t, hasseln\u00f6t, mandel) \u00e5terskapar troget arompalettens h\u00f6stiga karakt\u00e4r.<\/p>\n","protected":false},"excerpt":{"rendered":"<p>Pure Single Rum<\/p>\n","protected":false},"featured_media":51369,"template":"","meta":{"_acf_changed":false,"rs_blank_template":"","rs_page_bg_color":"","slide_template_v7":""},"product_brand":[],"product_cat":[2387,4634,2391],"product_tag":[],"class_list":{"0":"post-51280","1":"product","2":"type-product","3":"status-publish","4":"has-post-thumbnail","6":"product_cat-avec-sv","7":"product_cat-premium-aged-sv","8":"product_cat-rom-sv","9":"pa_land-barbados-sv","10":"pa_procent-60-sv","11":"pa_vintage-2008-sv","12":"pa_volume-75-sv","14":"first","15":"instock","16":"taxable","17":"shipping-taxable","18":"purchasable","19":"product-type-simple"},"bundled_by":[],"bundle_stock_status":"instock","bundle_stock_quantity":null,"bundle_virtual":false,"bundle_layout":"","bundle_add_to_cart_form_location":"","bundle_editable_in_cart":false,"bundle_sold_individually_context":"","bundle_item_grouping":"","bundle_min_size":"","bundle_max_size":"","bundle_price":[],"bundled_items":[],"bundle_sell_ids":[],"acf":[],"_links":{"self":[{"href":"https:\/\/www.raschvin.com\/sv\/wp-json\/wp\/v2\/product\/51280","targetHints":{"allow":["GET"]}}],"collection":[{"href":"https:\/\/www.raschvin.com\/sv\/wp-json\/wp\/v2\/product"}],"about":[{"href":"https:\/\/www.raschvin.com\/sv\/wp-json\/wp\/v2\/types\/product"}],"wp:featuredmedia":[{"embeddable":true,"href":"https:\/\/www.raschvin.com\/sv\/wp-json\/wp\/v2\/media\/51369"}],"wp:attachment":[{"href":"https:\/\/www.raschvin.com\/sv\/wp-json\/wp\/v2\/media?parent=51280"}],"wp:term":[{"taxonomy":"product_brand","embeddable":true,"href":"https:\/\/www.raschvin.com\/sv\/wp-json\/wp\/v2\/product_brand?post=51280"},{"taxonomy":"product_cat","embeddable":true,"href":"https:\/\/www.raschvin.com\/sv\/wp-json\/wp\/v2\/product_cat?post=51280"},{"taxonomy":"product_tag","embeddable":true,"href":"https:\/\/www.raschvin.com\/sv\/wp-json\/wp\/v2\/product_tag?post=51280"}],"curies":[{"name":"wp","href":"https:\/\/api.w.org\/{rel}","templated":true}]}}