{"id":51276,"date":"2026-03-05T10:02:48","date_gmt":"2026-03-05T09:02:48","guid":{"rendered":"https:\/\/www.raschvin.com\/produkt\/papalin-reunion-10-years-old-70-cl-50\/"},"modified":"2024-03-27T13:15:48","modified_gmt":"2024-03-27T12:15:48","slug":"papalin-reunion-10-years-old-70-cl-50","status":"publish","type":"product","link":"https:\/\/www.raschvin.com\/sv\/produkt\/papalin-reunion-10-years-old-70-cl-50\/","title":{"rendered":"Papalin Reunion 10 Years Old 70 cl. 50%"},"content":{"rendered":"<p>BESKRIVNING<br \/>\n\u00c4ven om denna Papalin R\u00e9union lagrad p\u00e5 franska ekfat skiljer sig mycket fr\u00e5n Papalin Ha\u00efti sherryfat som ocks\u00e5 finns med i New Vibrations Cr\u00e9ations-katalogen, avsl\u00f6jar b\u00e5da samma gr\u00e4nsl\u00f6sa kraft av f\u00f6rf\u00f6relse och klass. En blandning av en grand ar\u00f4me rom och tre traditionella rom, den h\u00e4r versionen inbjuder oss att utforska en palett av smaker och aromer som r\u00f6r sig genom djupt empyrumatiska och underbart fruktiga sekvenser, allt med h\u00e4pnadsv\u00e4ckande naturlig l\u00e4tthet.<\/p>\n<p>SMAKANM\u00c4RKNINGAR<br \/>\nN\u00e4sa: Elegant, komplex. P\u00e5 den f\u00f6rsta n\u00e4san s\u00e4tter en magnifik sekvens av apelsin- och chokladdofter tonen f\u00f6r en lovande smak. Till\u00e5ts andas, mycket mogen mango, mineraltoner (skifer) och kolv\u00e4te\u00e5ngor bidrar beundransv\u00e4rt till arompaletten.<\/p>\n<p>Utseende : Vieil eller \u00e0 reflets cuivr\u00e9s.<\/p>\n<p>Smak: Nobel, uppfriskande. Vid attacken sl\u00e4pper apelsinerna fr\u00e5n n\u00e4san sina f\u00e4rska och syrliga juicer. Den mer rotiga mitten av gommen (ingef\u00e4ra, gentiana) \u00e4r ocks\u00e5 rik (varmt r\u00f6rsocker). \u00c4nden av gommen avsl\u00f6jar en sofistikerad aprikosaspekt (sten).<\/p>\n<p>\u00d6verlag: L\u00e5ng, distingerad. Den pudrande finishen (kakao, r\u00f6tt te) \u00e5terfinner alla frukter fr\u00e5n n\u00e4san och gommen. Kola- och ekstavsmaker ger en mycket konsekvent mellansmak. Slutet av finishen \u00e4r naturligt fibr\u00f6s och vegetabilisk (r\u00f6r).<\/p>\n","protected":false},"excerpt":{"rendered":"<p>Original Vatted Rum &#8211; R\u00e9union Island <\/p>\n","protected":false},"featured_media":51363,"template":"","meta":{"_acf_changed":false,"rs_blank_template":"","rs_page_bg_color":"","slide_template_v7":""},"product_brand":[],"product_cat":[2391,4634,9225],"product_tag":[],"class_list":{"0":"post-51276","1":"product","2":"type-product","3":"status-publish","4":"has-post-thumbnail","6":"product_cat-rom-sv","7":"product_cat-premium-aged-sv","8":"product_cat-alternativa-romtyper","9":"pa_land-oen-reunion","10":"pa_procent-50-sv","11":"pa_producent-papalin-sv-2","12":"pa_volume-70-sv-2","14":"first","15":"instock","16":"taxable","17":"shipping-taxable","18":"purchasable","19":"product-type-simple"},"bundled_by":[],"bundle_stock_status":"instock","bundle_stock_quantity":null,"bundle_virtual":false,"bundle_layout":"","bundle_add_to_cart_form_location":"","bundle_editable_in_cart":false,"bundle_sold_individually_context":"","bundle_item_grouping":"","bundle_min_size":"","bundle_max_size":"","bundle_price":[],"bundled_items":[],"bundle_sell_ids":[],"acf":[],"_links":{"self":[{"href":"https:\/\/www.raschvin.com\/sv\/wp-json\/wp\/v2\/product\/51276","targetHints":{"allow":["GET"]}}],"collection":[{"href":"https:\/\/www.raschvin.com\/sv\/wp-json\/wp\/v2\/product"}],"about":[{"href":"https:\/\/www.raschvin.com\/sv\/wp-json\/wp\/v2\/types\/product"}],"wp:featuredmedia":[{"embeddable":true,"href":"https:\/\/www.raschvin.com\/sv\/wp-json\/wp\/v2\/media\/51363"}],"wp:attachment":[{"href":"https:\/\/www.raschvin.com\/sv\/wp-json\/wp\/v2\/media?parent=51276"}],"wp:term":[{"taxonomy":"product_brand","embeddable":true,"href":"https:\/\/www.raschvin.com\/sv\/wp-json\/wp\/v2\/product_brand?post=51276"},{"taxonomy":"product_cat","embeddable":true,"href":"https:\/\/www.raschvin.com\/sv\/wp-json\/wp\/v2\/product_cat?post=51276"},{"taxonomy":"product_tag","embeddable":true,"href":"https:\/\/www.raschvin.com\/sv\/wp-json\/wp\/v2\/product_tag?post=51276"}],"curies":[{"name":"wp","href":"https:\/\/api.w.org\/{rel}","templated":true}]}}