{"id":51273,"date":"2024-03-27T13:00:30","date_gmt":"2024-03-27T12:00:30","guid":{"rendered":"https:\/\/www.raschvin.com\/produkt\/amrut-peated-cask-strength-70-cl-628\/"},"modified":"2024-03-27T13:00:30","modified_gmt":"2024-03-27T12:00:30","slug":"amrut-peated-cask-strength-70-cl-628","status":"publish","type":"product","link":"https:\/\/www.raschvin.com\/sv\/produkt\/amrut-peated-cask-strength-70-cl-628\/","title":{"rendered":"Amrut Peated Cask Strength 70 cl. 62,8%"},"content":{"rendered":"<p>Amrut Peated Cask Strength 62,8% Vol. Single Malt Whisky g\u00e5r direkt fr\u00e5n fatet till flaskan. Detta \u00e4r en indisk whisky som var begr\u00e4nsad till 3 000 flaskor \u00f6ver hela v\u00e4rlden. Indianerna kallar ocks\u00e5 Amrut f\u00f6r gudarnas dryck, som Amrut \u00f6vers\u00e4tts med detta ord. Amrut \u00e4r ocks\u00e5 \u00f6vertygande n\u00e4r det g\u00e4ller recensioner med 62,8% vol. Den indiska whiskyn r\u00f6stades fram till den b\u00e4sta torvade whiskyn av Malt Maniacs 2013. Han fick ocks\u00e5 88 av 100 m\u00f6jliga po\u00e4ng och silvermedaljen fr\u00e5n Malt Maniacs.<\/p>\n<p>Av de f\u00e5 destillerier som finns i Indien \u00e4r Amrut b\u00e4st. Och det \u00e4r d\u00e4rf\u00f6r som Cask Strength Peated Single Malt med r\u00e4tta har sitt betydande namn. I den hinduiska traditionen st\u00e5r ordet Amrut f\u00f6r livets elixir, gudarnas nektar. Ett passande namn f\u00f6r Amrut Cask Strength Peated. Klart vatten fr\u00e5n Himalayas fot och indiskt korn anv\u00e4nds i produktionen. Efter att ha mognat p\u00e5 amerikanska bourbonfat, buteljeras den outsp\u00e4dd och ofiltrerad utan n\u00e5gon f\u00e4rg, s\u00e5 att du till fullo kan njuta av den makal\u00f6sa, torviga smakupplevelsen. Distillery Amrut har varit i sin tredje generation sedan 1948.<\/p>\n<p>Vad skiljer Amrut Peated Cask Strength Indian Whisky \u00e5t?<\/p>\n<p>Amrut Peated Cask Strength \u00e4r en indisk whisky som buteljerats med extremt starka 62,8 % ABV. P\u00e5 grund av torvhalten och begr\u00e4nsningen till 3 000 flaskor \u00e4r det lite av en s\u00e4llsynthet. Doften har en \u00e4del torvton, ett ungdomligt intryck och r\u00f6k. En smak som redan har \u00f6vertygat flera skeptiker och \u00e4r ett bra alternativ till Islay Single Malt Whisky. V\u00e4ldigt kryddig i sig, men utsp\u00e4dd med lite vatten blir det en fantastisk torvaktig whisky. Man ska inte n\u00f6dv\u00e4ndigtvis se p\u00e5 denna whiskys \u00e5lder d\u00e5 whiskyn helt enkelt mognas helt annorlunda i Indien \u00e4n i Skottland.<br \/>\nProvsmakning av Amrut Peated Cask Strength Whisky 62,8% Vol.<\/p>\n<p>F\u00e4rg:<br \/>\nSolid guld lyser igenom med Amrut Peated Cask Strength.<br \/>\nN\u00e4sa:<br \/>\nEn fruktig doft av vinb\u00e4r och torv, som blandas med en subtil r\u00f6kig doft. Om du tills\u00e4tter vatten till Amrut Peated 62,8% Vol. kommer fantastiska blomnoter fram.<br \/>\nGom:<br \/>\nN\u00e4r den smakas har den en rund munk\u00e4nsla, och torven och havssaltet g\u00f6r ett gott intryck smakm\u00e4ssigt. Dessutom finns en l\u00e4deraktig krydda och mjuka eksmaker.<br \/>\nTa av:<br \/>\nCask Strength Peated Single Malt Whisky fr\u00e5n Amrut imponerar med en l\u00e5ng finish. S\u00f6t och \u00e4nd\u00e5 kryddig. Balansen g\u00f6r den till en utm\u00e4rkt flerlagers whisky som du absolut inte b\u00f6r missa.<\/p>\n<p>Amrut \u00e4r ett familje\u00e4gt destilleri i Bangalore, Indien. De b\u00f6rjade tillverka maltwhisky h\u00e4r redan p\u00e5 1980-talet. L\u00e4nge anv\u00e4ndes whiskyn bara i blandningar (och \u00f6verl\u00e4gset majoriteten av destilleriets produktion \u00e4r faktiskt vodka, gin och rom), men 2004 lanserades Amrut som ett single malt-m\u00e4rke, till en b\u00f6rjan bara i Skottland och f\u00f6rst 2010 i Indien . Idag finns Amrut p\u00e5 hyllorna i \u00f6ver 40 l\u00e4nder och destilleriet har n\u00e5tt internationellt erk\u00e4nnande med ett hav av utm\u00e4rkelser och medaljer i bagaget.<\/p>\n<p>Kornet odlas i norra Indien och m\u00e4ltas i Jaipur och Delhi innan det fermenteras och destilleras p\u00e5 Amrut i Bangalore. En liten m\u00e4ngd r\u00f6kt malt importerad fr\u00e5n Skottland anv\u00e4nds ocks\u00e5. Det varma klimatet orsakar otroligt snabb mognad och mycket h\u00f6g avdunstning, varf\u00f6r Indiens hittills \u00e4ldsta whisky &#8221;bara&#8221; \u00e4r 12 \u00e5r gammal: de smarta namngivna Greedy Angels, som Amrut sl\u00e4ppte 2016. All Amrut buteljeras utan kylfiltrering eller tillsatt f\u00e4rg. .<\/p>\n","protected":false},"excerpt":{"rendered":"<p>Peated Indian Single Malt Whisky<\/p>\n","protected":false},"featured_media":51381,"template":"","meta":{"_acf_changed":false,"rs_blank_template":"","rs_page_bg_color":"","slide_template_v7":""},"product_brand":[],"product_cat":[2392,9263,9269],"product_tag":[],"class_list":{"0":"post-51273","1":"product","2":"type-product","3":"status-publish","4":"has-post-thumbnail","6":"product_cat-whisky-sv","7":"product_cat-world-whisky","8":"product_cat-indian-whisky","9":"pa_champagne-type-cask-strength-sv","10":"pa_land-indien-sv","11":"pa_procent-62-8-sv","12":"pa_producent-amrut-sv","13":"pa_volume-70-sv-2","15":"first","16":"instock","17":"taxable","18":"shipping-taxable","19":"purchasable","20":"product-type-simple"},"bundled_by":[],"bundle_stock_status":"instock","bundle_stock_quantity":null,"bundle_virtual":false,"bundle_layout":"","bundle_add_to_cart_form_location":"","bundle_editable_in_cart":false,"bundle_sold_individually_context":"","bundle_item_grouping":"","bundle_min_size":"","bundle_max_size":"","bundle_price":[],"bundled_items":[],"bundle_sell_ids":[],"acf":[],"_links":{"self":[{"href":"https:\/\/www.raschvin.com\/sv\/wp-json\/wp\/v2\/product\/51273","targetHints":{"allow":["GET"]}}],"collection":[{"href":"https:\/\/www.raschvin.com\/sv\/wp-json\/wp\/v2\/product"}],"about":[{"href":"https:\/\/www.raschvin.com\/sv\/wp-json\/wp\/v2\/types\/product"}],"wp:featuredmedia":[{"embeddable":true,"href":"https:\/\/www.raschvin.com\/sv\/wp-json\/wp\/v2\/media\/51381"}],"wp:attachment":[{"href":"https:\/\/www.raschvin.com\/sv\/wp-json\/wp\/v2\/media?parent=51273"}],"wp:term":[{"taxonomy":"product_brand","embeddable":true,"href":"https:\/\/www.raschvin.com\/sv\/wp-json\/wp\/v2\/product_brand?post=51273"},{"taxonomy":"product_cat","embeddable":true,"href":"https:\/\/www.raschvin.com\/sv\/wp-json\/wp\/v2\/product_cat?post=51273"},{"taxonomy":"product_tag","embeddable":true,"href":"https:\/\/www.raschvin.com\/sv\/wp-json\/wp\/v2\/product_tag?post=51273"}],"curies":[{"name":"wp","href":"https:\/\/api.w.org\/{rel}","templated":true}]}}