{"id":51269,"date":"2024-03-27T12:44:54","date_gmt":"2024-03-27T11:44:54","guid":{"rendered":"https:\/\/www.raschvin.com\/produkt\/clement-rhum-vieux-agricole-xo-70-cl-42\/"},"modified":"2024-03-27T12:44:54","modified_gmt":"2024-03-27T11:44:54","slug":"clement-rhum-vieux-agricole-xo-70-cl-42","status":"publish","type":"product","link":"https:\/\/www.raschvin.com\/sv\/produkt\/clement-rhum-vieux-agricole-xo-70-cl-42\/","title":{"rendered":"Cl\u00e9ment Rhum Vieux Agricole XO 70 cl. 42%"},"content":{"rendered":"<p>Cl\u00e9ment XO ing\u00e5r i Cl\u00e9ments serie &#8221;Grand Reserve&#8221;, som t\u00e4cker destilleriets \u00e4ldre och mer exklusiva buteljeringar. Rommen b\u00e4r beteckningen XO, vilket enligt Martiniques AOC-best\u00e4mmelser inneb\u00e4r att den har lagrats i minst 6 \u00e5r. I det h\u00e4r fallet talar vi om b\u00e5de &#8221;jungfruliga&#8221; (oanv\u00e4nda) fat och anv\u00e4nda, omf\u00f6rkolnade fat. Rommen \u00e4r givetvis gjord p\u00e5 f\u00e4rsk sockerr\u00f6rsjuice.<\/p>\n<p>F\u00e4rg: Amber<br \/>\nDoft: Mogna \u00e4pplen och \u00e4kta kanel ackompanjeras av en diskret r\u00f6kig ton av f\u00f6rkolnat tr\u00e4.<br \/>\nSmaknoter: Rommen \u00e4r mycket elegant i munnen, med toner av vanilj, lakrits och vitpeppar.<\/p>\n<p>Serveringsf\u00f6rslag: B\u00f6r drickas snyggt<\/p>\n<p>Martinique \u00e4r en av de viktigaste \u00f6arna f\u00f6r rhum agricole \u2013 den franska &#8221;jordbruksrom&#8221;. H\u00e4r hittar du bland annat m\u00e4rket Rhum Cl\u00e9ment, vars klassiska rom i fransk stil tillverkas p\u00e5 Distillerie du Simon enligt alla AOC-best\u00e4mmelser. Det inneb\u00e4r bland annat att den \u00e4r gjord p\u00e5 f\u00e4rsk sockerr\u00f6rsjuice (ingen melass eller sirap till\u00e5ts), destillerad i kolonnstilla och buteljerad utan tillsatt socker eller &#8221;fusk&#8221; med \u00e5ldern.<\/p>\n<p>Cl\u00e9ments grundare, Hom\u00e9re Cl\u00e9ment, k\u00f6pte plantagen Domaine L&#8217;Acajou 1887 \u2013 en tid d\u00e5 praktiskt taget alla sockerr\u00f6rsplantager p\u00e5 Martinique var sjuka p\u00e5 grund av betornas v\u00e4xande dominans \u00f6ver sockermarknaden. Men Monsieur Cl\u00e9ment s\u00e5g det som en m\u00f6jlighet att \u00e4ndra fokus, och han kompletterade plantagen med ett destilleri, inspirerat av de franska konjaken han hade druckit som ung student i Paris.<\/p>\n<p>Idag str\u00e4cker sig utbudet fr\u00e5n &#8221;rhum blanc&#8221; &#8211; perfekt f\u00f6r cocktails &#8211; till gamla \u00e5rg\u00e5ngar och s\u00e4llsynta enkelfat med ovanligt h\u00f6ga tappningsstyrkor f\u00f6r agricole rom.<\/p>\n","protected":false},"excerpt":{"rendered":"<p>Rhum de Martinique (France)<\/p>\n","protected":false},"featured_media":51387,"template":"","meta":{"_acf_changed":false,"rs_blank_template":"","rs_page_bg_color":"","slide_template_v7":""},"product_brand":[],"product_cat":[4645,2387,4634,2391],"product_tag":[],"class_list":{"0":"post-51269","1":"product","2":"type-product","3":"status-publish","4":"has-post-thumbnail","6":"product_cat-agricole-sv","7":"product_cat-avec-sv","8":"product_cat-premium-aged-sv","9":"product_cat-rom-sv","10":"pa_land-martinique-sv","11":"pa_procent-42-sv","12":"pa_traefad-bourbon-sv","13":"pa_volume-70-sv-2","15":"first","16":"instock","17":"sale","18":"taxable","19":"shipping-taxable","20":"purchasable","21":"product-type-simple"},"bundled_by":[],"bundle_stock_status":"instock","bundle_stock_quantity":null,"bundle_virtual":false,"bundle_layout":"","bundle_add_to_cart_form_location":"","bundle_editable_in_cart":false,"bundle_sold_individually_context":"","bundle_item_grouping":"","bundle_min_size":"","bundle_max_size":"","bundle_price":[],"bundled_items":[],"bundle_sell_ids":[],"acf":[],"_links":{"self":[{"href":"https:\/\/www.raschvin.com\/sv\/wp-json\/wp\/v2\/product\/51269","targetHints":{"allow":["GET"]}}],"collection":[{"href":"https:\/\/www.raschvin.com\/sv\/wp-json\/wp\/v2\/product"}],"about":[{"href":"https:\/\/www.raschvin.com\/sv\/wp-json\/wp\/v2\/types\/product"}],"wp:featuredmedia":[{"embeddable":true,"href":"https:\/\/www.raschvin.com\/sv\/wp-json\/wp\/v2\/media\/51387"}],"wp:attachment":[{"href":"https:\/\/www.raschvin.com\/sv\/wp-json\/wp\/v2\/media?parent=51269"}],"wp:term":[{"taxonomy":"product_brand","embeddable":true,"href":"https:\/\/www.raschvin.com\/sv\/wp-json\/wp\/v2\/product_brand?post=51269"},{"taxonomy":"product_cat","embeddable":true,"href":"https:\/\/www.raschvin.com\/sv\/wp-json\/wp\/v2\/product_cat?post=51269"},{"taxonomy":"product_tag","embeddable":true,"href":"https:\/\/www.raschvin.com\/sv\/wp-json\/wp\/v2\/product_tag?post=51269"}],"curies":[{"name":"wp","href":"https:\/\/api.w.org\/{rel}","templated":true}]}}