{"id":51263,"date":"2024-03-27T12:24:57","date_gmt":"2024-03-27T11:24:57","guid":{"rendered":"https:\/\/www.raschvin.com\/produkt\/st-antony-riesling-pettenthal-gg-eco-2021-75-cl\/"},"modified":"2024-03-27T12:24:57","modified_gmt":"2024-03-27T11:24:57","slug":"st-antony-riesling-pettenthal-gg-eco-2021-75-cl","status":"publish","type":"product","link":"https:\/\/www.raschvin.com\/sv\/produkt\/st-antony-riesling-pettenthal-gg-eco-2021-75-cl\/","title":{"rendered":"St. Antony Riesling Pettenthal GG (ECO) 2021 75 cl."},"content":{"rendered":"<p>Robert Parkers vin Advocate 95 po\u00e4ng<br \/>\nFalstaff 94 po\u00e4ng<\/p>\n<p>Rheinhessens &#8217;Roter Hang&#8217; \u00e4r ett av Tysklands mest mytomspunna vinberg, eftersom sluttningen h\u00e4r alltid har st\u00e5tt f\u00f6r n\u00e5gra av Tysklands rikaste riesling. Det \u00e4r bara ca. 5 km l\u00e5ng och endast upp till 200 m bred och \u00e4nd\u00e5 backar den inte mindre \u00e4n 8 erk\u00e4nda klimat, som alla har den h\u00f6gsta klassificeringen Grosse Lage. En av de mest mytomspunna av dessa \u00e4r Pettenthal, som vi \u00e4r stolta \u00f6ver att presentera h\u00e4r. Pettenthal fick sitt namn redan 1753, \u00e4r drygt 20ha totalt. Den stiger upp fr\u00e5n Rhen med upp till 70 % lutning och \u00f6st\/sydost exponering, som f\u00e5r extra solstr\u00e5lning under en stor del av dagen p\u00e5 grund av reflektion fr\u00e5n floden. Pettenthal GG \u00e4r St. Antonys finaste tolkning av torrt vin fr\u00e5n detta ber\u00f6mda f\u00e4lt.<\/p>\n<p>F\u00e4rg: Halmgul med gr\u00f6na reflexer<br \/>\nDoft: Intensiv doft med b\u00e5de mogna citrusfrukter, grapefrukt, krusb\u00e4r och \u00e4ven rikare frukter som ananas, moget p\u00e4ron, kvitten, lite fr\u00e4sch melon och guava samt en doft av medelhavs\u00f6rter och bl\u00f6ta stenar.<br \/>\nSmak: Detta \u00e4r definitionen av stor, torr Riesling! Eminent i sin sammans\u00e4ttning av rik frukt, fyllighet och kraftfull \u00f6verfl\u00f6d i kombination med v\u00e4rkande intensitet och st\u00e5lig, rak ryggrad. Extremt l\u00e4ttdrucken och man blir bara glad samtidigt som den tillfredsst\u00e4ller alla behov av djup, komplexitet och platstypisk. Ett j\u00e4ttebra vin!<\/p>\n<p>Serveringsf\u00f6rslag: Enormt m\u00e5ngsidig i sina anv\u00e4ndningsm\u00f6jligheter. Kan avnjutas kyld med allt fr\u00e5n l\u00e4tt fisk och skaldjur \u00e4nda upp till att n\u00e4stan kunna dra en r\u00f6d biff. Ge det ett f\u00f6rs\u00f6k, du kan knappast g\u00e5 fel med detta vin.<\/p>\n<p>St. Antony har producerat vin sedan slutet av f\u00f6rsta v\u00e4rldskriget, och grundades officiellt 1920 av &#8221;Guten Hoffnungsh\u00fctte&#8221; i Rheinhessen. Den f\u00f6rsta \u00e5rg\u00e5ngen var 1918. Ett \u00e5r d\u00e5 Europa l\u00e5g i ruiner. Sedan 1990 har den lilla hantverksving\u00e5rden varit medlem i Verband Deutscher Pr\u00e4dikats- und Qualit\u00e4tsweing\u00fcter, och har arbetat med certifierade ekologiska standarder sedan 2006.<\/p>\n<p>St. Antony \u00e4ger ett vackert vinlandskap n\u00e4ra Rhen, och har 60 hektar ving\u00e5rdar \u2013 fr\u00e4mst i Rote Hang i Nierstein. F\u00f6rutom Riesling, Chardonnay och Pinot Blanc odlar de \u00e4ven Pinot Noir och Blaufr\u00e4nkisch.<\/p>\n","protected":false},"excerpt":{"rendered":"<p>German White Wine<\/p>\n","protected":false},"featured_media":51330,"template":"","meta":{"_acf_changed":false,"rs_blank_template":"","rs_page_bg_color":"","slide_template_v7":""},"product_brand":[],"product_cat":[2788,2792],"product_tag":[],"class_list":{"0":"post-51263","1":"product","2":"type-product","3":"status-publish","4":"has-post-thumbnail","6":"product_cat-vin-sv","7":"product_cat-vitt-vin","8":"pa_aargang-2021-sv","9":"pa_drue-riesling-sv","10":"pa_land-tyskland-sv","11":"pa_oekologisk-yes-sv","12":"pa_procent-12-5-sv","13":"pa_producent-weingut-st-antony-sv","14":"pa_region-rheinhessen-sv","15":"pa_serveringstemperatur-8-10-sv","16":"pa_volume-75-sv","18":"first","19":"instock","20":"taxable","21":"shipping-taxable","22":"purchasable","23":"product-type-simple"},"bundled_by":[],"bundle_stock_status":"instock","bundle_stock_quantity":null,"bundle_virtual":false,"bundle_layout":"","bundle_add_to_cart_form_location":"","bundle_editable_in_cart":false,"bundle_sold_individually_context":"","bundle_item_grouping":"","bundle_min_size":"","bundle_max_size":"","bundle_price":[],"bundled_items":[],"bundle_sell_ids":[],"acf":[],"_links":{"self":[{"href":"https:\/\/www.raschvin.com\/sv\/wp-json\/wp\/v2\/product\/51263","targetHints":{"allow":["GET"]}}],"collection":[{"href":"https:\/\/www.raschvin.com\/sv\/wp-json\/wp\/v2\/product"}],"about":[{"href":"https:\/\/www.raschvin.com\/sv\/wp-json\/wp\/v2\/types\/product"}],"wp:featuredmedia":[{"embeddable":true,"href":"https:\/\/www.raschvin.com\/sv\/wp-json\/wp\/v2\/media\/51330"}],"wp:attachment":[{"href":"https:\/\/www.raschvin.com\/sv\/wp-json\/wp\/v2\/media?parent=51263"}],"wp:term":[{"taxonomy":"product_brand","embeddable":true,"href":"https:\/\/www.raschvin.com\/sv\/wp-json\/wp\/v2\/product_brand?post=51263"},{"taxonomy":"product_cat","embeddable":true,"href":"https:\/\/www.raschvin.com\/sv\/wp-json\/wp\/v2\/product_cat?post=51263"},{"taxonomy":"product_tag","embeddable":true,"href":"https:\/\/www.raschvin.com\/sv\/wp-json\/wp\/v2\/product_tag?post=51263"}],"curies":[{"name":"wp","href":"https:\/\/api.w.org\/{rel}","templated":true}]}}