{"id":51260,"date":"2024-03-27T12:14:54","date_gmt":"2024-03-27T11:14:54","guid":{"rendered":"https:\/\/www.raschvin.com\/produkt\/st-antony-weissburgunder-eco-2022-75-cl\/"},"modified":"2025-11-14T09:08:00","modified_gmt":"2025-11-14T08:08:00","slug":"st-antony-weissburgunder-eco-2022-75-cl","status":"publish","type":"product","link":"https:\/\/www.raschvin.com\/sv\/produkt\/st-antony-weissburgunder-eco-2022-75-cl\/","title":{"rendered":"St. Antony Weissburgunder (ECO) 2024 75 cl."},"content":{"rendered":"<p>St. Antony Weissburgunder \u00e4r ett l\u00e4ckert, fr\u00e4scht och harmoniskt vin gjort p\u00e5 druvan Weissburgunder \u2013 \u00e4ven k\u00e4nd under sitt franska namn Pinot Blanc. I versionen h\u00e4r \u00e4r den ung, fruktig, saftig och fr\u00e4sch p\u00e5 flaska. Den verkar n\u00e5got fylligare \u00e4n en grundl\u00e4ggande Riesling och den \u00e4r mindre skarp. Ett vin f\u00f6r alla tillf\u00e4llen, g\u00e4rna i solskenet eller n\u00e4r du beh\u00f6ver en solstr\u00e5le.<\/p>\n<p>F\u00e4rg: Gr\u00f6naktigt gyllene.<br \/>\nN\u00e4sa: Citrus, persika, fl\u00e4der, n\u00f6tter och en doft mango.<br \/>\nSmaknoter: Relativt fyllig och mjuk, krispig fr\u00e4sch\u00f6r i kombination med en uts\u00f6kt fruktig s\u00f6tma.<\/p>\n<p>Serveringsf\u00f6rslag: Njut av kyld som aperitif eller till l\u00e4ttare r\u00e4tter. Gott till fisk, skaldjur, pastar\u00e4tter, gr\u00f6nsaker och sallader.<\/p>\n<p>St. Antony har producerat vin sedan slutet av f\u00f6rsta v\u00e4rldskriget, och grundades officiellt 1920 av &#8221;Guten Hoffnungsh\u00fctte&#8221; i Rheinhessen. Den f\u00f6rsta \u00e5rg\u00e5ngen var 1918. Ett \u00e5r d\u00e5 Europa l\u00e5g i ruiner. Sedan 1990 har den lilla hantverksving\u00e5rden varit medlem i Verband Deutscher Pr\u00e4dikats- und Qualit\u00e4tsweing\u00fcter, och har arbetat med certifierade ekologiska standarder sedan 2006.<\/p>\n<p>St. Antony \u00e4ger ett vackert vinlandskap n\u00e4ra Rhen, och har 60 hektar ving\u00e5rdar \u2013 fr\u00e4mst i Rote Hang i Nierstein. F\u00f6rutom Riesling, Chardonnay och Pinot Blanc odlar de \u00e4ven Pinot Noir och Blaufr\u00e4nkisch.<\/p>\n","protected":false},"excerpt":{"rendered":"<p>German White Wine <\/p>\n","protected":false},"featured_media":51333,"template":"","meta":{"_acf_changed":false,"rs_blank_template":"","rs_page_bg_color":"","slide_template_v7":""},"product_brand":[],"product_cat":[2788,2792],"product_tag":[],"class_list":{"0":"post-51260","1":"product","2":"type-product","3":"status-publish","4":"has-post-thumbnail","6":"product_cat-vin-sv","7":"product_cat-vitt-vin","8":"pa_aargang-2024-sv","9":"pa_drue-weisser-burgunder-sv","10":"pa_land-tyskland-sv","11":"pa_oekologisk-yes-sv","12":"pa_procent-12-sv","13":"pa_producent-weingut-st-antony-sv","14":"pa_region-rheinhessen-sv","15":"pa_serveringstemperatur-8-10-sv","16":"pa_volume-75-sv","18":"first","19":"instock","20":"taxable","21":"shipping-taxable","22":"purchasable","23":"product-type-simple"},"bundled_by":["119715"],"bundle_stock_status":"instock","bundle_stock_quantity":null,"bundle_virtual":false,"bundle_layout":"","bundle_add_to_cart_form_location":"","bundle_editable_in_cart":false,"bundle_sold_individually_context":"","bundle_item_grouping":"","bundle_min_size":"","bundle_max_size":"","bundle_price":[],"bundled_items":[],"bundle_sell_ids":[],"acf":[],"_links":{"self":[{"href":"https:\/\/www.raschvin.com\/sv\/wp-json\/wp\/v2\/product\/51260","targetHints":{"allow":["GET"]}}],"collection":[{"href":"https:\/\/www.raschvin.com\/sv\/wp-json\/wp\/v2\/product"}],"about":[{"href":"https:\/\/www.raschvin.com\/sv\/wp-json\/wp\/v2\/types\/product"}],"wp:featuredmedia":[{"embeddable":true,"href":"https:\/\/www.raschvin.com\/sv\/wp-json\/wp\/v2\/media\/51333"}],"wp:attachment":[{"href":"https:\/\/www.raschvin.com\/sv\/wp-json\/wp\/v2\/media?parent=51260"}],"wp:term":[{"taxonomy":"product_brand","embeddable":true,"href":"https:\/\/www.raschvin.com\/sv\/wp-json\/wp\/v2\/product_brand?post=51260"},{"taxonomy":"product_cat","embeddable":true,"href":"https:\/\/www.raschvin.com\/sv\/wp-json\/wp\/v2\/product_cat?post=51260"},{"taxonomy":"product_tag","embeddable":true,"href":"https:\/\/www.raschvin.com\/sv\/wp-json\/wp\/v2\/product_tag?post=51260"}],"curies":[{"name":"wp","href":"https:\/\/api.w.org\/{rel}","templated":true}]}}