{"id":50912,"date":"2024-03-20T08:31:05","date_gmt":"2024-03-20T07:31:05","guid":{"rendered":"https:\/\/www.raschvin.com\/produkt\/invivo-x-sarah-jessica-parker-sjp-pinot-noir-75-cl\/"},"modified":"2024-03-20T08:31:05","modified_gmt":"2024-03-20T07:31:05","slug":"invivo-x-sarah-jessica-parker-sjp-pinot-noir-75-cl","status":"publish","type":"product","link":"https:\/\/www.raschvin.com\/sv\/produkt\/invivo-x-sarah-jessica-parker-sjp-pinot-noir-75-cl\/","title":{"rendered":"Invivo X Sarah Jessica Parker SJP Pinot Noir 75 cl."},"content":{"rendered":"<p>Ikonen Sarah Jessica Parkers personliga touch p\u00e5 vinet har skapat en explosion av en Marlborough Pinot Noir som har f\u00f6rf\u00f6rt alla med sin himmelska smakprofil och ultrasl\u00e4ta k\u00e4nsla. Fr\u00e5n slappt New York till idylliska Nya Zeeland.<\/p>\n<p>Bra p\u00e5:<br \/>\nAnka, g\u00e5s, kalv, kyckling och kalkon, n\u00f6tk\u00f6tt, vilt<\/p>\n<p>FULL OCH SILKEMJUKT<\/p>\n<p>I glaset \u00f6ppnar Invivo X, SJP Pinot Noir med en f\u00f6rf\u00f6risk symfoni av ljusr\u00f6da och lila nyanser som omedelbart inbjuder till en sensuell upplevelse. Aromerna av m\u00f6rka k\u00f6rsb\u00e4r och v\u00e4rmande kryddor kommer fram och lovar en smakupplevelse ut\u00f6ver det vanliga. Vid f\u00f6rsta klunken tar smakerna av saftiga k\u00f6rsb\u00e4r och mogna plommon \u00f6ver din mun i en explosiv fest. En expansiv fyllighet fyller gommen och f\u00f6rvandlar varje \u00f6gonblick till ren njutning. Finishen \u00e4r silkeslen och den milda munk\u00e4nslan l\u00e4mnar en behaglig eftersmak h\u00e4ngande i luften. Rostade eknoter tillf\u00f6r en lyxig dimension till vinet, medan de raffinerade tanninerna och den f\u00f6rf\u00f6riska syran skapar en harmonisk balans. Invivo X, SJP Pinot Noir \u00e4r inte bara ett vin, det \u00e4r en smakupplevelse av uts\u00f6kt kaliber, skapad f\u00f6r att sk\u00e4mma bort dina sinnen p\u00e5 det l\u00e4ckraste s\u00e4tt.<\/p>\n<p>Serveringstemperatur: 16-18\u00b0C<\/p>\n<p>\u2014 Wine Orbit (Sam Kim) 2023-08-12<br \/>\n\u201cDEN F\u00d6RF\u00d6RANDE UTTALADE BUKKETTEN OCH CHARMANDE OCH KOMPLEXERADE VISAR KARAKT\u00c4RER AV S\u00d6T K\u00d6RSB\u00c4R, TORKADE \u00d6rter, Kryddnejlika OCH ROSTADE MANDEL MED EN TYP AV JORDLIG SVAMPNYANS. SOMMEN LEVERERAR UTM\u00c4RKT VIKT OCH ROLIGANDE MUNK\u00c4NSLA, UNDERBART ST\u00d6D AV SAMETSLEK TEXTUR OCH VACKRA INFUSERADE TANNINER.\u201d<br \/>\nTillverkning<\/p>\n<p>Produktionen b\u00f6rjar med noggrant utvalda ving\u00e5rdar i den f\u00f6rtrollande och soliga Marlborough, som str\u00e4cker sig ut i s\u00f6dra Nya Zeeland. Detta exceptionella omr\u00e5de \u00e4r k\u00e4nt f\u00f6r att skapa de perfekta odlingsf\u00f6rh\u00e5llandena f\u00f6r Pinot Noir-druvor, och detta \u00e5terspeglas tydligt i vinets sublimt f\u00f6rf\u00f6riska karakt\u00e4r. Klimatet, jordm\u00e5nen och topografin i dessa magiska omgivningar spelar en avg\u00f6rande roll f\u00f6r att forma druvornas uts\u00f6kta kvalitet. Sk\u00f6rden utf\u00f6rs med exceptionell omsorg, d\u00e4r endast de mest extraordin\u00e4ra druvorna v\u00e4ljs ut f\u00f6r vinframst\u00e4llning. Efter sk\u00f6rden uts\u00e4tts druvorna f\u00f6r en graci\u00f6s krossning, d\u00e4r saften och druvskalet f\u00f6renas i en harmonisk symfoni. Denna process, k\u00e4nd som maceration, hj\u00e4lper inte bara till att extrahera f\u00e4rg och smak fr\u00e5n druvskalen, utan l\u00e4gger ocks\u00e5 till en subtil komplexitet och djup nyans till vinet som bara kan uppn\u00e5s genom noggrann hantering.<\/p>\n<p>CO2 &#8211; Milj\u00f6v\u00e4nlig<\/p>\n<p>Transport av vin i bulk fr\u00e5n ursprungslandet till buteljering i Danmark utg\u00f6r en avsev\u00e4rt minskad CO2-belastning j\u00e4mf\u00f6rt med vin som importeras p\u00e5 flaska. Som ett erk\u00e4nnande av det minskade CO2-avtrycket, men ocks\u00e5 f\u00f6rs\u00e4kran om vinets kvalitet samt de ekonomiska f\u00f6rdelarna med att transportera vin i bulk, utg\u00f6r bulkvin en allt st\u00f6rre del av v\u00e5r verksamhet. L\u00e4s mer h\u00e4r &#8211; www.co2friendlywine.eu.<\/p>\n<p>Om tillverkaren<\/p>\n<p>Invivo grundades av Tim Lightbourne och Rob Camero 2008, och deras viner har hedrats med priser och utm\u00e4rkelser \u00f6ver hela v\u00e4rlden. De har bl.a. inlett ett samarbete med den v\u00e4rldsber\u00f6mda amerikanska sk\u00e5despelerskan Sarah Jessica Parker fr\u00e5n kultserien &#8221;Sex and the City&#8221;, och tillsammans har de skapat vinserien &#8211; &#8221;INVIVO X, SJP&#8221;, som tagit recensenter och vin\u00e4lskare med storm .<\/p>\n<p>Idag \u00e4r Invivo en av de ledande tillverkarna i Nya Zeeland och de forts\u00e4tter att leverera viner av h\u00f6gsta kvalitet. Ving\u00e5rdens historia \u00e4r en p\u00e5minnelse om att du med passion, mod och innovation kan skapa n\u00e5got extraordin\u00e4rt.<\/p>\n","protected":false},"excerpt":{"rendered":"<p>Marlborough \u2013 New Zeeland<\/p>\n","protected":false},"featured_media":50927,"template":"","meta":{"_acf_changed":false,"rs_blank_template":"","rs_page_bg_color":"","slide_template_v7":""},"product_brand":[],"product_cat":[7776,2788,2798],"product_tag":[],"class_list":{"0":"post-50912","1":"product","2":"type-product","3":"status-publish","4":"has-post-thumbnail","6":"product_cat-sommer-pinot-noir-sv","7":"product_cat-vin-sv","8":"product_cat-roedvin-sv","9":"pa_aargang-2022-sv","10":"pa_drue-pinot-noir-sv","11":"pa_land-new-zeeland-sv","12":"pa_procent-13-5-sv","13":"pa_producent-invivo-sv","14":"pa_region-marlborough-sv","15":"pa_serveringstemperatur-16-18-sv","16":"pa_volume-75-sv","18":"first","19":"instock","20":"taxable","21":"shipping-taxable","22":"purchasable","23":"product-type-simple"},"bundled_by":[],"bundle_stock_status":"instock","bundle_stock_quantity":null,"bundle_virtual":false,"bundle_layout":"","bundle_add_to_cart_form_location":"","bundle_editable_in_cart":false,"bundle_sold_individually_context":"","bundle_item_grouping":"","bundle_min_size":"","bundle_max_size":"","bundle_price":[],"bundled_items":[],"bundle_sell_ids":[],"acf":[],"_links":{"self":[{"href":"https:\/\/www.raschvin.com\/sv\/wp-json\/wp\/v2\/product\/50912","targetHints":{"allow":["GET"]}}],"collection":[{"href":"https:\/\/www.raschvin.com\/sv\/wp-json\/wp\/v2\/product"}],"about":[{"href":"https:\/\/www.raschvin.com\/sv\/wp-json\/wp\/v2\/types\/product"}],"wp:featuredmedia":[{"embeddable":true,"href":"https:\/\/www.raschvin.com\/sv\/wp-json\/wp\/v2\/media\/50927"}],"wp:attachment":[{"href":"https:\/\/www.raschvin.com\/sv\/wp-json\/wp\/v2\/media?parent=50912"}],"wp:term":[{"taxonomy":"product_brand","embeddable":true,"href":"https:\/\/www.raschvin.com\/sv\/wp-json\/wp\/v2\/product_brand?post=50912"},{"taxonomy":"product_cat","embeddable":true,"href":"https:\/\/www.raschvin.com\/sv\/wp-json\/wp\/v2\/product_cat?post=50912"},{"taxonomy":"product_tag","embeddable":true,"href":"https:\/\/www.raschvin.com\/sv\/wp-json\/wp\/v2\/product_tag?post=50912"}],"curies":[{"name":"wp","href":"https:\/\/api.w.org\/{rel}","templated":true}]}}