{"id":50908,"date":"2024-03-20T08:15:08","date_gmt":"2024-03-20T07:15:08","guid":{"rendered":"https:\/\/www.raschvin.com\/produkt\/valderivero-crianza-ribera-del-duero-2019-75-cl\/"},"modified":"2024-03-20T08:15:08","modified_gmt":"2024-03-20T07:15:08","slug":"valderivero-crianza-ribera-del-duero-2019-75-cl","status":"publish","type":"product","link":"https:\/\/www.raschvin.com\/sv\/produkt\/valderivero-crianza-ribera-del-duero-2019-75-cl\/","title":{"rendered":"Valderivero Crianza Ribera del Duero 2019 75 cl."},"content":{"rendered":"<p>Ett intensivt och aromatiskt vin fr\u00e5n Ribera del Duero. Mycket buteljerad juice och kraft.<\/p>\n<p>Bra p\u00e5:<br \/>\nGrill, kalv, n\u00f6tk\u00f6tt, ost &#8211; stark, ost &#8211; mild, stek<\/p>\n<p>AROMATISKT OCH KOMPLEX<\/p>\n<p>Vinet \u00e4r intensivt k\u00f6rsb\u00e4rsr\u00f6tt med granatr\u00f6da markeringar. Doften \u00e4r intensiv med kanderad frukt, s\u00f6ta kryddor och fint integrerat tr\u00e4 fr\u00e5n fatlagring. I gommen \u00e4r vinet smakrikt, kraftfullt och fruktigt med mogna tanniner. Aromatisk och komplex.<br \/>\nNjut av vinet till alla typer av k\u00f6tt eller stek, speciellt fr\u00e5n grillen. Vinet \u00e4r ocks\u00e5 h\u00e4rligt med ost.<\/p>\n<p>Serveringstemperatur: 14-16\u00b0C<\/p>\n<p>Tillverkning<\/p>\n<p>Till de viner som beh\u00f6ver mogna lite l\u00e4ngre v\u00e4ljer Valderivero ving\u00e5rdar som ligger mellan 830 och 950 meter h\u00f6ga. H\u00e4r \u00e4r jorden stenig och med h\u00f6g kalkhalt. De extrema atmosf\u00e4riska f\u00f6rh\u00e5llandena resulterar i fylliga viner, som utvecklas ytterligare under fatlagringen. Detta vin har lagrats i 12 m\u00e5nader p\u00e5 fat. 70% fransk ek och 30% amerikansk ek.<\/p>\n<p>Om tillverkaren<\/p>\n<p>Valderivero ber\u00e4ttar historien om en h\u00e4ngiven familj i vinbranschen. Sedan 1899 har familjen Rivero odlat kvaliteten p\u00e5 sina viner. Fr\u00e5n allra f\u00f6rsta b\u00f6rjan 1899 har familjen varit en f\u00f6rebild med sina DOC Rioja-viner.<br \/>\nGenom \u00e5ren och med den fj\u00e4rde generationen i familjen har de arbetat med att utforska fler vinkvaliteter och har d\u00e4rmed uppt\u00e4ckt den enorma potential som finns i Spaniens \u00f6vriga vinregioner.<br \/>\nFamiljen har i flera \u00e5r letat efter omr\u00e5den i Ribera del Duero som passar in i familjens filosofi. Valderivero \u00e4r k\u00e4rnan i karakt\u00e4ren av en region som omges av Duero.<\/p>\n<p>Recensioner fr\u00e5n andra \u00e5r<\/p>\n<p>\u00c5r 2018<\/p>\n<p>  \u2014 VinAvisen (2021-06-28)<br \/>\nEtt vin som doftar fint av gr\u00f6na blad och ren lakrits, och har en mycket l\u00e4cker fyllig och kryddig smak. Det \u00e4r ett vin i perfekt balans, med ryggrad och karakt\u00e4r och med ett passande tanninbett p\u00e5 slutet.<\/p>\n<p>  \u2014 Gilbert &#038; Gaillard 2021 (2021-03-18)<\/p>\n","protected":false},"excerpt":{"rendered":"<p>Family Rivero \u2013 Spain<\/p>\n","protected":false},"featured_media":50939,"template":"","meta":{"_acf_changed":false,"rs_blank_template":"","rs_page_bg_color":"","slide_template_v7":""},"product_brand":[],"product_cat":[2788,2798],"product_tag":[],"class_list":{"0":"post-50908","1":"product","2":"type-product","3":"status-publish","4":"has-post-thumbnail","6":"product_cat-vin-sv","7":"product_cat-roedvin-sv","8":"pa_aargang-2019-sv","9":"pa_drue-grenache-sv","10":"pa_drue-tempranillo-sv","11":"pa_land-spanien-sv","12":"pa_procent-14-5-sv","13":"pa_producent-family-rivero-sv","14":"pa_region-ribera-del-duero-sv","15":"pa_serveringstemperatur-14-16-sv","16":"pa_volume-75-sv","18":"first","19":"instock","20":"taxable","21":"shipping-taxable","22":"purchasable","23":"product-type-simple"},"bundled_by":[],"bundle_stock_status":"instock","bundle_stock_quantity":null,"bundle_virtual":false,"bundle_layout":"","bundle_add_to_cart_form_location":"","bundle_editable_in_cart":false,"bundle_sold_individually_context":"","bundle_item_grouping":"","bundle_min_size":"","bundle_max_size":"","bundle_price":[],"bundled_items":[],"bundle_sell_ids":[],"acf":[],"_links":{"self":[{"href":"https:\/\/www.raschvin.com\/sv\/wp-json\/wp\/v2\/product\/50908","targetHints":{"allow":["GET"]}}],"collection":[{"href":"https:\/\/www.raschvin.com\/sv\/wp-json\/wp\/v2\/product"}],"about":[{"href":"https:\/\/www.raschvin.com\/sv\/wp-json\/wp\/v2\/types\/product"}],"wp:featuredmedia":[{"embeddable":true,"href":"https:\/\/www.raschvin.com\/sv\/wp-json\/wp\/v2\/media\/50939"}],"wp:attachment":[{"href":"https:\/\/www.raschvin.com\/sv\/wp-json\/wp\/v2\/media?parent=50908"}],"wp:term":[{"taxonomy":"product_brand","embeddable":true,"href":"https:\/\/www.raschvin.com\/sv\/wp-json\/wp\/v2\/product_brand?post=50908"},{"taxonomy":"product_cat","embeddable":true,"href":"https:\/\/www.raschvin.com\/sv\/wp-json\/wp\/v2\/product_cat?post=50908"},{"taxonomy":"product_tag","embeddable":true,"href":"https:\/\/www.raschvin.com\/sv\/wp-json\/wp\/v2\/product_tag?post=50908"}],"curies":[{"name":"wp","href":"https:\/\/api.w.org\/{rel}","templated":true}]}}