{"id":50904,"date":"2024-03-20T08:07:19","date_gmt":"2024-03-20T07:07:19","guid":{"rendered":"https:\/\/www.raschvin.com\/produkt\/valderivero-roble-ribera-del-duero-2020-75-cl\/"},"modified":"2024-03-20T08:07:19","modified_gmt":"2024-03-20T07:07:19","slug":"valderivero-roble-ribera-del-duero-2020-75-cl","status":"publish","type":"product","link":"https:\/\/www.raschvin.com\/sv\/produkt\/valderivero-roble-ribera-del-duero-2020-75-cl\/","title":{"rendered":"Valderivero Roble Ribera del Duero 2020 75 cl."},"content":{"rendered":"<p>En superintensiv och fruktig Tempranillo. Snyggt kraftfullt och elegant.<\/p>\n<p>91p \u2014 James Suckling<\/p>\n<p>KRAFTFULL OCH INTENS<\/p>\n<p>Valderivero Roble har en intensiv och tydlig k\u00f6rsb\u00e4rsr\u00f6d f\u00e4rg. Doften \u00e4r intensiv och fruktig med svarta vinb\u00e4r och bl\u00e5b\u00e4r och med fint integrerade toner fr\u00e5n fatlagring. Vinet \u00e4r kraftfullt och harmoniskt med en behaglig fruktig k\u00e4nsla i gommen och med h\u00e4rligt mogna tanniner.<\/p>\n<p>Servera vinet till k\u00f6ttr\u00e4tter eller till ost.<\/p>\n<p>Serveringstemperatur: 14-16\u00b0C<\/p>\n<p>Tillverkning<\/p>\n<p>Valderivero Roble \u00e4r gjord av Tempranillo-druvor som sk\u00f6rdats fr\u00e5n f\u00e4lt p\u00e5 800-830 meters h\u00f6jd. Sandf\u00e4lten har en bra kalk- och lerhalt, vilket ger vinstockarna bra n\u00e4ring och vatten. Druvorna ger eleganta viner med stor volym och h\u00f6g fruktkoncentration och sammetslena tanniner.<\/p>\n<p>Om tillverkaren<\/p>\n<p>Valderivero ber\u00e4ttar historien om en h\u00e4ngiven familj i vinbranschen. Sedan 1899 har familjen Rivero odlat kvaliteten p\u00e5 sina viner. Fr\u00e5n allra f\u00f6rsta b\u00f6rjan 1899 har familjen varit en f\u00f6rebild med sina DOC Rioja-viner.<br \/>\nGenom \u00e5ren och med den fj\u00e4rde generationen i familjen har de arbetat med att utforska fler vinkvaliteter och har d\u00e4rmed uppt\u00e4ckt den enorma potential som finns i Spaniens \u00f6vriga vinregioner.<br \/>\nFamiljen har i flera \u00e5r letat efter omr\u00e5den i Ribera del Duero som passar in i familjens filosofi. Valderivero \u00e4r k\u00e4rnan i karakt\u00e4ren av en region som omges av Duero.<\/p>\n<p>Recensioner fr\u00e5n andra \u00e5r<\/p>\n<p>\u00c5r 2019<\/p>\n<p>  \u2014 VinAvisen (2021-06-21)<br \/>\n&#8230; Det \u00e4r ett intensivt och kraftigt kryddat vin med en bra balans mellan doft och smak. Drick det till sommarens grillar.<\/p>\n","protected":false},"excerpt":{"rendered":"<p>Family Rivero &#8211; Spain<\/p>\n","protected":false},"featured_media":50942,"template":"","meta":{"_acf_changed":false,"rs_blank_template":"","rs_page_bg_color":"","slide_template_v7":""},"product_brand":[],"product_cat":[2788,2798],"product_tag":[],"class_list":{"0":"post-50904","1":"product","2":"type-product","3":"status-publish","4":"has-post-thumbnail","6":"product_cat-vin-sv","7":"product_cat-roedvin-sv","8":"pa_aargang-2020-sv","9":"pa_drue-grenache-noir-sv","10":"pa_drue-tempranillo-sv","11":"pa_land-spanien-sv","12":"pa_procent-14-sv","13":"pa_producent-family-rivero-sv","14":"pa_region-ribera-del-duero-sv","15":"pa_serveringstemperatur-14-16-sv","16":"pa_volume-75-sv","18":"first","19":"instock","20":"taxable","21":"shipping-taxable","22":"purchasable","23":"product-type-simple"},"bundled_by":[],"bundle_stock_status":"instock","bundle_stock_quantity":null,"bundle_virtual":false,"bundle_layout":"","bundle_add_to_cart_form_location":"","bundle_editable_in_cart":false,"bundle_sold_individually_context":"","bundle_item_grouping":"","bundle_min_size":"","bundle_max_size":"","bundle_price":[],"bundled_items":[],"bundle_sell_ids":[],"acf":[],"_links":{"self":[{"href":"https:\/\/www.raschvin.com\/sv\/wp-json\/wp\/v2\/product\/50904","targetHints":{"allow":["GET"]}}],"collection":[{"href":"https:\/\/www.raschvin.com\/sv\/wp-json\/wp\/v2\/product"}],"about":[{"href":"https:\/\/www.raschvin.com\/sv\/wp-json\/wp\/v2\/types\/product"}],"wp:featuredmedia":[{"embeddable":true,"href":"https:\/\/www.raschvin.com\/sv\/wp-json\/wp\/v2\/media\/50942"}],"wp:attachment":[{"href":"https:\/\/www.raschvin.com\/sv\/wp-json\/wp\/v2\/media?parent=50904"}],"wp:term":[{"taxonomy":"product_brand","embeddable":true,"href":"https:\/\/www.raschvin.com\/sv\/wp-json\/wp\/v2\/product_brand?post=50904"},{"taxonomy":"product_cat","embeddable":true,"href":"https:\/\/www.raschvin.com\/sv\/wp-json\/wp\/v2\/product_cat?post=50904"},{"taxonomy":"product_tag","embeddable":true,"href":"https:\/\/www.raschvin.com\/sv\/wp-json\/wp\/v2\/product_tag?post=50904"}],"curies":[{"name":"wp","href":"https:\/\/api.w.org\/{rel}","templated":true}]}}