{"id":50803,"date":"2024-03-18T15:04:13","date_gmt":"2024-03-18T14:04:13","guid":{"rendered":"https:\/\/www.raschvin.com\/produkt\/insignia-joseph-phelps-2019-75-cl\/"},"modified":"2024-03-18T15:04:13","modified_gmt":"2024-03-18T14:04:13","slug":"insignia-joseph-phelps-2019-75-cl","status":"publish","type":"product","link":"https:\/\/www.raschvin.com\/sv\/produkt\/insignia-joseph-phelps-2019-75-cl\/","title":{"rendered":"Insignia Joseph Phelps 2019 75 cl."},"content":{"rendered":"<p>2019 \u00e5rs upplaga av Insignia \u00e4r den f\u00f6rsta \u00e5rg\u00e5ngen som inkluderar druvor fr\u00e5n den nya Joseph Phelps-ving\u00e5rden El Venadito som ligger i Oak Knoll District.<\/p>\n<p>Insignia \u00f6ppnar imponerande med en n\u00e4stan berusande doft av r\u00f6d frukt, cr\u00e8me de cassis, f\u00e4rsk tobak och torkade rosenblad. Smaken \u00e4r t\u00e4t och saftig med uttrycksfulla lager av bj\u00f6rnb\u00e4r, hallon, svarta vinb\u00e4r och m\u00f6rk choklad. Ett vackert och dynamiskt vin med mycket energi, l\u00e4ngd, komplexitet och f\u00f6rfining.<\/p>\n<p>98 PO\u00c4NG<br \/>\nJames Suckling<br \/>\nTopp 100 viner i USA 2022<br \/>\nEn mycket aromatisk insignia med pennrakning och grafith\u00f6jdpunkter till den m\u00f6rka frukten och bj\u00f6rnb\u00e4ren. Fyllig, men \u00e4nd\u00e5 sp\u00e4nd och vertikal, med mycket fina tanniner som g\u00e5r djupt och lager i vinet&#8230; fantastisk sp\u00e4nning och struktur.<br \/>\n98 PO\u00c4NG<br \/>\nRobert Parker<br \/>\n97 PO\u00c4NG<br \/>\nThe Wine Independent<\/p>\n<p>Om Joseph Phelps Vineyards<br \/>\nDet fanns inte en druva, men gott om boskap, n\u00e4r Joe Phelps f\u00f6rst s\u00e5g vad som skulle bli hemmet f\u00f6r Joseph Phelps Vineyards. Han blev dock f\u00f6r\u00e4lskad i de 600 hektaren, vilket faktiskt var mer \u00e4n han fr\u00e5n b\u00f6rjan hade f\u00f6rest\u00e4llt sig att han skulle beh\u00f6va. Det fanns massor av kullar, dalar och ekar h\u00e4r som talade till Phelps, som v\u00e4xte upp i Colorado.<\/p>\n<p>Joe hade l\u00e4mnat den amerikanska flottan och varit i sin fars byggf\u00f6retag, hade vuxit till att vara n\u00e4rvarande i Kalifornien ocks\u00e5. Vin var till en b\u00f6rjan bara ett slags hobbyprojekt i form av lite produktion p\u00e5 hemmaplan och en stadigt v\u00e4xande vinsamling. Arbete och vin skulle dock s\u00e5 sm\u00e5ningom fl\u00e4tas samman, n\u00e4r Joe fick ett kontrakt f\u00f6r att bygga en ving\u00e5rd. P\u00e5 s\u00e5 s\u00e4tt v\u00e4xte id\u00e9n om en egen ving\u00e5rd och efter en inspirerande resa till Italien fanns det ingen \u00e5terv\u00e4ndo. Joe b\u00f6rjade leta efter den perfekta platsen i Napa Valley.<\/p>\n<p>Joseph Phelps Vineyards s\u00e5g dagens ljus 1973 \u2013 med stora ambitioner och lika mycket t\u00e5lamod. 100 hektar ving\u00e5rdar planterades med hj\u00e4lp av Walter Schug, som anlitades som vinmakare. Det var lite spridning i b\u00f6rjan, eftersom Joe ville prova det mesta: Cabernet Sauvignon, Zinfandel och Gew\u00fcrztraminer. Joes fyra vuxna barn reste fram och tillbaka fr\u00e5n Colorado i uppstarten och f\u00f6r den f\u00f6rsta sk\u00f6rden 1974.<\/p>\n<p>Under de kommande fyra decennierna drev Joe ving\u00e5rden och producerade bl.a. Kaliforniens f\u00f6rsta singelvin p\u00e5 Syrah efter inspiration fr\u00e5n C\u00f4te Rotie och Hermitage, som han \u00e4lskade. Samtidigt var han en av de f\u00f6rsta i Kalifornien som tog till sig Rhone-viner och experimenterade med Viognier och olika Rhone-blandningar.<\/p>\n<p>Redan 1974 skapade Joe Phelps det vin som kanske \u00e4r det viktigaste arvet han f\u00f6rt vidare: Insignia, Kaliforniens allra f\u00f6rsta patenterade r\u00f6da blandning i Bordeaux-stil. Tanken var att blanda druvor fr\u00e5n de b\u00e4sta paketen till ett vin. Den metoden skulle snabbt spridas till m\u00e5nga andra producenter i Napa Valley och bidrog till att h\u00f6ja hela Napa Valleys goda rykte. Under \u00e5ren har Phelps lagt Riesling och Cabernet p\u00e5 hyllan till f\u00f6rm\u00e5n f\u00f6r Cabernet Sauvignon, Merlot och andra r\u00f6da Bordeaux-sorter. Han skaffade ving\u00e5rdar i Rutherford, Oakville, Stags Leap District och Oak Knoll District \u2013 alla ving\u00e5rdar som skulle bidra till Insignia och Phelps andra r\u00f6da viner.<\/p>\n<p>N\u00e4r Joe b\u00f6rjade \u00e5ldras flyttade Bill Phelps till Napa Valley 1998 och tog l\u00e5ngsamt kontroll, \u00e4ven om Joe fortfarande var en del av de dagliga uppgifterna. 2008 blev Bill direkt\u00f6r och alla fyra av Joes barn fick platser i styrelsen. Under Bills ledning, men med Joe i n\u00e4ra samarbete, flyttade de in i ny terroir med Pinot Noir och Chardonnay fr\u00e5n familje\u00e4gda ving\u00e5rdar p\u00e5 den v\u00e4stra Sonoma-kusten.<\/p>\n<p>Idag \u00e4ger familjen Phelps 425 tunnland ving\u00e5rdar i Napa Valley. Varje ving\u00e5rd \u00e4r noga utvald och har sin egen personlighet som ger sin egen touch till vinerna.<\/p>\n","protected":false},"excerpt":{"rendered":"<p>Napa Valley &#8211; Estate Grown USA<\/p>\n","protected":false},"featured_media":50817,"template":"","meta":{"_acf_changed":false,"rs_blank_template":"","rs_page_bg_color":"","slide_template_v7":""},"product_brand":[],"product_cat":[7705,2788,2798],"product_tag":[],"class_list":{"0":"post-50803","1":"product","2":"type-product","3":"status-publish","4":"has-post-thumbnail","6":"product_cat-fine-wine-sv","7":"product_cat-vin-sv","8":"product_cat-roedvin-sv","9":"pa_aargang-2019-sv","10":"pa_drue-cabernet-sauvignon-sv","11":"pa_land-usa-sv","12":"pa_procent-14-5-sv","13":"pa_producent-joseph-phelps-vineyards-sv","14":"pa_region-napa-valley-sv","15":"pa_serveringstemperatur-18-20-sv","16":"pa_volume-75-sv","18":"first","19":"instock","20":"taxable","21":"shipping-taxable","22":"purchasable","23":"product-type-simple"},"bundled_by":[],"bundle_stock_status":"instock","bundle_stock_quantity":null,"bundle_virtual":false,"bundle_layout":"","bundle_add_to_cart_form_location":"","bundle_editable_in_cart":false,"bundle_sold_individually_context":"","bundle_item_grouping":"","bundle_min_size":"","bundle_max_size":"","bundle_price":[],"bundled_items":[],"bundle_sell_ids":[],"acf":[],"_links":{"self":[{"href":"https:\/\/www.raschvin.com\/sv\/wp-json\/wp\/v2\/product\/50803","targetHints":{"allow":["GET"]}}],"collection":[{"href":"https:\/\/www.raschvin.com\/sv\/wp-json\/wp\/v2\/product"}],"about":[{"href":"https:\/\/www.raschvin.com\/sv\/wp-json\/wp\/v2\/types\/product"}],"wp:featuredmedia":[{"embeddable":true,"href":"https:\/\/www.raschvin.com\/sv\/wp-json\/wp\/v2\/media\/50817"}],"wp:attachment":[{"href":"https:\/\/www.raschvin.com\/sv\/wp-json\/wp\/v2\/media?parent=50803"}],"wp:term":[{"taxonomy":"product_brand","embeddable":true,"href":"https:\/\/www.raschvin.com\/sv\/wp-json\/wp\/v2\/product_brand?post=50803"},{"taxonomy":"product_cat","embeddable":true,"href":"https:\/\/www.raschvin.com\/sv\/wp-json\/wp\/v2\/product_cat?post=50803"},{"taxonomy":"product_tag","embeddable":true,"href":"https:\/\/www.raschvin.com\/sv\/wp-json\/wp\/v2\/product_tag?post=50803"}],"curies":[{"name":"wp","href":"https:\/\/api.w.org\/{rel}","templated":true}]}}