{"id":50487,"date":"2025-08-20T08:22:01","date_gmt":"2025-08-20T06:22:01","guid":{"rendered":"https:\/\/www.raschvin.com\/produkt\/petite-petit-star-of-the-show-lodi-2019-75-cl\/"},"modified":"2025-08-20T08:28:47","modified_gmt":"2025-08-20T06:28:47","slug":"petite-petit-star-of-the-show-lodi-2019-75-cl","status":"publish","type":"product","link":"https:\/\/www.raschvin.com\/sv\/produkt\/petite-petit-star-of-the-show-lodi-2019-75-cl\/","title":{"rendered":"Freakshow Petite Petit Lodi 2022 75 cl."},"content":{"rendered":"<p>AMERICAN WINERY OF THE YEAR 2020 \u2013 WINE ENTHUSIAST!<br \/>\nDe tv\u00e5 br\u00f6derna Michael och David kallar vinet \u201dStar of the Show\u201d. Med en etikett som f\u00f6r tankarna till gl\u00e4dje och lekfullhet f\u00e5r du h\u00e4r en l\u00e4cker vinupplevelse med massor av kraft och karakt\u00e4r.<br \/>\nPassar till: Vilt, Pasta och pizza, Kraftiga ostar, R\u00f6tt k\u00f6tt<br \/>\nGrand Gold \u2013 C.M.B. 2025 (26-06-2025)<br \/>\nDenna prestigefyllda utm\u00e4rkelse visar att det handlar om vin av h\u00f6gsta kvalitet och speglar v\u00e5rt engagemang f\u00f6r att leverera exceptionella produkter.<br \/>\nElegant och fyllig<br \/>\nBr\u00f6derna kallar detta vin \u201dStar of the Show\u201d, och etiketten f\u00f6rmedlar k\u00e4nslan av gl\u00e4dje och lek. H\u00e4r m\u00f6ts bl\u00e5b\u00e4r och plommon i elegant harmoni, avrundat med toner av blommor och vanilj fr\u00e5n 16 m\u00e5naders lagring p\u00e5 ekfat.<br \/>\nVinet \u00e4r fylligt och l\u00e4ckert, med en elegant s\u00f6tma och kryddighet fr\u00e5n lagringen p\u00e5 ekfat.<br \/>\nNjut av vinet till r\u00f6tt k\u00f6tt, vilt eller lagrade ostar.<br \/>\nServeringstemperatur: 16\u201318 \u00b0C<br \/>\nFramst\u00e4llning<br \/>\nPetite Petit \u00e4r \u2013 som namnet antyder \u2013 gjort p\u00e5 de tv\u00e5 druvorna Petite Sirah och Petit Verdot. B\u00e5da trivs mycket v\u00e4l i Lodi under dess medelhavsklimat.<br \/>\nOm Producenten<br \/>\nAMERICAN WINERY OF THE YEAR 2020 \u2013 WINE ENTHUSIAST<br \/>\nBr\u00f6derna Michael och David Phillips h\u00e4rstammar fr\u00e5n en familj av jordbrukare som har odlat druvor i Lodi i Kalifornien i n\u00e4stan ett sekel. Idag \u00e4r familjef\u00f6retaget utvidgat till 6:e generationen med Kevin Phillips och Melissa Phillips Stroud. Familjen forts\u00e4tter traditionen att producera viner av h\u00f6g kvalitet med i\u00f6gonfallande och unika etiketter.<br \/>\nMichael David Winery bedriver jordbruk med respekt f\u00f6r kommande generationer och har inf\u00f6rt n\u00e5gra av de mest progressiva och h\u00e5llbara jordbruksmetoderna i Kalifornien. Familjen odlar vin p\u00e5 300 hektar, och sedan \u00e5rg\u00e5ng 2011 \u00e4r alla Lodi-druvor fr\u00e5n Michael David Winery certifierat h\u00e5llbara.<\/p>\n","protected":false},"excerpt":{"rendered":"<p>Michael David Winery \u2013 USA<\/p>\n","protected":false},"featured_media":94983,"template":"","meta":{"_acf_changed":false,"rs_blank_template":"","rs_page_bg_color":"","slide_template_v7":""},"product_brand":[],"product_cat":[2788,2798],"product_tag":[],"class_list":{"0":"post-50487","1":"product","2":"type-product","3":"status-publish","4":"has-post-thumbnail","6":"product_cat-vin-sv","7":"product_cat-roedvin-sv","8":"pa_aargang-2022-sv","9":"pa_drue-petit-verdot-sv","10":"pa_drue-petite-sirah-sv","11":"pa_land-usa-sv","12":"pa_procent-14-5-sv","13":"pa_producent-michael-david-winery-sv","14":"pa_region-lodi-sv","15":"pa_serveringstemperatur-16-18-sv","16":"pa_traefad-french-oak-sv","17":"pa_volume-75-sv","19":"first","20":"instock","21":"sale","22":"taxable","23":"shipping-taxable","24":"purchasable","25":"product-type-simple"},"bundled_by":[],"bundle_stock_status":"instock","bundle_stock_quantity":null,"bundle_virtual":false,"bundle_layout":"","bundle_add_to_cart_form_location":"","bundle_editable_in_cart":false,"bundle_sold_individually_context":"","bundle_item_grouping":"","bundle_min_size":"","bundle_max_size":"","bundle_price":[],"bundled_items":[],"bundle_sell_ids":[],"acf":[],"_links":{"self":[{"href":"https:\/\/www.raschvin.com\/sv\/wp-json\/wp\/v2\/product\/50487","targetHints":{"allow":["GET"]}}],"collection":[{"href":"https:\/\/www.raschvin.com\/sv\/wp-json\/wp\/v2\/product"}],"about":[{"href":"https:\/\/www.raschvin.com\/sv\/wp-json\/wp\/v2\/types\/product"}],"wp:featuredmedia":[{"embeddable":true,"href":"https:\/\/www.raschvin.com\/sv\/wp-json\/wp\/v2\/media\/94983"}],"wp:attachment":[{"href":"https:\/\/www.raschvin.com\/sv\/wp-json\/wp\/v2\/media?parent=50487"}],"wp:term":[{"taxonomy":"product_brand","embeddable":true,"href":"https:\/\/www.raschvin.com\/sv\/wp-json\/wp\/v2\/product_brand?post=50487"},{"taxonomy":"product_cat","embeddable":true,"href":"https:\/\/www.raschvin.com\/sv\/wp-json\/wp\/v2\/product_cat?post=50487"},{"taxonomy":"product_tag","embeddable":true,"href":"https:\/\/www.raschvin.com\/sv\/wp-json\/wp\/v2\/product_tag?post=50487"}],"curies":[{"name":"wp","href":"https:\/\/api.w.org\/{rel}","templated":true}]}}