{"id":50481,"date":"2025-03-03T11:20:10","date_gmt":"2025-03-03T10:20:10","guid":{"rendered":"https:\/\/www.raschvin.com\/produkt\/freakshow-zinfandel-2019-75-cl\/"},"modified":"2025-10-04T08:41:21","modified_gmt":"2025-10-04T06:41:21","slug":"freakshow-zinfandel-2019-75-cl","status":"publish","type":"product","link":"https:\/\/www.raschvin.com\/sv\/produkt\/freakshow-zinfandel-2019-75-cl\/","title":{"rendered":"Freakshow Zinfandel 2022 75 cl."},"content":{"rendered":"<p>\u00c5RETS AMERIKANSKA WINERY 2020 &#8211; VINENTUSIAST! Den f\u00f6rf\u00f6riska eldsprutande konstn\u00e4ren avsl\u00f6jar en sida av Lodi Zinfandel som inte setts tidigare; fokuserat p\u00e5 att visa de tydliga rena fruktaromerna och kryddorna fr\u00e5n den ber\u00f6mda druvan fr\u00e5n Lodi.<\/p>\n<p>Bra p\u00e5:<br \/>\nGrill, starkt kryddade r\u00e4tter, ost &#8211; stark, ost &#8211; milt, r\u00f6tt k\u00f6tt<\/p>\n<p>L\u00c4CKRA OCH ENGAGERANDE<\/p>\n<p>Freakshow Zinfandel Lodi \u00e4r en l\u00e4cker fyllig men \u00e4nd\u00e5 elegant Zinfandel. Smaken \u00e4r f\u00f6rtjusande med katrinplommon och mogna b\u00e4r avslutade med kryddor. Eftersmaken \u00e4r rund och l\u00e4cker med h\u00e4rliga mjuka tanniner.<br \/>\nNjut av vinet till grillat k\u00f6tt, kryddiga r\u00e4tter eller till ost.<\/p>\n<p>Serveringstemperatur: 16-18\u00b0C<\/p>\n<p>Tillverkning<\/p>\n<p>Det finns ett nytt sp\u00e5r i Michael Davids &#8221;band of freaks&#8221;. Vi presenterar den fantastiska eld\u00e4taren Freakshow Zinfandel. Det \u00e4r det tredje sp\u00e5ret i Freakshows line-up och det \u00e4r en hyllning till Michael Davids r\u00f6tter i Lodi, en region k\u00e4nd f\u00f6r sina fantastiska Zinfandel-viner. Zinfandel \u00e4r ofta k\u00e4nd som en lite fr\u00e4ck och \u00f6verd\u00e5dig druvsort, men den kvinnliga eld\u00e4taren visar en mjukare och sexigare sida av druvan med denna l\u00e4tta typ av Zinfandel.<\/p>\n<p>Om tillverkaren<\/p>\n<p>\u00c5RETS AMERIKANSKA WINERY 2020 &#8211; VINENTUSIAST<\/p>\n<p>De tv\u00e5 br\u00f6derna Michael och David Phillips h\u00e4rstammar fr\u00e5n en familj av b\u00f6nder som har odlat druvor i Lodi-omr\u00e5det i Kalifornien i n\u00e4stan ett sekel. Idag har familjef\u00f6retaget ut\u00f6kats med 6:e generationen Kevin Phillips och Melissa Phillips Stroud. Familjen forts\u00e4tter traditionen att producera h\u00f6gkvalitativa viner med i\u00f6gonfallande och unika etiketter.<\/p>\n<p>Michael David Winery odlar med respekt f\u00f6r framtida generationer och har implementerat n\u00e5gra av de mest progressiva och h\u00e5llbara jordbruksmetoderna i Kalifornien. Familjen odlar vin p\u00e5 300 ha och fr\u00e5n och med \u00e5rg\u00e5ngen 2011 \u00e4r alla Lodi-druvor fr\u00e5n Michael David Winery certifierade h\u00e5llbara.<\/p>\n<p>Recensioner fr\u00e5n andra \u00e5r<\/p>\n<p>\u00c5r 2018<\/p>\n<p>  \u2014 DinVinGuide (2021-01-06)<br \/>\nEn blomstrande bas av ett vin mognat p\u00e5 begagnade, fr\u00e4mst amerikanska fat. Varm och kryddig n\u00e4sa. S\u00f6t i gommen med l\u00e4tt parfymerade toner, plommon, lakrits och vanilj. Fin struktur driven av frukten. Fin, l\u00e5ng, varm finish. Kanske lite uppsv\u00e4lld.<\/p>\n","protected":false},"excerpt":{"rendered":"<p>Michael David Winery \u2013 USA<\/p>\n","protected":false},"featured_media":83672,"template":"","meta":{"_acf_changed":false,"rs_blank_template":"","rs_page_bg_color":"","slide_template_v7":""},"product_brand":[],"product_cat":[2788,2798],"product_tag":[],"class_list":{"0":"post-50481","1":"product","2":"type-product","3":"status-publish","4":"has-post-thumbnail","6":"product_cat-vin-sv","7":"product_cat-roedvin-sv","8":"pa_aargang-2022-sv","9":"pa_drue-zinfandel-sv","10":"pa_land-usa-sv","11":"pa_procent-15-5-sv","12":"pa_producent-michael-david-winery-sv","13":"pa_region-lodi-sv","14":"pa_serveringstemperatur-16-18-sv","15":"pa_traefad-american-oak-sv","16":"pa_volume-75-sv","18":"first","19":"instock","20":"sale","21":"featured","22":"taxable","23":"shipping-taxable","24":"purchasable","25":"product-type-simple"},"bundled_by":["119768"],"bundle_stock_status":"instock","bundle_stock_quantity":null,"bundle_virtual":false,"bundle_layout":"","bundle_add_to_cart_form_location":"","bundle_editable_in_cart":false,"bundle_sold_individually_context":"","bundle_item_grouping":"","bundle_min_size":"","bundle_max_size":"","bundle_price":[],"bundled_items":[],"bundle_sell_ids":[],"acf":[],"_links":{"self":[{"href":"https:\/\/www.raschvin.com\/sv\/wp-json\/wp\/v2\/product\/50481","targetHints":{"allow":["GET"]}}],"collection":[{"href":"https:\/\/www.raschvin.com\/sv\/wp-json\/wp\/v2\/product"}],"about":[{"href":"https:\/\/www.raschvin.com\/sv\/wp-json\/wp\/v2\/types\/product"}],"wp:featuredmedia":[{"embeddable":true,"href":"https:\/\/www.raschvin.com\/sv\/wp-json\/wp\/v2\/media\/83672"}],"wp:attachment":[{"href":"https:\/\/www.raschvin.com\/sv\/wp-json\/wp\/v2\/media?parent=50481"}],"wp:term":[{"taxonomy":"product_brand","embeddable":true,"href":"https:\/\/www.raschvin.com\/sv\/wp-json\/wp\/v2\/product_brand?post=50481"},{"taxonomy":"product_cat","embeddable":true,"href":"https:\/\/www.raschvin.com\/sv\/wp-json\/wp\/v2\/product_cat?post=50481"},{"taxonomy":"product_tag","embeddable":true,"href":"https:\/\/www.raschvin.com\/sv\/wp-json\/wp\/v2\/product_tag?post=50481"}],"curies":[{"name":"wp","href":"https:\/\/api.w.org\/{rel}","templated":true}]}}