{"id":50478,"date":"2024-06-19T09:29:51","date_gmt":"2024-06-19T07:29:51","guid":{"rendered":"https:\/\/www.raschvin.com\/produkt\/freakshow-red-blend-syrah-petite-sirah-2020-75-cl\/"},"modified":"2025-10-04T08:24:49","modified_gmt":"2025-10-04T06:24:49","slug":"freakshow-red-blend-syrah-petite-sirah-2020-75-cl","status":"publish","type":"product","link":"https:\/\/www.raschvin.com\/sv\/produkt\/freakshow-red-blend-syrah-petite-sirah-2020-75-cl\/","title":{"rendered":"Freakshow Red Blend Syrah-Petite Sirah 2022 75 cl."},"content":{"rendered":"<p>\u00c5RETS AMERIKANSKA WINERY 2020 &#8211; VINENTUSIAST! Freakshow \u00e4r en l\u00e4cker mashup av m\u00e4nniskan m\u00f6ter vilda djur. Syrahs ot\u00e4mjda och mystiska charm f\u00f6rfinas genom att paras ihop med Petite Sirah. F\u00f6rbered dina smakl\u00f6kar f\u00f6r en gigantisk freakshow.<\/p>\n<p>Bra p\u00e5:<br \/>\nKyckling och kalkon, n\u00f6tk\u00f6tt, ost &#8211; starka, starkt kryddade r\u00e4tter, biff, grill<\/p>\n<p>MJUKT OCH HARMONISKT<\/p>\n<p>Freakshow Red Wine \u00e4r bj\u00f6rnb\u00e4r, rostade valn\u00f6tter och kaffeb\u00f6nor i en symfonisk pardans. Vinet k\u00e4nns silkeslent och smaken \u00e4r packad med mogna b\u00e4r, kola, m\u00f6rk choklad och en touch av tobak efter de 14 m\u00e5naderna p\u00e5 franska ekfat.<\/p>\n<p>Njut av vinet till en god grillad biff, kryddiga r\u00e4tter eller mogna ostar.<\/p>\n<p>Serveringstemperatur: 16-18\u00b0C<\/p>\n<p>Tillverkning<\/p>\n<p>Michael David Winery \u00e4r k\u00e4nd f\u00f6r att st\u00e4ndigt bryta ny mark och de tv\u00e5 br\u00f6derna tar inga genv\u00e4gar. Det g\u00e4ller allt fr\u00e5n deras distinkta varum\u00e4rken och i\u00f6gonfallande m\u00e4rken till deras excentriska personligheter. Michael och David agerar p\u00e5 sin egen scen och deras viner \u00e4r bra exempel p\u00e5 detta.<\/p>\n<p>Om tillverkaren<\/p>\n<p>\u00c5RETS AMERIKANSKA WINERY 2020 &#8211; VINENTUSIAST<\/p>\n<p>De tv\u00e5 br\u00f6derna Michael och David Phillips h\u00e4rstammar fr\u00e5n en familj av b\u00f6nder som har odlat druvor i Lodi-omr\u00e5det i Kalifornien i n\u00e4stan ett sekel. Idag har familjef\u00f6retaget ut\u00f6kats med 6:e generationen Kevin Phillips och Melissa Phillips Stroud. Familjen forts\u00e4tter traditionen att producera h\u00f6gkvalitativa viner med i\u00f6gonfallande och unika etiketter.<\/p>\n<p>Michael David Winery odlar med respekt f\u00f6r framtida generationer och har implementerat n\u00e5gra av de mest progressiva och h\u00e5llbara jordbruksmetoderna i Kalifornien. Familjen odlar vin p\u00e5 300 ha och fr\u00e5n och med \u00e5rg\u00e5ngen 2011 \u00e4r alla Lodi-druvor fr\u00e5n Michael David Winery certifierade h\u00e5llbara.<\/p>\n<p>Recensioner fr\u00e5n andra \u00e5r<\/p>\n<p>\u00c5r 2019<\/p>\n<p>  \u2014 Vinentusiast (2021-11-22)<br \/>\nSuperm\u00f6rk fruktsmak, m\u00e5ttliga tanniner och en sammetslen konsistens bidrar till en \u00f6verseende upplevelse i detta fylliga vin. Den levererar l\u00e4ckerhet med bra balans, fr\u00e5n sin bl\u00e4ckf\u00e4rg till m\u00e4ttade svartk\u00f6rsb\u00e4rs- och bl\u00e5b\u00e4rssmaker till en kvardr\u00f6jande finish.<\/p>\n","protected":false},"excerpt":{"rendered":"<p>Michael David Winery \u2013 USA<\/p>\n","protected":false},"featured_media":99645,"template":"","meta":{"_acf_changed":false,"rs_blank_template":"","rs_page_bg_color":"","slide_template_v7":""},"product_brand":[],"product_cat":[2788,2798],"product_tag":[],"class_list":{"0":"post-50478","1":"product","2":"type-product","3":"status-publish","4":"has-post-thumbnail","6":"product_cat-vin-sv","7":"product_cat-roedvin-sv","8":"pa_aargang-2022-sv","9":"pa_drue-petite-sirah-sv","10":"pa_drue-syrah-sv","11":"pa_land-usa-sv","12":"pa_procent-15-sv","13":"pa_producent-michael-david-winery-sv","14":"pa_region-lodi-sv","15":"pa_serveringstemperatur-16-18-sv","16":"pa_traefad-french-oak-sv","17":"pa_volume-75-sv","19":"first","20":"instock","21":"sale","22":"taxable","23":"shipping-taxable","24":"purchasable","25":"product-type-simple"},"bundled_by":[],"bundle_stock_status":"instock","bundle_stock_quantity":null,"bundle_virtual":false,"bundle_layout":"","bundle_add_to_cart_form_location":"","bundle_editable_in_cart":false,"bundle_sold_individually_context":"","bundle_item_grouping":"","bundle_min_size":"","bundle_max_size":"","bundle_price":[],"bundled_items":[],"bundle_sell_ids":[],"acf":[],"_links":{"self":[{"href":"https:\/\/www.raschvin.com\/sv\/wp-json\/wp\/v2\/product\/50478","targetHints":{"allow":["GET"]}}],"collection":[{"href":"https:\/\/www.raschvin.com\/sv\/wp-json\/wp\/v2\/product"}],"about":[{"href":"https:\/\/www.raschvin.com\/sv\/wp-json\/wp\/v2\/types\/product"}],"wp:featuredmedia":[{"embeddable":true,"href":"https:\/\/www.raschvin.com\/sv\/wp-json\/wp\/v2\/media\/99645"}],"wp:attachment":[{"href":"https:\/\/www.raschvin.com\/sv\/wp-json\/wp\/v2\/media?parent=50478"}],"wp:term":[{"taxonomy":"product_brand","embeddable":true,"href":"https:\/\/www.raschvin.com\/sv\/wp-json\/wp\/v2\/product_brand?post=50478"},{"taxonomy":"product_cat","embeddable":true,"href":"https:\/\/www.raschvin.com\/sv\/wp-json\/wp\/v2\/product_cat?post=50478"},{"taxonomy":"product_tag","embeddable":true,"href":"https:\/\/www.raschvin.com\/sv\/wp-json\/wp\/v2\/product_tag?post=50478"}],"curies":[{"name":"wp","href":"https:\/\/api.w.org\/{rel}","templated":true}]}}